{"id":1273,"date":"2021-06-01T12:26:53","date_gmt":"2021-06-01T12:26:53","guid":{"rendered":"https:\/\/nipa-store.com\/cl\/?page_id=1273"},"modified":"2022-06-08T11:32:14","modified_gmt":"2022-06-08T11:32:14","slug":"guia-de-tallas","status":"publish","type":"page","link":"https:\/\/nipa-store.com\/cl\/guia-de-tallas\/","title":{"rendered":"Gu\u00eda de Tallas"},"content":{"rendered":"<div class=\"row\"  id=\"row-1844586437\">\n\n\t<div id=\"col-387503763\" class=\"col medium-7 small-12 large-7\"  >\n\t\t\t\t<div class=\"col-inner\"  >\n\t\t\t\n\t\t\t\n<h2 style=\"text-align: left;\"><span style=\"font-size: 85%;\">\u00bfC\u00f3mo estimar t\u00fa talla?<\/span><\/h2>\n<p style=\"text-align: left;\"><span style=\"font-size: 85%;\">El m\u00e9todo m\u00e1s simple de estimar tu talla es a partir de la medida del largo de tus pies; y una forma f\u00e1cil de hacerlo es utilizando una hoja de papel, una regla y un l\u00e1piz. Una vez que tengas esto, sigue estos pasos:<\/span><\/p>\n<ol>\n<li style=\"text-align: left;\"><span style=\"font-size: 85%;\">Pon la hoja de papel sobre el piso, con uno de sus bordes pegado a la pared.<\/span><\/li>\n<li style=\"text-align: left;\"><span style=\"font-size: 85%;\">Parate sobre la hoja de papel, con los talones pegados a la pared, y con tu peso repartido de forma pareja sobre ambos pies.<\/span><\/li>\n<li style=\"text-align: left;\"><span style=\"font-size: 85%;\">Pidele a alguien que marque con el l\u00e1piz, en la hoja, hasta donde llega tu dedo m\u00e1s largo.<\/span><\/li>\n<li style=\"text-align: left;\"><span style=\"font-size: 85%;\">Luego toma la hoja y mide con la regla los cent\u00edmetros de distancia desde el borde de la hoja (que estaba pegada contra la pared) a la marca.<\/span><\/li>\n<\/ol>\n<p style=\"text-align: left;\"><strong><span style=\"font-size: 85%;\"><em>Es importante medir ambos pies y elegir el tama\u00f1o mayor (muy pocas personas tienen pies id\u00e9nticos).<\/em><\/span><\/strong><\/p>\n\t\t<\/div>\n\t\t\t\t\t<\/div>\n\n\t\n\n\t<div id=\"col-2098972100\" class=\"col medium-5 small-12 large-5\"  >\n\t\t\t\t<div class=\"col-inner\"  >\n\t\t\t\n\t\t\t\n<p><img decoding=\"async\" class=\"alignnone size-medium wp-image-2616 aligncenter\" src=\"https:\/\/nipa-store.com\/cl\/wp-content\/uploads\/sites\/7\/2020\/05\/guia-de-talles-357x400.png\" alt=\"guia de talles alpargatas nipa\" width=\"357\" height=\"400\" title=\"Alpargata -\" srcset=\"https:\/\/nipa-store.com\/cl\/wp-content\/uploads\/sites\/7\/2020\/05\/guia-de-talles-357x400.png 357w, https:\/\/nipa-store.com\/cl\/wp-content\/uploads\/sites\/7\/2020\/05\/guia-de-talles-578x648.png 578w, https:\/\/nipa-store.com\/cl\/wp-content\/uploads\/sites\/7\/2020\/05\/guia-de-talles.png 677w\" sizes=\"(max-width: 357px) 100vw, 357px\" \/><\/p>\n\t\t<\/div>\n\t\t\t\t\t<\/div>\n\n\t\n\n<style>\n#row-1844586437 > .col > .col-inner {\n  padding: 72px 0px 0px 0px;\n}\n<\/style>\n<\/div>\n","protected":false},"excerpt":{"rendered":"","protected":false},"author":1,"featured_media":0,"parent":0,"menu_order":0,"comment_status":"closed","ping_status":"closed","template":"","meta":{"_joinchat":[],"footnotes":""},"class_list":["post-1273","page","type-page","status-publish","hentry"],"_links":{"self":[{"href":"https:\/\/nipa-store.com\/cl\/wp-json\/wp\/v2\/pages\/1273","targetHints":{"allow":["GET"]}}],"collection":[{"href":"https:\/\/nipa-store.com\/cl\/wp-json\/wp\/v2\/pages"}],"about":[{"href":"https:\/\/nipa-store.com\/cl\/wp-json\/wp\/v2\/types\/page"}],"author":[{"embeddable":true,"href":"https:\/\/nipa-store.com\/cl\/wp-json\/wp\/v2\/users\/1"}],"replies":[{"embeddable":true,"href":"https:\/\/nipa-store.com\/cl\/wp-json\/wp\/v2\/comments?post=1273"}],"version-history":[{"count":12,"href":"https:\/\/nipa-store.com\/cl\/wp-json\/wp\/v2\/pages\/1273\/revisions"}],"predecessor-version":[{"id":2806,"href":"https:\/\/nipa-store.com\/cl\/wp-json\/wp\/v2\/pages\/1273\/revisions\/2806"}],"wp:attachment":[{"href":"https:\/\/nipa-store.com\/cl\/wp-json\/wp\/v2\/media?parent=1273"}],"curies":[{"name":"wp","href":"https:\/\/api.w.org\/{rel}","templated":true}]}}