{"id":84,"date":"2013-08-11T20:13:42","date_gmt":"2013-08-11T20:13:42","guid":{"rendered":"http:\/\/localhost:8888\/test\/?page_id=545"},"modified":"2022-06-23T11:20:21","modified_gmt":"2022-06-23T11:20:21","slug":"faq","status":"publish","type":"page","link":"https:\/\/nipa-store.com\/cl\/faq\/","title":{"rendered":"FAQ"},"content":{"rendered":"<div class=\"row\"  id=\"row-602659263\">\n\n\t<div id=\"col-1359929275\" class=\"col large-12\"  >\n\t\t\t\t<div class=\"col-inner\"  >\n\t\t\t\n\t\t\t\n\t<div id=\"gap-2130903082\" class=\"gap-element clearfix\" style=\"display:block; height:auto;\">\n\t\t\n<style>\n#gap-2130903082 {\n  padding-top: 60px;\n}\n<\/style>\n\t<\/div>\n\t\n<div class=\"container section-title-container\" ><h3 class=\"section-title section-title-normal\"><b><\/b><span class=\"section-title-main\" >Preguntas Frecuentes<\/span><b><\/b><\/h3><\/div>\n\t<div id=\"gap-969607056\" class=\"gap-element clearfix\" style=\"display:block; height:auto;\">\n\t\t\n<style>\n#gap-969607056 {\n  padding-top: 30px;\n}\n<\/style>\n\t<\/div>\n\t\n<p><strong>SOBRE EL PAGO Y EL ENV\u00cdO<\/strong><\/p>\n<div class=\"accordion\">\n<div id=\"accordion-1953525456\" class=\"accordion-item\"><a id=\"accordion-1953525456-label\" href=\"#\" class=\"accordion-title plain\" aria-expanded=\"false\" aria-controls=\"accordion-1953525456-content\"><button class=\"toggle\" aria-label=\"Toggle\"><i class=\"icon-angle-down\"><\/i><\/button><span>\u00bfQu\u00e9 formas de pago puedo aprovechar para realizar mi compra?<\/span><\/a><div id=\"accordion-1953525456-content\" class=\"accordion-inner\" aria-labelledby=\"accordion-1953525456-label\">\n<p>Compr\u00e1 tus Alpargatas nipa de manera segura con <strong>MERCADOPAGO<\/strong>.<br \/>Disponemos de los siguientes medios de pago:<\/p>\n\t<div class=\"img has-hover x md-x lg-x y md-y lg-y\" id=\"image_382069385\">\n\t\t\t\t\t\t\t\t<div class=\"img-inner dark\" style=\"margin:0px 0px 17px 0px;\">\n\t\t\t<img decoding=\"async\" width=\"440\" height=\"114\" src=\"https:\/\/nipa-store.com\/cl\/wp-content\/uploads\/sites\/7\/2022\/06\/logo-mercadopago.png\" class=\"attachment-large size-large\" alt=\"Alpargatas - -\" title=\"Alpargata -\">\t\t\t\t\t\t\n\t\t\t\t\t<\/div>\n\t\t\t\t\t\t\t\t\n<style>\n#image_382069385 {\n  width: 14%;\n}\n<\/style>\n\t<\/div>\n\t\n<p>Paga con el medio de pago que prefieras:<\/p>\n<p>TARJETAS DE D\u00c9BITO Y TARJETAS DE CR\u00c9DITO\u00a0<span style=\"background-color: #2ec74b; color: #ffffff;\"><strong><span class=\"mp-badge-checkout\">Hasta 3 cuotas<\/span><\/strong><\/span><\/p>\n\t<div class=\"img has-hover x md-x lg-x y md-y lg-y\" id=\"image_172024801\">\n\t\t\t\t\t\t\t\t<div class=\"img-inner dark\" style=\"margin:0px 0px 17px 0px;\">\n\t\t\t<img decoding=\"async\" width=\"558\" height=\"58\" src=\"https:\/\/nipa-store.com\/cl\/wp-content\/uploads\/sites\/7\/2022\/06\/Captura-de-Pantalla-2022-06-23-a-las-08.09.03.png\" class=\"attachment-large size-large\" alt=\"Alpargatas - -\" title=\"Alpargata -\">\t\t\t\t\t\t\n\t\t\t\t\t<\/div>\n\t\t\t\t\t\t\t\t\n<style>\n#image_172024801 {\n  width: 37%;\n}\n<\/style>\n\t<\/div>\n\t\n<p class=\"submp-title-checkout\">PAGOS EN EFECTIVO<\/p>\n\t<div class=\"img has-hover x md-x lg-x y md-y lg-y\" id=\"image_2146682595\">\n\t\t\t\t\t\t\t\t<div class=\"img-inner dark\" style=\"margin:0px 0px 17px 0px;\">\n\t\t\t<img decoding=\"async\" width=\"478\" height=\"378\" src=\"https:\/\/nipa-store.com\/cl\/wp-content\/uploads\/sites\/7\/2022\/06\/webpay_logo.png\" class=\"attachment-large size-large\" alt=\"Alpargatas - -\" title=\"Alpargata -\">\t\t\t\t\t\t\n\t\t\t\t\t<\/div>\n\t\t\t\t\t\t\t\t\n<style>\n#image_2146682595 {\n  width: 4%;\n}\n<\/style>\n\t<\/div>\n\t\n<\/div><\/div>\n<div id=\"accordion-1573357231\" class=\"accordion-item\"><a id=\"accordion-1573357231-label\" href=\"#\" class=\"accordion-title plain\" aria-expanded=\"false\" aria-controls=\"accordion-1573357231-content\"><button class=\"toggle\" aria-label=\"Toggle\"><i class=\"icon-angle-down\"><\/i><\/button><span>\u00bfCu\u00e1l es el costo de env\u00edo?<\/span><\/a><div id=\"accordion-1573357231-content\" class=\"accordion-inner\" aria-labelledby=\"accordion-1573357231-label\">\n<p>El costo de env\u00edo ser\u00e1 mostrado en base al total de la compra y ubicaci\u00f3n, en el checkout, en el momento previo a la compra.<\/p>\n<\/div><\/div>\n<div id=\"accordion-827964586\" class=\"accordion-item\"><a id=\"accordion-827964586-label\" href=\"#\" class=\"accordion-title plain\" aria-expanded=\"false\" aria-controls=\"accordion-827964586-content\"><button class=\"toggle\" aria-label=\"Toggle\"><i class=\"icon-angle-down\"><\/i><\/button><span>\u00bfD\u00f3nde puedo recibir mi pedido?<\/span><\/a><div id=\"accordion-827964586-content\" class=\"accordion-inner\" aria-labelledby=\"accordion-827964586-label\">\n<p>\u00a1Enviamos a todo Chile!<\/p>\n<\/div><\/div>\n<div id=\"accordion-859450589\" class=\"accordion-item\"><a id=\"accordion-859450589-label\" href=\"#\" class=\"accordion-title plain\" aria-expanded=\"false\" aria-controls=\"accordion-859450589-content\"><button class=\"toggle\" aria-label=\"Toggle\"><i class=\"icon-angle-down\"><\/i><\/button><span>\u00bfCu\u00e1nto tarda en llegar el pedido?<\/span><\/a><div id=\"accordion-859450589-content\" class=\"accordion-inner\" aria-labelledby=\"accordion-859450589-label\">\n<p>El tiempo de entrega es de 24-48hs h\u00e1biles luego de acreditado el pago.<\/p>\n<\/div><\/div>\n<div id=\"accordion-2820382471\" class=\"accordion-item\"><a id=\"accordion-2820382471-label\" href=\"#\" class=\"accordion-title plain\" aria-expanded=\"false\" aria-controls=\"accordion-2820382471-content\"><button class=\"toggle\" aria-label=\"Toggle\"><i class=\"icon-angle-down\"><\/i><\/button><span>\u00bfCu\u00e1l es el plazo para realizar un cambio?<\/span><\/a><div id=\"accordion-2820382471-content\" class=\"accordion-inner\" aria-labelledby=\"accordion-2820382471-label\">\n<p>Puedes solicitar un cambio hasta 15 d\u00edas luego de realizada la compra.<\/p>\n<\/div><\/div>\n<div id=\"accordion-1489262379\" class=\"accordion-item\"><a id=\"accordion-1489262379-label\" href=\"#\" class=\"accordion-title plain\" aria-expanded=\"false\" aria-controls=\"accordion-1489262379-content\"><button class=\"toggle\" aria-label=\"Toggle\"><i class=\"icon-angle-down\"><\/i><\/button><span>\u00bfQu\u00e9 debo hacer si el producto no llega en buen estado?<\/span><\/a><div id=\"accordion-1489262379-content\" class=\"accordion-inner\" aria-labelledby=\"accordion-1489262379-label\">\n<p>Ponerse en contacto con nosotros por e-mail a <strong><a href=\"mailto:nipachile@gmail.com\">nipachile@gmail.com<\/a><\/strong> explic\u00e1ndonos lo ocurrido,<\/p>\n<\/div><\/div>\n<div id=\"accordion-4532292\" class=\"accordion-item\"><a id=\"accordion-4532292-label\" href=\"#\" class=\"accordion-title plain\" aria-expanded=\"false\" aria-controls=\"accordion-4532292-content\"><button class=\"toggle\" aria-label=\"Toggle\"><i class=\"icon-angle-down\"><\/i><\/button><span>\u00bfPuedo retirar en persona?<\/span><\/a><div id=\"accordion-4532292-content\" class=\"accordion-inner\" aria-labelledby=\"accordion-4532292-label\">\n<p>Las compras con retiro en persona se deben coordinar previamente.<\/p>\n<\/div><\/div>\n<div id=\"accordion-1306040687\" class=\"accordion-item\"><a id=\"accordion-1306040687-label\" href=\"#\" class=\"accordion-title plain\" aria-expanded=\"false\" aria-controls=\"accordion-1306040687-content\"><button class=\"toggle\" aria-label=\"Toggle\"><i class=\"icon-angle-down\"><\/i><\/button><span>\u00bfPuede otra persona retirar en mi nombre?<\/span><\/a><div id=\"accordion-1306040687-content\" class=\"accordion-inner\" aria-labelledby=\"accordion-1306040687-label\">\n<p>Si. Deber\u00e1 llevar una autorizaci\u00f3n firmada por el comprador y su copia de RUT.<\/p>\n<\/div><\/div>\n<\/div>\n\t\t<\/div>\n\t\t\t\t\t<\/div>\n\n\t\n\n\t<div id=\"col-1513970505\" class=\"col large-12\"  >\n\t\t\t\t<div class=\"col-inner\"  >\n\t\t\t\n\t\t\t\n\t<div id=\"gap-1526003359\" class=\"gap-element clearfix\" style=\"display:block; height:auto;\">\n\t\t\n<style>\n#gap-1526003359 {\n  padding-top: 30px;\n}\n<\/style>\n\t<\/div>\n\t\n<p><strong>SOBRE EL PRODUCTO<\/strong><\/p>\n<div class=\"accordion\">\n<div id=\"accordion-65186475\" class=\"accordion-item\"><a id=\"accordion-65186475-label\" href=\"#\" class=\"accordion-title plain\" aria-expanded=\"false\" aria-controls=\"accordion-65186475-content\"><button class=\"toggle\" aria-label=\"Toggle\"><i class=\"icon-angle-down\"><\/i><\/button><span>\u00bfC\u00f3mo es el calce?<\/span><\/a><div id=\"accordion-65186475-content\" class=\"accordion-inner\" aria-labelledby=\"accordion-65186475-label\">\n<p>Nuestras telas permiten que las Nipa se amolden \/ adapten a diferentes tipos de pies en un lapso m\u00e1ximo de dos horas. Es un producto muy vers\u00e1til y anat\u00f3mico. Al momento de coloc\u00e1rtelo debes sentir el calce justo en puntera y en tal\u00f3n.<\/p>\n<p>Siempre escoger la misma talla que tu calzado habitual.<\/p>\n<\/div><\/div>\n<div id=\"accordion-3168671994\" class=\"accordion-item\"><a id=\"accordion-3168671994-label\" href=\"#\" class=\"accordion-title plain\" aria-expanded=\"false\" aria-controls=\"accordion-3168671994-content\"><button class=\"toggle\" aria-label=\"Toggle\"><i class=\"icon-angle-down\"><\/i><\/button><span>\u00bfPuedo cambiar talla o modelo?<\/span><\/a><div id=\"accordion-3168671994-content\" class=\"accordion-inner\" aria-labelledby=\"accordion-3168671994-label\">\n<p>Para gestionar un cambio de cualquier tipo, env\u00edanos mensaje por e-mail a <strong><a href=\"mailto:nipachile@gmail.com\">nipachile@gmail.com<\/a><\/strong><\/p>\n<\/div><\/div>\n<div id=\"accordion-2432521896\" class=\"accordion-item\"><a id=\"accordion-2432521896-label\" href=\"#\" class=\"accordion-title plain\" aria-expanded=\"false\" aria-controls=\"accordion-2432521896-content\"><button class=\"toggle\" aria-label=\"Toggle\"><i class=\"icon-angle-down\"><\/i><\/button><span>\u00bfC\u00f3mo lavo mis Nipa?<\/span><\/a><div id=\"accordion-2432521896-content\" class=\"accordion-inner\" aria-labelledby=\"accordion-2432521896-label\">\n<p>Tus Nipa deben lavarse a mano, con jab\u00f3n neutro y agua fr\u00eda. Dejarlas secar a la sombra de manera horizontal con la suela mirando el piso. De esta manera se conservar\u00e1n\u00a0colores, texturas\u00a0y tramas. Recuerda que es un calzado\u00a0delicado =)<\/p>\n<\/div><\/div>\n<\/div>\n\t\t<\/div>\n\t\t\t\t\t<\/div>\n\n\t\n\n\t<div id=\"col-202860486\" class=\"col large-12\"  >\n\t\t\t\t<div class=\"col-inner\"  >\n\t\t\t\n\t\t\t\n\t<div id=\"gap-458304989\" class=\"gap-element clearfix\" style=\"display:block; height:auto;\">\n\t\t\n<style>\n#gap-458304989 {\n  padding-top: 30px;\n}\n<\/style>\n\t<\/div>\n\t\n<p><strong>SOBRE VENTAS MAYORISTAS Y FRANQUICIAS<\/strong><\/p>\n<p>Para gestiones de este tipo env\u00edanos mensaje por e-mail a\u00a0<b><strong> <a href=\"mailto:nipachile@gmail.com\">nipachile@gmail.com<\/a><\/strong><\/b><\/p>\n\t<div id=\"gap-1179372799\" class=\"gap-element clearfix\" style=\"display:block; height:auto;\">\n\t\t\n<style>\n#gap-1179372799 {\n  padding-top: 30px;\n}\n<\/style>\n\t<\/div>\n\t\n\t\t<\/div>\n\t\t\t\t\t<\/div>\n\n\t\n\n<style>\n#row-602659263 > .col > .col-inner {\n  padding: 0px 0px 0px 0px;\n}\n<\/style>\n<\/div>\n","protected":false},"excerpt":{"rendered":"","protected":false},"author":1,"featured_media":0,"parent":0,"menu_order":0,"comment_status":"closed","ping_status":"closed","template":"","meta":{"_joinchat":[],"footnotes":""},"class_list":["post-84","page","type-page","status-publish","hentry"],"_links":{"self":[{"href":"https:\/\/nipa-store.com\/cl\/wp-json\/wp\/v2\/pages\/84","targetHints":{"allow":["GET"]}}],"collection":[{"href":"https:\/\/nipa-store.com\/cl\/wp-json\/wp\/v2\/pages"}],"about":[{"href":"https:\/\/nipa-store.com\/cl\/wp-json\/wp\/v2\/types\/page"}],"author":[{"embeddable":true,"href":"https:\/\/nipa-store.com\/cl\/wp-json\/wp\/v2\/users\/1"}],"replies":[{"embeddable":true,"href":"https:\/\/nipa-store.com\/cl\/wp-json\/wp\/v2\/comments?post=84"}],"version-history":[{"count":17,"href":"https:\/\/nipa-store.com\/cl\/wp-json\/wp\/v2\/pages\/84\/revisions"}],"predecessor-version":[{"id":3210,"href":"https:\/\/nipa-store.com\/cl\/wp-json\/wp\/v2\/pages\/84\/revisions\/3210"}],"wp:attachment":[{"href":"https:\/\/nipa-store.com\/cl\/wp-json\/wp\/v2\/media?parent=84"}],"curies":[{"name":"wp","href":"https:\/\/api.w.org\/{rel}","templated":true}]}}