{"id":3300,"date":"2022-07-10T19:36:04","date_gmt":"2022-07-10T19:36:04","guid":{"rendered":"https:\/\/nipa-store.com\/cl\/producto\/sin%20categorizar\/alpargata-basica-negra\/"},"modified":"2023-02-26T18:23:02","modified_gmt":"2023-02-26T18:23:02","slug":"alpargata-basica-negra","status":"publish","type":"product","link":"https:\/\/nipa-store.com\/cl\/producto\/alpargatas\/alpargata-basica-negra\/","title":{"rendered":"Alpargata Basica Negra"},"content":{"rendered":"<p>Tejido plano de loneta aprestada algod\u00f3n<br \/>Plantilla de pique<br \/>Ojal met\u00e1lico anti-transpirante<br \/>Suela de goma eva bicolor<br \/>Costuras reforzadas<br \/>Forreria 100% algod\u00f3n gris<br \/>Livianas menos de 250 gramos el par<br \/>Ajuste anat\u00f3mico a tus pies (calce ligeramente ancho)<br \/>Lavar a mano con jab\u00f3n neutro<\/p>\n","protected":false},"excerpt":{"rendered":"<p>Tejido plano de loneta aprestada algod\u00f3nPlantilla de piqueOjal met\u00e1lico anti-transpiranteSuela de goma eva bicolorCosturas reforzadasForreria 100% algod\u00f3n grisLivianas menos de 250 gramos el parAjuste anat\u00f3mico a tus pies (calce ligeramente ancho)Lavar a mano con jab\u00f3n neutro<\/p>\n","protected":false},"featured_media":3301,"template":"","meta":{"_joinchat":[]},"product_brand":[],"product_cat":[366],"product_tag":[],"class_list":{"0":"post-3300","1":"product","2":"type-product","3":"status-publish","4":"has-post-thumbnail","6":"product_cat-alpargatas","8":"first","9":"instock","10":"sale","11":"shipping-taxable","12":"purchasable","13":"product-type-variable","14":"has-default-attributes"},"_links":{"self":[{"href":"https:\/\/nipa-store.com\/cl\/wp-json\/wp\/v2\/product\/3300","targetHints":{"allow":["GET"]}}],"collection":[{"href":"https:\/\/nipa-store.com\/cl\/wp-json\/wp\/v2\/product"}],"about":[{"href":"https:\/\/nipa-store.com\/cl\/wp-json\/wp\/v2\/types\/product"}],"wp:featuredmedia":[{"embeddable":true,"href":"https:\/\/nipa-store.com\/cl\/wp-json\/wp\/v2\/media\/3301"}],"wp:attachment":[{"href":"https:\/\/nipa-store.com\/cl\/wp-json\/wp\/v2\/media?parent=3300"}],"wp:term":[{"taxonomy":"product_brand","embeddable":true,"href":"https:\/\/nipa-store.com\/cl\/wp-json\/wp\/v2\/product_brand?post=3300"},{"taxonomy":"product_cat","embeddable":true,"href":"https:\/\/nipa-store.com\/cl\/wp-json\/wp\/v2\/product_cat?post=3300"},{"taxonomy":"product_tag","embeddable":true,"href":"https:\/\/nipa-store.com\/cl\/wp-json\/wp\/v2\/product_tag?post=3300"}],"curies":[{"name":"wp","href":"https:\/\/api.w.org\/{rel}","templated":true}]}}