{"id":3385,"date":"2022-07-10T19:36:46","date_gmt":"2022-07-10T19:36:46","guid":{"rendered":"https:\/\/nipa-store.com\/cl\/producto\/sin%20categorizar\/alpargata-clasica-rosa\/"},"modified":"2023-11-15T21:13:39","modified_gmt":"2023-11-15T21:13:39","slug":"alpargata-clasica-rosa","status":"publish","type":"product","link":"https:\/\/nipa-store.com\/cl\/producto\/alpargatas\/alpargata-clasica-rosa\/","title":{"rendered":"Alpargata Clasica Rosa"},"content":{"rendered":"<p>Tejido plano de algod\u00f3n<br \/>Plantilla de pique removible<br \/>Suela de goma eva bicolor<br \/>Costuras reforzadas<br \/>Forreria 100% algod\u00f3n<br \/>Producto vegano<br \/>Menos de 250 gr. el par<br \/>Ajuste anat\u00f3mico a tus pies<br \/>Lavar a mano con jab\u00f3n neutro<\/p>\n","protected":false},"excerpt":{"rendered":"<p>Tejido plano de algod\u00f3nPlantilla de pique removibleSuela de goma eva bicolorCosturas reforzadasForreria 100% algod\u00f3nProducto veganoMenos de 250 gr. el parAjuste anat\u00f3mico a tus piesLavar a mano con jab\u00f3n neutro<\/p>\n","protected":false},"featured_media":3668,"template":"","meta":{"_joinchat":[]},"product_brand":[],"product_cat":[366],"product_tag":[],"class_list":{"0":"post-3385","1":"product","2":"type-product","3":"status-publish","4":"has-post-thumbnail","6":"product_cat-alpargatas","8":"first","9":"instock","10":"sale","11":"shipping-taxable","12":"purchasable","13":"product-type-variable","14":"has-default-attributes"},"_links":{"self":[{"href":"https:\/\/nipa-store.com\/cl\/wp-json\/wp\/v2\/product\/3385","targetHints":{"allow":["GET"]}}],"collection":[{"href":"https:\/\/nipa-store.com\/cl\/wp-json\/wp\/v2\/product"}],"about":[{"href":"https:\/\/nipa-store.com\/cl\/wp-json\/wp\/v2\/types\/product"}],"wp:featuredmedia":[{"embeddable":true,"href":"https:\/\/nipa-store.com\/cl\/wp-json\/wp\/v2\/media\/3668"}],"wp:attachment":[{"href":"https:\/\/nipa-store.com\/cl\/wp-json\/wp\/v2\/media?parent=3385"}],"wp:term":[{"taxonomy":"product_brand","embeddable":true,"href":"https:\/\/nipa-store.com\/cl\/wp-json\/wp\/v2\/product_brand?post=3385"},{"taxonomy":"product_cat","embeddable":true,"href":"https:\/\/nipa-store.com\/cl\/wp-json\/wp\/v2\/product_cat?post=3385"},{"taxonomy":"product_tag","embeddable":true,"href":"https:\/\/nipa-store.com\/cl\/wp-json\/wp\/v2\/product_tag?post=3385"}],"curies":[{"name":"wp","href":"https:\/\/api.w.org\/{rel}","templated":true}]}}