{"id":3557,"date":"2022-07-11T00:46:43","date_gmt":"2022-07-11T00:46:43","guid":{"rendered":"https:\/\/nipa-store.com\/cl\/producto\/sin%20categorizar\/alpargata-clasica-combineta-laboulaye\/"},"modified":"2024-01-09T19:50:36","modified_gmt":"2024-01-09T19:50:36","slug":"alpargata-clasica-combineta-laboulaye","status":"publish","type":"product","link":"https:\/\/nipa-store.com\/cl\/producto\/alpargatas\/alpargata-clasica-combineta-laboulaye\/","title":{"rendered":"Alpargata Clasica Combineta Laboulaye"},"content":{"rendered":"<p>Tejido plano de algod\u00f3n<br \/>\nPlantilla de pique removible<br \/>\nSuela de goma eva bicolor<br \/>\nCosturas reforzadas<br \/>\nForreria 100% algod\u00f3n<br \/>\nProducto vegano<br \/>\nMenos de 250 gr. el par<br \/>\nAjuste anat\u00f3mico a tus pies<br \/>\nLavar a mano con jab\u00f3n neutro<\/p>\n","protected":false},"excerpt":{"rendered":"<p>Tejido plano de algod\u00f3n Plantilla de pique removible Suela de goma eva bicolor Costuras reforzadas Forreria 100% algod\u00f3n Producto vegano Menos de 250 gr. el par Ajuste anat\u00f3mico a tus pies Lavar a mano con jab\u00f3n neutro<\/p>\n","protected":false},"featured_media":3558,"template":"","meta":{"_joinchat":[]},"product_brand":[],"product_cat":[366],"product_tag":[],"class_list":{"0":"post-3557","1":"product","2":"type-product","3":"status-publish","4":"has-post-thumbnail","6":"product_cat-alpargatas","8":"first","9":"instock","10":"sale","11":"shipping-taxable","12":"purchasable","13":"product-type-variable","14":"has-default-attributes"},"_links":{"self":[{"href":"https:\/\/nipa-store.com\/cl\/wp-json\/wp\/v2\/product\/3557","targetHints":{"allow":["GET"]}}],"collection":[{"href":"https:\/\/nipa-store.com\/cl\/wp-json\/wp\/v2\/product"}],"about":[{"href":"https:\/\/nipa-store.com\/cl\/wp-json\/wp\/v2\/types\/product"}],"wp:featuredmedia":[{"embeddable":true,"href":"https:\/\/nipa-store.com\/cl\/wp-json\/wp\/v2\/media\/3558"}],"wp:attachment":[{"href":"https:\/\/nipa-store.com\/cl\/wp-json\/wp\/v2\/media?parent=3557"}],"wp:term":[{"taxonomy":"product_brand","embeddable":true,"href":"https:\/\/nipa-store.com\/cl\/wp-json\/wp\/v2\/product_brand?post=3557"},{"taxonomy":"product_cat","embeddable":true,"href":"https:\/\/nipa-store.com\/cl\/wp-json\/wp\/v2\/product_cat?post=3557"},{"taxonomy":"product_tag","embeddable":true,"href":"https:\/\/nipa-store.com\/cl\/wp-json\/wp\/v2\/product_tag?post=3557"}],"curies":[{"name":"wp","href":"https:\/\/api.w.org\/{rel}","templated":true}]}}