{"id":3609,"date":"2022-07-11T20:35:41","date_gmt":"2022-07-11T20:35:41","guid":{"rendered":"https:\/\/nipa-store.com\/cl\/producto\/sin%20categorizar\/sandalia-rayas-azul\/"},"modified":"2023-01-25T21:54:36","modified_gmt":"2023-01-25T21:54:36","slug":"sandalia-rayas-azul","status":"publish","type":"product","link":"https:\/\/nipa-store.com\/cl\/producto\/sandalias\/sandalia-rayas-azul\/","title":{"rendered":"Sandalia Rayas Azul"},"content":{"rendered":"<p>Tejido plano de algod\u00f3n (loneta)<br \/>Plantilla de cuero sint\u00e9tico<br \/>Suela de goma eva con vira de yute trenzado<br \/>Costuras reforzadas<br \/>Forreria 100% algod\u00f3n<br \/>Producto vegano<br \/>Menos de 250 gr. el par<br \/>Ajuste anat\u00f3mico a tus pies por sus el\u00e1sticos en tal\u00f3n y capellada<br \/>Lavar a mano con jab\u00f3n neutro<\/p>\n","protected":false},"excerpt":{"rendered":"<p>Tejido plano de algod\u00f3n (loneta)Plantilla de cuero sint\u00e9ticoSuela de goma eva con vira de yute trenzadoCosturas reforzadasForreria 100% algod\u00f3nProducto veganoMenos de 250 gr. el parAjuste anat\u00f3mico a tus pies por sus el\u00e1sticos en tal\u00f3n y capelladaLavar a mano con jab\u00f3n neutro<\/p>\n","protected":false},"featured_media":3610,"template":"","meta":{"_joinchat":[]},"product_brand":[],"product_cat":[374],"product_tag":[],"class_list":{"0":"post-3609","1":"product","2":"type-product","3":"status-publish","4":"has-post-thumbnail","6":"product_cat-sandalias","8":"first","9":"instock","10":"sale","11":"shipping-taxable","12":"purchasable","13":"product-type-variable","14":"has-default-attributes"},"_links":{"self":[{"href":"https:\/\/nipa-store.com\/cl\/wp-json\/wp\/v2\/product\/3609","targetHints":{"allow":["GET"]}}],"collection":[{"href":"https:\/\/nipa-store.com\/cl\/wp-json\/wp\/v2\/product"}],"about":[{"href":"https:\/\/nipa-store.com\/cl\/wp-json\/wp\/v2\/types\/product"}],"wp:featuredmedia":[{"embeddable":true,"href":"https:\/\/nipa-store.com\/cl\/wp-json\/wp\/v2\/media\/3610"}],"wp:attachment":[{"href":"https:\/\/nipa-store.com\/cl\/wp-json\/wp\/v2\/media?parent=3609"}],"wp:term":[{"taxonomy":"product_brand","embeddable":true,"href":"https:\/\/nipa-store.com\/cl\/wp-json\/wp\/v2\/product_brand?post=3609"},{"taxonomy":"product_cat","embeddable":true,"href":"https:\/\/nipa-store.com\/cl\/wp-json\/wp\/v2\/product_cat?post=3609"},{"taxonomy":"product_tag","embeddable":true,"href":"https:\/\/nipa-store.com\/cl\/wp-json\/wp\/v2\/product_tag?post=3609"}],"curies":[{"name":"wp","href":"https:\/\/api.w.org\/{rel}","templated":true}]}}