{"id":3651,"date":"2022-07-11T20:36:01","date_gmt":"2022-07-11T20:36:01","guid":{"rendered":"https:\/\/nipa-store.com\/cl\/producto\/sin%20categorizar\/sandalia-arena\/"},"modified":"2023-11-15T21:05:30","modified_gmt":"2023-11-15T21:05:30","slug":"sandalia-arena","status":"publish","type":"product","link":"https:\/\/nipa-store.com\/cl\/producto\/sandalias\/sandalia-arena\/","title":{"rendered":"Sandalia Arena"},"content":{"rendered":"<p>Tejido plano de algod\u00f3n (loneta)<br \/>\nPlantilla de cuero sint\u00e9tico<br \/>\nSuela de goma eva con vira de yute trenzado<br \/>\nCosturas reforzadas<br \/>\nForreria 100% algod\u00f3n<br \/>\nProducto vegano<br \/>\nMenos de 250 gr. el par<br \/>\nAjuste anat\u00f3mico a tus pies por sus el\u00e1sticos en tal\u00f3n y capellada<br \/>\nLavar a mano con jab\u00f3n neutro<\/p>\n","protected":false},"excerpt":{"rendered":"<p>Tejido plano de algod\u00f3n (loneta) Plantilla de cuero sint\u00e9tico Suela de goma eva con vira de yute trenzado Costuras reforzadas Forreria 100% algod\u00f3n Producto vegano Menos de 250 gr. el par Ajuste anat\u00f3mico a tus pies por sus el\u00e1sticos en tal\u00f3n y capellada Lavar a mano con jab\u00f3n neutro<\/p>\n","protected":false},"featured_media":3652,"template":"","meta":{"_joinchat":[]},"product_brand":[],"product_cat":[374],"product_tag":[],"class_list":{"0":"post-3651","1":"product","2":"type-product","3":"status-publish","4":"has-post-thumbnail","6":"product_cat-sandalias","8":"first","9":"instock","10":"sale","11":"featured","12":"shipping-taxable","13":"purchasable","14":"product-type-variable","15":"has-default-attributes"},"_links":{"self":[{"href":"https:\/\/nipa-store.com\/cl\/wp-json\/wp\/v2\/product\/3651","targetHints":{"allow":["GET"]}}],"collection":[{"href":"https:\/\/nipa-store.com\/cl\/wp-json\/wp\/v2\/product"}],"about":[{"href":"https:\/\/nipa-store.com\/cl\/wp-json\/wp\/v2\/types\/product"}],"wp:featuredmedia":[{"embeddable":true,"href":"https:\/\/nipa-store.com\/cl\/wp-json\/wp\/v2\/media\/3652"}],"wp:attachment":[{"href":"https:\/\/nipa-store.com\/cl\/wp-json\/wp\/v2\/media?parent=3651"}],"wp:term":[{"taxonomy":"product_brand","embeddable":true,"href":"https:\/\/nipa-store.com\/cl\/wp-json\/wp\/v2\/product_brand?post=3651"},{"taxonomy":"product_cat","embeddable":true,"href":"https:\/\/nipa-store.com\/cl\/wp-json\/wp\/v2\/product_cat?post=3651"},{"taxonomy":"product_tag","embeddable":true,"href":"https:\/\/nipa-store.com\/cl\/wp-json\/wp\/v2\/product_tag?post=3651"}],"curies":[{"name":"wp","href":"https:\/\/api.w.org\/{rel}","templated":true}]}}