{"id":3712,"date":"2022-09-13T00:09:21","date_gmt":"2022-09-13T00:09:21","guid":{"rendered":"https:\/\/nipa-store.com\/cl\/producto\/sin%20categorizar\/sandalia-negra\/"},"modified":"2023-03-28T13:01:29","modified_gmt":"2023-03-28T13:01:29","slug":"sandalia-negra","status":"publish","type":"product","link":"https:\/\/nipa-store.com\/cl\/producto\/sandalias\/sandalia-negra\/","title":{"rendered":"Sandalia Negra"},"content":{"rendered":"<p>Tejido plano de algod\u00f3n (loneta)<br \/>\nPlantilla de cuero sint\u00e9tico<br \/>\nSuela de goma eva con vira de yute trenzado<br \/>\nCosturas reforzadas<br \/>\nForreria 100% algod\u00f3n<br \/>\nProducto vegano<br \/>\nMenos de 250 gr. el par<br \/>\nAjuste anat\u00f3mico a tus pies por sus el\u00e1sticos en tal\u00f3n y capellada<br \/>\nLavar a mano con jab\u00f3n neutro<\/p>\n","protected":false},"excerpt":{"rendered":"<p>Tejido plano de algod\u00f3n (loneta) Plantilla de cuero sint\u00e9tico Suela de goma eva con vira de yute trenzado Costuras reforzadas Forreria 100% algod\u00f3n Producto vegano Menos de 250 gr. el par Ajuste anat\u00f3mico a tus pies por sus el\u00e1sticos en tal\u00f3n y capellada Lavar a mano con jab\u00f3n neutro<\/p>\n","protected":false},"featured_media":3624,"template":"","meta":{"_joinchat":[]},"product_brand":[],"product_cat":[374],"product_tag":[],"class_list":{"0":"post-3712","1":"product","2":"type-product","3":"status-publish","4":"has-post-thumbnail","6":"product_cat-sandalias","8":"first","9":"instock","10":"sale","11":"shipping-taxable","12":"purchasable","13":"product-type-variable","14":"has-default-attributes"},"_links":{"self":[{"href":"https:\/\/nipa-store.com\/cl\/wp-json\/wp\/v2\/product\/3712","targetHints":{"allow":["GET"]}}],"collection":[{"href":"https:\/\/nipa-store.com\/cl\/wp-json\/wp\/v2\/product"}],"about":[{"href":"https:\/\/nipa-store.com\/cl\/wp-json\/wp\/v2\/types\/product"}],"wp:featuredmedia":[{"embeddable":true,"href":"https:\/\/nipa-store.com\/cl\/wp-json\/wp\/v2\/media\/3624"}],"wp:attachment":[{"href":"https:\/\/nipa-store.com\/cl\/wp-json\/wp\/v2\/media?parent=3712"}],"wp:term":[{"taxonomy":"product_brand","embeddable":true,"href":"https:\/\/nipa-store.com\/cl\/wp-json\/wp\/v2\/product_brand?post=3712"},{"taxonomy":"product_cat","embeddable":true,"href":"https:\/\/nipa-store.com\/cl\/wp-json\/wp\/v2\/product_cat?post=3712"},{"taxonomy":"product_tag","embeddable":true,"href":"https:\/\/nipa-store.com\/cl\/wp-json\/wp\/v2\/product_tag?post=3712"}],"curies":[{"name":"wp","href":"https:\/\/api.w.org\/{rel}","templated":true}]}}