{"id":551,"date":"2020-05-10T23:53:23","date_gmt":"2020-05-10T23:53:23","guid":{"rendered":"https:\/\/nipa-store.com\/es\/?page_id=551"},"modified":"2020-05-21T20:14:46","modified_gmt":"2020-05-21T20:14:46","slug":"acerca-de","status":"publish","type":"page","link":"https:\/\/nipa-store.com\/es\/acerca-de\/","title":{"rendered":"Acerca de"},"content":{"rendered":"<div class=\"row row-collapse row-full-width\"  id=\"row-390283447\">\n\n\t<div id=\"col-1912220099\" class=\"col medium-6 small-12 large-6\"  >\n\t\t\t\t<div class=\"col-inner text-left\"  >\n\t\t\t\n\t\t\t\n\t<div id=\"gap-1247628228\" class=\"gap-element clearfix\" style=\"display:block; height:auto;\">\n\t\t\n<style>\n#gap-1247628228 {\n  padding-top: 96px;\n}\n<\/style>\n\t<\/div>\n\t\n<h1><span style=\"font-size: 120%;\">Nosotros<\/span><\/h1>\n\t<div id=\"gap-933600975\" class=\"gap-element clearfix\" style=\"display:block; height:auto;\">\n\t\t\n<style>\n#gap-933600975 {\n  padding-top: 15px;\n}\n<\/style>\n\t<\/div>\n\t\n\t<div id=\"gap-65675099\" class=\"gap-element clearfix\" style=\"display:block; height:auto;\">\n\t\t\n<style>\n#gap-65675099 {\n  padding-top: 15px;\n}\n<\/style>\n\t<\/div>\n\t\n<h2 class=\"thin-font\"><span style=\"color: #0ce5bb;\">Inicio de un viaje&#8230;<\/span><\/h2>\n<h3 class=\"thin-font\"><span style=\"color: #282828;\">En <strong>Nipa\u00a0<\/strong>dise\u00f1amos cada uno de nuestros patrones buscando colores, formas y estilos que sean \u00fanicos y originales pero a la vez disruptivos.<br \/><\/span><\/h3>\n<p>A\u00f1o tras a\u00f1o, ofrecemos estampas de vanguardia combinando tramas con colores de\u00a0tendencia, que al ser mixeados en nuestra licuadora, resultan infalibles convirti\u00e9ndolos en un \u201cmust\u201d de temporada.<\/p>\n<p>La calidad est\u00e1 asegurada a trav\u00e9s de nuestra exhaustiva selecci\u00f3n de proveedores con los que pensamos, desarrollamos y producimos nuestra propuesta de valor.<\/p>\n<p>Todas las necesidades e inquietudes de nuestros clientes, las absorbemos, las hacemos\u00a0nuestras y las convertimos en mejoras para nuestros productos.<\/p>\n<p>Con nuestras\u00a0<strong>alpargatas<\/strong>\u00a0y calzados logramos confort, innovaci\u00f3n y dise\u00f1o porque todos los detalles de nuestro proceso productivo est\u00e1n enfocados para vestir tus pies con personalidad&#8230;<\/p>\n<p>Esto implica una visi\u00f3n integral desde la idea misma de producto hasta el abastecimiento en las tiendas.<\/p>\n<p>Nosotros ya tenemos nuestras\u00a0<strong>Nipa<\/strong>, \u00bfqu\u00e9 est\u00e1s esperando para tener las tuyas?<\/p>\n\t<div id=\"gap-1689164433\" class=\"gap-element clearfix\" style=\"display:block; height:auto;\">\n\t\t\n<style>\n#gap-1689164433 {\n  padding-top: 15px;\n}\n<\/style>\n\t<\/div>\n\t\n\t<div id=\"gap-904923578\" class=\"gap-element clearfix\" style=\"display:block; height:auto;\">\n\t\t\n<style>\n#gap-904923578 {\n  padding-top: 15px;\n}\n<\/style>\n\t<\/div>\n\t\n\t\t<\/div>\n\t\t\t\t\n<style>\n#col-1912220099 > .col-inner {\n  padding: 0px 70px 50px 70px;\n}\n<\/style>\n\t<\/div>\n\n\t\n\n\t<div id=\"col-351578882\" class=\"col medium-6 small-12 large-6\"  >\n\t\t\t\t<div class=\"col-inner\"  >\n\t\t\t\n\t\t\t\n\t<div class=\"img has-hover x md-x lg-x y md-y lg-y\" id=\"image_879033192\">\n\t\t\t\t\t\t\t\t<div class=\"img-inner dark\" >\n\t\t\t<img decoding=\"async\" width=\"1020\" height=\"680\" src=\"https:\/\/nipa-store.com\/es\/wp-content\/uploads\/sites\/2\/2020\/05\/0483-1200x800.jpg\" class=\"attachment-large size-large\" alt=\"Nipa Alpargatas Taller\" srcset=\"https:\/\/nipa-store.com\/es\/wp-content\/uploads\/sites\/2\/2020\/05\/0483-1200x800.jpg 1200w, https:\/\/nipa-store.com\/es\/wp-content\/uploads\/sites\/2\/2020\/05\/0483-578x385.jpg 578w, https:\/\/nipa-store.com\/es\/wp-content\/uploads\/sites\/2\/2020\/05\/0483-600x400.jpg 600w, https:\/\/nipa-store.com\/es\/wp-content\/uploads\/sites\/2\/2020\/05\/0483-768x512.jpg 768w, https:\/\/nipa-store.com\/es\/wp-content\/uploads\/sites\/2\/2020\/05\/0483-1536x1024.jpg 1536w, https:\/\/nipa-store.com\/es\/wp-content\/uploads\/sites\/2\/2020\/05\/0483.jpg 1600w\" sizes=\"(max-width: 1020px) 100vw, 1020px\" title=\"Alpargatas -\">\t\t\t\t\t\t\n\t\t\t\t\t<\/div>\n\t\t\t\t\t\t\t\t\n<style>\n#image_879033192 {\n  width: 100%;\n}\n<\/style>\n\t<\/div>\n\t\n\t<div class=\"img has-hover x md-x lg-x y md-y lg-y\" id=\"image_1787840128\">\n\t\t\t\t\t\t\t\t<div class=\"img-inner dark\" >\n\t\t\t<img decoding=\"async\" width=\"900\" height=\"600\" src=\"https:\/\/nipa-store.com\/es\/wp-content\/uploads\/sites\/2\/2015\/10\/alpargatas-nipa-nosotros-02.jpg\" class=\"attachment-large size-large\" alt=\"Nipa la f\u00e1brica de alpargatas 100% argentina\" srcset=\"https:\/\/nipa-store.com\/es\/wp-content\/uploads\/sites\/2\/2015\/10\/alpargatas-nipa-nosotros-02.jpg 900w, https:\/\/nipa-store.com\/es\/wp-content\/uploads\/sites\/2\/2015\/10\/alpargatas-nipa-nosotros-02-578x385.jpg 578w, https:\/\/nipa-store.com\/es\/wp-content\/uploads\/sites\/2\/2015\/10\/alpargatas-nipa-nosotros-02-600x400.jpg 600w, https:\/\/nipa-store.com\/es\/wp-content\/uploads\/sites\/2\/2015\/10\/alpargatas-nipa-nosotros-02-768x512.jpg 768w, https:\/\/nipa-store.com\/es\/wp-content\/uploads\/sites\/2\/2015\/10\/alpargatas-nipa-nosotros-02-215x143.jpg 215w, https:\/\/nipa-store.com\/es\/wp-content\/uploads\/sites\/2\/2015\/10\/alpargatas-nipa-nosotros-02-320x213.jpg 320w, https:\/\/nipa-store.com\/es\/wp-content\/uploads\/sites\/2\/2015\/10\/alpargatas-nipa-nosotros-02-510x340.jpg 510w\" sizes=\"(max-width: 900px) 100vw, 900px\" title=\"Alpargatas -\">\t\t\t\t\t\t\n\t\t\t\t\t<\/div>\n\t\t\t\t\t\t\t\t\n<style>\n#image_1787840128 {\n  width: 100%;\n}\n<\/style>\n\t<\/div>\n\t\n\t\t<\/div>\n\t\t\t\t\t<\/div>\n\n\t\n<\/div>\n","protected":false},"excerpt":{"rendered":"","protected":false},"author":1,"featured_media":0,"parent":0,"menu_order":0,"comment_status":"closed","ping_status":"closed","template":"page-blank.php","meta":{"_joinchat":[],"footnotes":""},"class_list":["post-551","page","type-page","status-publish","hentry"],"jetpack_sharing_enabled":true,"_links":{"self":[{"href":"https:\/\/nipa-store.com\/es\/wp-json\/wp\/v2\/pages\/551","targetHints":{"allow":["GET"]}}],"collection":[{"href":"https:\/\/nipa-store.com\/es\/wp-json\/wp\/v2\/pages"}],"about":[{"href":"https:\/\/nipa-store.com\/es\/wp-json\/wp\/v2\/types\/page"}],"author":[{"embeddable":true,"href":"https:\/\/nipa-store.com\/es\/wp-json\/wp\/v2\/users\/1"}],"replies":[{"embeddable":true,"href":"https:\/\/nipa-store.com\/es\/wp-json\/wp\/v2\/comments?post=551"}],"version-history":[{"count":12,"href":"https:\/\/nipa-store.com\/es\/wp-json\/wp\/v2\/pages\/551\/revisions"}],"predecessor-version":[{"id":1065,"href":"https:\/\/nipa-store.com\/es\/wp-json\/wp\/v2\/pages\/551\/revisions\/1065"}],"wp:attachment":[{"href":"https:\/\/nipa-store.com\/es\/wp-json\/wp\/v2\/media?parent=551"}],"curies":[{"name":"wp","href":"https:\/\/api.w.org\/{rel}","templated":true}]}}