{"id":84,"date":"2013-08-11T20:13:42","date_gmt":"2013-08-11T20:13:42","guid":{"rendered":"http:\/\/localhost:8888\/test\/?page_id=545"},"modified":"2025-11-11T10:44:24","modified_gmt":"2025-11-11T10:44:24","slug":"faq","status":"publish","type":"page","link":"https:\/\/nipa-store.com\/es\/faq\/","title":{"rendered":"FAQ"},"content":{"rendered":"<div class=\"row\"  id=\"row-843958739\">\n\n\t<div id=\"col-325159958\" class=\"col large-12\"  >\n\t\t\t\t<div class=\"col-inner\"  >\n\t\t\t\n\t\t\t\n\t<div id=\"gap-932986670\" class=\"gap-element clearfix\" style=\"display:block; height:auto;\">\n\t\t\n<style>\n#gap-932986670 {\n  padding-top: 60px;\n}\n<\/style>\n\t<\/div>\n\t\n<div class=\"container section-title-container\" ><h3 class=\"section-title section-title-normal\"><b><\/b><span class=\"section-title-main\" >Preguntas Frecuentes<\/span><b><\/b><\/h3><\/div>\n\t<div id=\"gap-1867469677\" class=\"gap-element clearfix\" style=\"display:block; height:auto;\">\n\t\t\n<style>\n#gap-1867469677 {\n  padding-top: 30px;\n}\n<\/style>\n\t<\/div>\n\t\n<p><strong>SOBRE EL PAGO Y EL ENV\u00cdO<\/strong><\/p>\n<div class=\"accordion\">\n<div id=\"accordion-4064651827\" class=\"accordion-item\"><a id=\"accordion-4064651827-label\" href=\"#\" class=\"accordion-title plain\" aria-expanded=\"false\" aria-controls=\"accordion-4064651827-content\"><button class=\"toggle\" aria-label=\"Toggle\"><i class=\"icon-angle-down\"><\/i><\/button><span>\u00bfQu\u00e9 formas de pago puedo aprovechar para realizar mi compra?<\/span><\/a><div id=\"accordion-4064651827-content\" class=\"accordion-inner\" aria-labelledby=\"accordion-4064651827-label\">\n<p>Disponemos de los siguientes medios de pago:<\/p>\n\t<div class=\"img has-hover x md-x lg-x y md-y lg-y\" id=\"image_1722499412\">\n\t\t\t\t\t\t\t\t<div class=\"img-inner dark\" >\n\t\t\t<img decoding=\"async\" width=\"524\" height=\"213\" src=\"https:\/\/nipa-store.com\/es\/wp-content\/uploads\/sites\/2\/2020\/05\/PayPal-Services.png\" class=\"attachment-large size-large\" alt=\"\" title=\"Alpargatas -\">\t\t\t\t\t\t\n\t\t\t\t\t<\/div>\n\t\t\t\t\t\t\t\t\n<style>\n#image_1722499412 {\n  width: 27%;\n}\n<\/style>\n\t<\/div>\n\t\n<\/div><\/div>\n<div id=\"accordion-2081556416\" class=\"accordion-item\"><a id=\"accordion-2081556416-label\" href=\"#\" class=\"accordion-title plain\" aria-expanded=\"false\" aria-controls=\"accordion-2081556416-content\"><button class=\"toggle\" aria-label=\"Toggle\"><i class=\"icon-angle-down\"><\/i><\/button><span>\u00bfCu\u00e1l es el costo de env\u00edo?<\/span><\/a><div id=\"accordion-2081556416-content\" class=\"accordion-inner\" aria-labelledby=\"accordion-2081556416-label\">\n<p>El costo de env\u00edo ser\u00e1 mostrado en base al total de la compra y ubicaci\u00f3n, en el checkout, en el momento previo a la compra.<\/p>\n<\/div><\/div>\n<div id=\"accordion-3643086555\" class=\"accordion-item\"><a id=\"accordion-3643086555-label\" href=\"#\" class=\"accordion-title plain\" aria-expanded=\"false\" aria-controls=\"accordion-3643086555-content\"><button class=\"toggle\" aria-label=\"Toggle\"><i class=\"icon-angle-down\"><\/i><\/button><span>\u00bfD\u00f3nde puedo recibir mi pedido?<\/span><\/a><div id=\"accordion-3643086555-content\" class=\"accordion-inner\" aria-labelledby=\"accordion-3643086555-label\">\n<p>\u00a1Enviamos a toda Europa y al mundo!<\/p>\n<\/div><\/div>\n<div id=\"accordion-3430012088\" class=\"accordion-item\"><a id=\"accordion-3430012088-label\" href=\"#\" class=\"accordion-title plain\" aria-expanded=\"false\" aria-controls=\"accordion-3430012088-content\"><button class=\"toggle\" aria-label=\"Toggle\"><i class=\"icon-angle-down\"><\/i><\/button><span>\u00bfCu\u00e1nto tarda en llegar el pedido?<\/span><\/a><div id=\"accordion-3430012088-content\" class=\"accordion-inner\" aria-labelledby=\"accordion-3430012088-label\">\n<p>El tiempo de entrega depender\u00e1 del tipo de env\u00edo seleccionado. En general la demora se encuentra entre 3 y 7 d\u00edas h\u00e1biles luego de acreditado el pago.<\/p>\n<\/div><\/div>\n<div id=\"accordion-3888909352\" class=\"accordion-item\"><a id=\"accordion-3888909352-label\" href=\"#\" class=\"accordion-title plain\" aria-expanded=\"false\" aria-controls=\"accordion-3888909352-content\"><button class=\"toggle\" aria-label=\"Toggle\"><i class=\"icon-angle-down\"><\/i><\/button><span>\u00bfCu\u00e1l es el plazo para realizar un cambio?<\/span><\/a><div id=\"accordion-3888909352-content\" class=\"accordion-inner\" aria-labelledby=\"accordion-3888909352-label\">\n<p>Puedes solicitar un cambio hasta 15 d\u00edas luego de realizada la compra.<\/p>\n<\/div><\/div>\n<div id=\"accordion-236795440\" class=\"accordion-item\"><a id=\"accordion-236795440-label\" href=\"#\" class=\"accordion-title plain\" aria-expanded=\"false\" aria-controls=\"accordion-236795440-content\"><button class=\"toggle\" aria-label=\"Toggle\"><i class=\"icon-angle-down\"><\/i><\/button><span>\u00bfQu\u00e9 debo hacer si el producto no llega en buen estado?<\/span><\/a><div id=\"accordion-236795440-content\" class=\"accordion-inner\" aria-labelledby=\"accordion-236795440-label\">\n<p>Ponerse\u00a0en contacto con nosotros por e-mail a\u00a0<a href=\"mailto:info@nipa-store.com\">info@nipa-store.com<\/a> explic\u00e1ndonos lo ocurrido,<\/p>\n<\/div><\/div>\n<div id=\"accordion-3291836801\" class=\"accordion-item\"><a id=\"accordion-3291836801-label\" href=\"#\" class=\"accordion-title plain\" aria-expanded=\"false\" aria-controls=\"accordion-3291836801-content\"><button class=\"toggle\" aria-label=\"Toggle\"><i class=\"icon-angle-down\"><\/i><\/button><span>\u00bfPuedo retirar en persona?<\/span><\/a><div id=\"accordion-3291836801-content\" class=\"accordion-inner\" aria-labelledby=\"accordion-3291836801-label\">\n<p>Las compras con retiro en persona solo se realizan en nuestra oficina comercial de Carrer Gumersindo 14 Piso 1 Puerta 3 (07004) Palma, Illes Balears, Espa\u00f1a. Se debe coordinar previamente dicho servicio.<\/p>\n<\/div><\/div>\n<div id=\"accordion-994700353\" class=\"accordion-item\"><a id=\"accordion-994700353-label\" href=\"#\" class=\"accordion-title plain\" aria-expanded=\"false\" aria-controls=\"accordion-994700353-content\"><button class=\"toggle\" aria-label=\"Toggle\"><i class=\"icon-angle-down\"><\/i><\/button><span>\u00bfPuede otra persona retirar en mi nombre?<\/span><\/a><div id=\"accordion-994700353-content\" class=\"accordion-inner\" aria-labelledby=\"accordion-994700353-label\">\n<p>Si. Deber\u00e1 llevar una autorizaci\u00f3n firmada por el comprador y su copia de DNI.<\/p>\n<\/div><\/div>\n<\/div>\n\t\t<\/div>\n\t\t\t\t\t<\/div>\n\n\t\n\n\t<div id=\"col-103338541\" class=\"col large-12\"  >\n\t\t\t\t<div class=\"col-inner\"  >\n\t\t\t\n\t\t\t\n\t<div id=\"gap-1315736604\" class=\"gap-element clearfix\" style=\"display:block; height:auto;\">\n\t\t\n<style>\n#gap-1315736604 {\n  padding-top: 30px;\n}\n<\/style>\n\t<\/div>\n\t\n<p><strong>SOBRE EL PRODUCTO<\/strong><\/p>\n<div class=\"accordion\">\n<div id=\"accordion-972396394\" class=\"accordion-item\"><a id=\"accordion-972396394-label\" href=\"#\" class=\"accordion-title plain\" aria-expanded=\"false\" aria-controls=\"accordion-972396394-content\"><button class=\"toggle\" aria-label=\"Toggle\"><i class=\"icon-angle-down\"><\/i><\/button><span>\u00bfC\u00f3mo es el calce?<\/span><\/a><div id=\"accordion-972396394-content\" class=\"accordion-inner\" aria-labelledby=\"accordion-972396394-label\">\n<p>Nuestras telas permiten que las Nipa se amolden \/ adapten a diferentes tipos de pies en un lapso m\u00e1ximo de dos horas. Es un producto muy vers\u00e1til y anat\u00f3mico. Al momento de coloc\u00e1rtelo debes sentir el calce justo en puntera y en tal\u00f3n.<\/p>\n<p>Siempre escoger la misma talla que tu calzado habitual.<\/p>\n<\/div><\/div>\n<div id=\"accordion-1145203551\" class=\"accordion-item\"><a id=\"accordion-1145203551-label\" href=\"#\" class=\"accordion-title plain\" aria-expanded=\"false\" aria-controls=\"accordion-1145203551-content\"><button class=\"toggle\" aria-label=\"Toggle\"><i class=\"icon-angle-down\"><\/i><\/button><span>\u00bfPuedo cambiar talla o modelo?<\/span><\/a><div id=\"accordion-1145203551-content\" class=\"accordion-inner\" aria-labelledby=\"accordion-1145203551-label\">\n<p>Para gestionar un cambio de cualquier tipo, env\u00edanos mensaje por e-mail a <a href=\"mailto:info@nipa-store.com\">info@nipa-store.com<\/a>.<\/p>\n<\/div><\/div>\n<div id=\"accordion-3041863658\" class=\"accordion-item\"><a id=\"accordion-3041863658-label\" href=\"#\" class=\"accordion-title plain\" aria-expanded=\"false\" aria-controls=\"accordion-3041863658-content\"><button class=\"toggle\" aria-label=\"Toggle\"><i class=\"icon-angle-down\"><\/i><\/button><span>\u00bfC\u00f3mo lavo mis Nipa?<\/span><\/a><div id=\"accordion-3041863658-content\" class=\"accordion-inner\" aria-labelledby=\"accordion-3041863658-label\">\n<p>Tus Nipa deben lavarse a mano, con jab\u00f3n neutro y agua fr\u00eda. Dejarlas secar a la sombra de manera horizontal con la suela mirando el piso. De esta manera se conservar\u00e1n\u00a0colores, texturas\u00a0y tramas. Recuerda que es un calzado\u00a0delicado =)<\/p>\n<\/div><\/div>\n<\/div>\n\t\t<\/div>\n\t\t\t\t\t<\/div>\n\n\t\n\n\t<div id=\"col-1098585887\" class=\"col large-12\"  >\n\t\t\t\t<div class=\"col-inner\"  >\n\t\t\t\n\t\t\t\n\t<div id=\"gap-1860159704\" class=\"gap-element clearfix\" style=\"display:block; height:auto;\">\n\t\t\n<style>\n#gap-1860159704 {\n  padding-top: 30px;\n}\n<\/style>\n\t<\/div>\n\t\n<p><strong>SOBRE VENTAS MAYORISTAS Y FRANQUICIAS<\/strong><\/p>\n<p>Para gestiones de este tipo env\u00edanos mensaje por e-mail a\u00a0<a title=\"nicolas.datri@nipa-store.com\" href=\"mailto:nicolas.datri@nipa-store.com\"><strong>nicolas.datri@nipa-store.com<\/strong><\/a>.<\/p>\n\t<div id=\"gap-212470385\" class=\"gap-element clearfix\" style=\"display:block; height:auto;\">\n\t\t\n<style>\n#gap-212470385 {\n  padding-top: 30px;\n}\n<\/style>\n\t<\/div>\n\t\n\t\t<\/div>\n\t\t\t\t\t<\/div>\n\n\t\n\n<style>\n#row-843958739 > .col > .col-inner {\n  padding: 0px 0px 0px 0px;\n}\n<\/style>\n<\/div>\n","protected":false},"excerpt":{"rendered":"","protected":false},"author":1,"featured_media":0,"parent":0,"menu_order":0,"comment_status":"closed","ping_status":"closed","template":"","meta":{"_joinchat":[],"footnotes":""},"class_list":["post-84","page","type-page","status-publish","hentry"],"jetpack_sharing_enabled":true,"_links":{"self":[{"href":"https:\/\/nipa-store.com\/es\/wp-json\/wp\/v2\/pages\/84","targetHints":{"allow":["GET"]}}],"collection":[{"href":"https:\/\/nipa-store.com\/es\/wp-json\/wp\/v2\/pages"}],"about":[{"href":"https:\/\/nipa-store.com\/es\/wp-json\/wp\/v2\/types\/page"}],"author":[{"embeddable":true,"href":"https:\/\/nipa-store.com\/es\/wp-json\/wp\/v2\/users\/1"}],"replies":[{"embeddable":true,"href":"https:\/\/nipa-store.com\/es\/wp-json\/wp\/v2\/comments?post=84"}],"version-history":[{"count":11,"href":"https:\/\/nipa-store.com\/es\/wp-json\/wp\/v2\/pages\/84\/revisions"}],"predecessor-version":[{"id":542,"href":"https:\/\/nipa-store.com\/es\/wp-json\/wp\/v2\/pages\/84\/revisions\/542"}],"wp:attachment":[{"href":"https:\/\/nipa-store.com\/es\/wp-json\/wp\/v2\/media?parent=84"}],"curies":[{"name":"wp","href":"https:\/\/api.w.org\/{rel}","templated":true}]}}