{"id":1145,"date":"2020-05-21T22:13:30","date_gmt":"2020-05-21T22:13:30","guid":{"rendered":"https:\/\/nipa-store.com\/es\/?post_type=product&#038;p=1145"},"modified":"2026-03-10T14:12:30","modified_gmt":"2026-03-10T14:12:30","slug":"alpargatas-douglas","status":"publish","type":"product","link":"https:\/\/nipa-store.com\/es\/producto\/alpargatas\/clasica\/alpargatas-douglas\/","title":{"rendered":"Douglas"},"content":{"rendered":"<div id=\"row-1725815985\" class=\"row row-large row-full-width row-solid\">\n<div id=\"col-825422579\" class=\"col medium-8 small-12 large-8\">\n<div class=\"col-inner\">\n<p>\u00a1Bienvenidos al incre\u00edble mundo de las <strong>alpargatas<\/strong>! Te presentamos las <strong>Douglas<\/strong>.<\/p>\n<p>Si est\u00e1s buscando un <strong>calzado c\u00f3modo<\/strong>, <strong>vers\u00e1til<\/strong> y con <strong>estilo<\/strong>, no busques m\u00e1s. Las <strong>alpargatas Douglas<\/strong> de <strong>tipo cerrado,<\/strong> dise\u00f1adas tanto para <strong>hombres<\/strong> como para <strong>mujeres<\/strong>, son el complemento perfecto para tu guardarropa durante el verano y los d\u00edas de entre tiempo.<\/p>\n<p>Aqu\u00ed tienes todas las\u00a0<span style=\"font-size: 14.4px;\">fabulosas<\/span><span style=\"font-size: 14.4px;\">\u00a0<\/span><span style=\"font-size: 14.4px;\">caracter\u00edsticas que las hacen un <strong>must-have<\/strong> absoluto.<\/span><\/p>\n<p>El<strong> tejido de algod\u00f3n con rayas rojas<\/strong> y <strong>negras<\/strong> es una elecci\u00f3n de<strong> dise\u00f1o audaz<\/strong> y <strong>moderno<\/strong>. Dise\u00f1ado pensando en ti, este tejido no solo es atractivo a la vista, sino que tambi\u00e9n ofrece una <strong>transpirabilidad<\/strong> \u00f3ptima para tus pies, permitiendo que respiren durante los d\u00edas calurosos.<\/p>\n<p>La <strong>plantilla de piqu\u00e9<\/strong>\u00a0es un detalle destacado. Pero&#8230; \u00bfQu\u00e9 es exactamente el pique? Es un <strong>tejido de algod\u00f3n<\/strong> con una <strong>textura acolchada<\/strong> que le da mucha <strong>suavidad<\/strong> y <strong>comodidad<\/strong> a tus pies. Adem\u00e1s de su aspecto atractivo, la plantilla de pique ofrece una <strong>amortiguaci\u00f3n<\/strong> adicional<\/p>\n<p>A\u00f1adimos un <strong>ajuste anat\u00f3mico<\/strong> porque sabemos que cada pie es diferente y en Nipa nos gustar\u00eda que nadie se quedara sin ellas por esa raz\u00f3n.<\/p>\n<p>La<strong> suela de goma eva bicolor<\/strong> es otro punto destacado de estas alpargatas. Un <strong>material ligero<\/strong>, <strong>flexible<\/strong> y <strong>resistente<\/strong> que mejora la <strong>amortiguaci\u00f3n<\/strong> y <strong>tracci\u00f3n<\/strong> en diferentes superficies. La suela bicolor no solo agrega un toque de estilo <strong>\u00fanico<\/strong>, sino que tambi\u00e9n ofrece <strong>estabilidad<\/strong> y soporte para tus pies en cada paso que des.<\/p>\n<p>Las <strong>costuras reforzadas<\/strong> har\u00e1n que te duren mucho tiempo. Estas costuras adicionales garantizan que tus alpargatas soporten el uso diario y te acompa\u00f1en en todas cualquier aventura en la que te embarques, sin desgastarse.<\/p>\n<p>El <strong>forro interior 100% algod\u00f3n<\/strong> de estas esparte\u00f1as brinda un tacto <strong>suave<\/strong> y <strong>agradable<\/strong>. Este forro no solo te ofrece <strong>comodidad<\/strong>, sino que tambi\u00e9n <strong>absorbe<\/strong> la <strong>humedad<\/strong>, manteniendo tus <strong>pies frescos<\/strong> y <strong>secos<\/strong> durante todo el d\u00eda.<\/p>\n<p>Pesan aproximadamente <strong>150 gramos<\/strong> por par, ll\u00e9vatelas al campo, a una barbacoa en la piscina, a la playa, a otro pa\u00eds \u00a1pero ll\u00e9valas contigo!<\/p>\n<p>\u00bfC\u00f3mo se limpian? \u00a1Muy f\u00e1cil! <strong>A mano con jab\u00f3n neutro.<\/strong>\u00a0Esto ayudar\u00e1 a preservar su <strong>calidad<\/strong> y <strong>prolongar su vida \u00fatil<\/strong>, permiti\u00e9ndote disfrutar de su estilo y comodidad durante mucho tiempo.<\/p>\n<p>No esperes m\u00e1s y consigue tus <strong>Nipa Cl\u00e1sicas <\/strong>hoy mismo. Disfruta de la combinaci\u00f3n perfecta de <strong>estilo y<\/strong>\u00a0<strong>comodidad<\/strong>\u00a0en tus pies.<\/p>\n<p>\u00a1S\u00e9 el centro de atenci\u00f3n en cualquier ocasi\u00f3n y camina con confianza!<\/p>\n<\/div>\n<\/div>\n<\/div>\n","protected":false},"excerpt":{"rendered":"<p><strong>Modelo Douglas<\/strong><\/p>\n<p><strong>L\u00ednea Cl\u00e1sicas<\/strong><\/p>\n<ul>\n<li>Tejido algod\u00f3n con rayas rojas y\u00a0 negras (dise\u00f1ado para vos!)<\/li>\n<li>Plantilla de piqu\u00e9<\/li>\n<li>Suela de goma eva bicolor<\/li>\n<li>Costuras reforzadas (super resistente)<\/li>\n<li>Forro interior 100% algod\u00f3n (tacto mas suave)<\/li>\n<li>Producto vegano 100%<\/li>\n<li>Pesa 150 gr. aprox. el par (c\u00f3modo y liviano)<\/li>\n<li>Ajuste anat\u00f3mico a tus pies<\/li>\n<li>Lavar a mano con jab\u00f3n neutro (recomendaci\u00f3n)<\/li>\n<\/ul>\n<p>Alpargata\u00a0 de alta calidad, dise\u00f1ada y producida en Argentina, con mucho amor!<\/p>\n<p>Pesada para aquellos inconformistas que buscaban un estilo diferente, casual, simple y divertido a la hora de escoger outfit.<\/p>\n","protected":false},"featured_media":1159,"comment_status":"open","ping_status":"closed","template":"","meta":{"_joinchat":{"telephone":"+34663750946"}},"product_brand":[],"product_cat":[381,393,394],"product_tag":[351,364,357,363,352,365,360,361,358,359,362,356,353,354,355],"class_list":{"0":"post-1145","1":"product","2":"type-product","3":"status-publish","4":"has-post-thumbnail","6":"product_cat-clasica","7":"product_cat-hombre","8":"product_cat-mujer","9":"product_tag-alpargata","10":"product_tag-alpargata-comoda","11":"product_tag-alpargata-diseno","12":"product_tag-alpargata-vegana","13":"product_tag-calzado","14":"product_tag-calzado-comodo","15":"product_tag-calzado-joven","16":"product_tag-calzado-ligero","17":"product_tag-calzado-liviano","18":"product_tag-calzado-moderno","19":"product_tag-calzado-vegano","20":"product_tag-calzado-verano","21":"product_tag-hombre","22":"product_tag-mujer","23":"product_tag-unisex","24":"pa_talla-337","25":"pa_talla-338","26":"pa_talla-339","27":"pa_talla-340","28":"pa_talla-341","29":"pa_talla-342","30":"pa_talla-343","31":"pa_talla-344","32":"pa_talla-345","33":"pa_talla-346","34":"pa_talla-347","35":"pa_talla-348","37":"first","38":"instock","39":"taxable","40":"shipping-taxable","41":"purchasable","42":"product-type-variable"},"jetpack_sharing_enabled":true,"_links":{"self":[{"href":"https:\/\/nipa-store.com\/es\/wp-json\/wp\/v2\/product\/1145","targetHints":{"allow":["GET"]}}],"collection":[{"href":"https:\/\/nipa-store.com\/es\/wp-json\/wp\/v2\/product"}],"about":[{"href":"https:\/\/nipa-store.com\/es\/wp-json\/wp\/v2\/types\/product"}],"replies":[{"embeddable":true,"href":"https:\/\/nipa-store.com\/es\/wp-json\/wp\/v2\/comments?post=1145"}],"wp:featuredmedia":[{"embeddable":true,"href":"https:\/\/nipa-store.com\/es\/wp-json\/wp\/v2\/media\/1159"}],"wp:attachment":[{"href":"https:\/\/nipa-store.com\/es\/wp-json\/wp\/v2\/media?parent=1145"}],"wp:term":[{"taxonomy":"product_brand","embeddable":true,"href":"https:\/\/nipa-store.com\/es\/wp-json\/wp\/v2\/product_brand?post=1145"},{"taxonomy":"product_cat","embeddable":true,"href":"https:\/\/nipa-store.com\/es\/wp-json\/wp\/v2\/product_cat?post=1145"},{"taxonomy":"product_tag","embeddable":true,"href":"https:\/\/nipa-store.com\/es\/wp-json\/wp\/v2\/product_tag?post=1145"}],"curies":[{"name":"wp","href":"https:\/\/api.w.org\/{rel}","templated":true}]}}