{"id":1259,"date":"2021-05-02T15:30:04","date_gmt":"2021-05-02T15:30:04","guid":{"rendered":"https:\/\/nipa-store.com\/es\/?post_type=product&#038;p=1259"},"modified":"2026-03-26T13:14:27","modified_gmt":"2026-03-26T13:14:27","slug":"combi-pangro","status":"publish","type":"product","link":"https:\/\/nipa-store.com\/es\/producto\/alpargatas\/clasica\/combi-pangro\/","title":{"rendered":"Combi Pangro"},"content":{"rendered":"<p>\u00bfListo\/a para descubrir las <strong>alpargatas Combi Pangro<\/strong> y darle a tus pies el m\u00e1ximo estilo y comodidad? \u00a1Vamos all\u00e1! Sigue leyendo y te sorprender\u00e1s.<\/p>\n<p>Estas <strong>alpargatas<\/strong> son de <strong>tipo cerrado<\/strong>, \u00a1<strong>unisex<\/strong>! dise\u00f1adas tanto para <strong>hombres<\/strong> como para <strong>mujeres<\/strong>, son la elecci\u00f3n perfecta para el verano y entre temporadas.<\/p>\n<p>El <strong>tejido de algod\u00f3n panam\u00e1<\/strong> en <strong>color gris<\/strong> con <strong>rayas blancas<\/strong> y <strong>negras<\/strong> le da este<strong> tradicional calzado de esparto<\/strong> un aspecto <strong>moderno<\/strong> y <strong>atractivo<\/strong>. Este tejido no solo es estiloso, sino tambi\u00e9n <strong>transpirable<\/strong>, lo que garantiza una adecuada ventilaci\u00f3n para tus pies en los d\u00edas calurosos.<\/p>\n<p>La <strong>plantilla de piqu\u00e9<\/strong>\u00a0incorporada es un <strong>tejido de algod\u00f3n<\/strong> con<strong> textura acolchada<\/strong> que brinda una sensaci\u00f3n de <strong>suavidad<\/strong> y <strong>comodidad<\/strong> a tus pies. Adem\u00e1s, la plantilla de pique proporciona una <strong>amortiguaci\u00f3n<\/strong> adicional, asegurando una experiencia de uso c\u00f3moda durante todo el d\u00eda.<\/p>\n<p>Con la <strong>suela de goma eva bicolor<\/strong> conseguimos, adem\u00e1s de <strong>amortiguaci\u00f3n<\/strong> y <strong>tracci\u00f3n<\/strong> en diferentes superficies, es un material <strong>ligero<\/strong>, <strong>flexible<\/strong> y <strong>duradero<\/strong> y agrega un toque de <strong>estilo<\/strong> y <strong>contraste<\/strong>.<\/p>\n<p>Y con las <strong>costuras reforzadas<\/strong> aseguran que tus alpargatas queden bien posicionadas y colocadas evitando irritaciones. No importa cu\u00e1nto camines o qu\u00e9 desaf\u00edos enfrentes, las <strong>Combi Pangro<\/strong> est\u00e1n dise\u00f1adas para <strong>resistir<\/strong> y mantenerte <strong>c\u00f3modo<\/strong> en todo momento.<\/p>\n<p>El<strong> forro interior 100% algod\u00f3n<\/strong> de estas esparte\u00f1as es un detalle que garantiza <strong>suavidad<\/strong> y <strong>comodidad<\/strong>. Este forro no solo ofrece un ambiente agradable para tus pies, sino que tambi\u00e9n <strong>absorbe la humedad<\/strong> y mantiene tus <strong>pies frescos<\/strong> y secos durante todo el d\u00eda.<\/p>\n<p>En l\u00ednea con nuestra filosof\u00eda de<strong> respeto por los animales y el medio ambiente<\/strong>, las alpargatas Combi Pangro son <strong>100% veganas<\/strong>. Esto significa que no se utilizan materiales de origen animal en su fabricaci\u00f3n y las convierte en una opci\u00f3n \u00e9tica y sostenible para los amantes de los animales y del planeta.<\/p>\n<p>Con un peso aproximado de <strong>150 gramos<\/strong> por par, son muy ligeras. Esto las convierte en el compa\u00f1ero perfecto para tus actividades diarias, ya sea pasear por la ciudad, disfrutar de un d\u00eda en la playa o simplemente relajarte en casa.<\/p>\n<p>Para <strong>mantener<\/strong> su <strong>color<\/strong> y prolongar su vida \u00fatil, recuerda<strong> lavarlas a mano con jab\u00f3n neutro<\/strong>.<\/p>\n<p>\u00a1No pierdas la oportunidad de lucir con estilo y comodidad! Adquiere tus alpargatas Combi Pangro hoy mismo y \u00a1listo\/a para conquistar el mundo con estilo y una sonrisa en el rostro!<\/p>\n","protected":false},"excerpt":{"rendered":"<p><strong>Modelo COMBI PANGRO<\/strong><\/p>\n<p><strong>L\u00ednea Cl\u00e1sicas<\/strong><\/p>\n<ul>\n<li>Tejido de algod\u00f3n panam\u00e1 gris con rayas blancas \/ negras (dise\u00f1ado para vos!)<\/li>\n<li>Plantilla de piqu\u00e9<\/li>\n<li>Suela de goma eva bicolor<\/li>\n<li>Costuras reforzadas (super resistente)<\/li>\n<li>Forro interior 100% algod\u00f3n (tacto mas suave)<\/li>\n<li>Producto vegano 100%<\/li>\n<li>Pesa 150 gr. aprox. el par (c\u00f3modo y liviano)<\/li>\n<li>Ajuste anat\u00f3mico a tus pies<\/li>\n<li>Lavar a mano con jab\u00f3n neutro (recomendaci\u00f3n).<\/li>\n<\/ul>\n","protected":false},"featured_media":1262,"comment_status":"open","ping_status":"closed","template":"","meta":{"_joinchat":{"telephone":"+34663750946","message_text":"Hola!\nGracias por contactarnos?, En que te podemos ayudar? Que talla usas?"}},"product_brand":[],"product_cat":[381,393,394],"product_tag":[351,364,357,363,365,361,356,355],"class_list":{"0":"post-1259","1":"product","2":"type-product","3":"status-publish","4":"has-post-thumbnail","6":"product_cat-clasica","7":"product_cat-hombre","8":"product_cat-mujer","9":"product_tag-alpargata","10":"product_tag-alpargata-comoda","11":"product_tag-alpargata-diseno","12":"product_tag-alpargata-vegana","13":"product_tag-calzado-comodo","14":"product_tag-calzado-ligero","15":"product_tag-calzado-verano","16":"product_tag-unisex","17":"pa_talla-337","18":"pa_talla-338","19":"pa_talla-339","20":"pa_talla-340","21":"pa_talla-341","22":"pa_talla-342","23":"pa_talla-343","24":"pa_talla-344","25":"pa_talla-345","26":"pa_talla-346","27":"pa_talla-347","28":"pa_talla-348","30":"first","31":"outofstock","32":"taxable","33":"shipping-taxable","34":"purchasable","35":"product-type-variable"},"jetpack_sharing_enabled":true,"_links":{"self":[{"href":"https:\/\/nipa-store.com\/es\/wp-json\/wp\/v2\/product\/1259","targetHints":{"allow":["GET"]}}],"collection":[{"href":"https:\/\/nipa-store.com\/es\/wp-json\/wp\/v2\/product"}],"about":[{"href":"https:\/\/nipa-store.com\/es\/wp-json\/wp\/v2\/types\/product"}],"replies":[{"embeddable":true,"href":"https:\/\/nipa-store.com\/es\/wp-json\/wp\/v2\/comments?post=1259"}],"wp:featuredmedia":[{"embeddable":true,"href":"https:\/\/nipa-store.com\/es\/wp-json\/wp\/v2\/media\/1262"}],"wp:attachment":[{"href":"https:\/\/nipa-store.com\/es\/wp-json\/wp\/v2\/media?parent=1259"}],"wp:term":[{"taxonomy":"product_brand","embeddable":true,"href":"https:\/\/nipa-store.com\/es\/wp-json\/wp\/v2\/product_brand?post=1259"},{"taxonomy":"product_cat","embeddable":true,"href":"https:\/\/nipa-store.com\/es\/wp-json\/wp\/v2\/product_cat?post=1259"},{"taxonomy":"product_tag","embeddable":true,"href":"https:\/\/nipa-store.com\/es\/wp-json\/wp\/v2\/product_tag?post=1259"}],"curies":[{"name":"wp","href":"https:\/\/api.w.org\/{rel}","templated":true}]}}