{"id":1367,"date":"2022-05-09T16:08:48","date_gmt":"2022-05-09T16:08:48","guid":{"rendered":"https:\/\/nipa-store.com\/es\/?post_type=product&#038;p=1367"},"modified":"2026-03-10T15:18:28","modified_gmt":"2026-03-10T15:18:28","slug":"flufla","status":"publish","type":"product","link":"https:\/\/nipa-store.com\/es\/producto\/alpargatas\/clasica\/flufla\/","title":{"rendered":"Flufla"},"content":{"rendered":"<p>\u00a1Te presentamos las fant\u00e1sticas <strong>alpargatas<\/strong> <strong>Flufla<\/strong>! \u00bfQuieres lucir un <strong>estilo<\/strong> \u00fanico y llamativo? \u00a1Pues \u00e9stas pueden ser tu <strong>mejor opci\u00f3n<\/strong>!<\/p>\n<p>La elegancia del <strong>tejido de algod\u00f3n<\/strong> rayado con textura en tonos <strong>rojo<\/strong>, <strong>blanco<\/strong> y <strong>negro<\/strong>,\u00a0<span style=\"font-size: 14.4px;\">\u00a0<\/span><span style=\"font-size: 14.4px;\">ha sido cuidadosamente seleccionado para brindarte un aspecto original y sofisticado, \u00a1<\/span><span style=\"font-size: 14.4px;\">lucir\u00e1s incre\u00edble!<\/span><\/p>\n<p>Fabricados con los mejores materiales, garantizan una <strong>durabilidad<\/strong> excepcional. Sus <strong>costuras reforzadas<\/strong> aportan una <strong>resistencia superior<\/strong>, asegurando que estos zapatos te acompa\u00f1en durante mucho tiempo.<\/p>\n<p>Con <strong>plantilla de piqu\u00e9<\/strong>\u00a0incorporada, te ofrece <strong>comodidad<\/strong> excepcional en cada paso. La <strong>suela de goma eva bicolor<\/strong> se agarra y tracciona sobre cualquier superficie, pudi\u00e9ndolas llevar tanto para tus aventuras urbanas como para ese evento que tanto esperas.<\/p>\n<p>En su interior hemos insertado un <strong>forro 100% algod\u00f3n <\/strong><span style=\"font-size: 14.4px;\">asegura un tacto suave y agradable y<\/span><span style=\"font-size: 14.4px;\"> tus pies estar\u00e1n bien suavitos y frescos; la <\/span><strong style=\"font-size: 14.4px;\">cinta al bies<\/strong><span style=\"font-size: 14.4px;\"> adem\u00e1s permite un <\/span><strong style=\"font-size: 14.4px;\">ajuste anat\u00f3mico<\/strong><span style=\"font-size: 14.4px;\"> a tus pies. <\/span><span style=\"font-size: 14.4px;\">Adem\u00e1s, su forro de algod\u00f3n\u00a0 cuidando la salud de tus pies en todo momento.<\/span><\/p>\n<p><span style=\"font-size: 14.4px;\">\u00bfVas de <strong>viaje<\/strong>? \u00a1Pues ll\u00e9vate tus <strong>Fluflas de Nipe<\/strong> porque solo pesan 150 gramos! Adem\u00e1s, tus pasos ser\u00e1n m\u00e1s ligeros. \u00a1Olv\u00eddate de la pesadez al andar!<\/span><\/p>\n<p>\u00bfEres o te gustar\u00eda ser m\u00e1s <strong>responsable con el medio ambiente<\/strong>? Estos <strong>zapatos de esparto<\/strong> han sido fabricados sin utilizar ning\u00fan producto de origen animal, reducimos tambi\u00e9n el consumo de agua, lo que los convierte en una <strong>elecci\u00f3n \u00e9tica<\/strong> y <strong>respetuosa<\/strong> con el <strong>medio ambiente<\/strong>.<\/p>\n<p>Este <strong>calzado de esparto<\/strong> est\u00e1 dise\u00f1ado para adaptarse tanto a <strong>hombres<\/strong> como a <strong>mujeres<\/strong>. Su dise\u00f1o vanguardista y atractivo los convierte en el complemento perfecto para cualquier conjunto, ya sea casual o m\u00e1s elegante.<\/p>\n<p>Mantener y cuidar estas <strong>esparte\u00f1as<\/strong> es muy sencillo: solo tienes que <strong>lavarlos a mano con jab\u00f3n neutro<\/strong> para preservar su apariencia y prolongar su vida \u00fatil.<\/p>\n<p>No pierdas la oportunidad de lucir este modelo \u00fanico y vegano, con un dise\u00f1o deslumbrante de algod\u00f3n rayado en tonos rojo, blanco y negro. \u00a1Consigue tus Flufla ahora y cu\u00e9ntanos qu\u00e9 tal te han ido.<\/p>\n","protected":false},"excerpt":{"rendered":"<p><strong>Modelo Flufla<\/strong><\/p>\n<p><strong>L\u00ednea Cl\u00e1sicas<\/strong><\/p>\n<ul>\n<li>Tejido algod\u00f3n rayado con textura en tonos rojo\/blanco\/negro (dise\u00f1ado para vos!)<\/li>\n<li>Plantilla de piqu\u00e9<\/li>\n<li>Suela de goma eva bicolor<\/li>\n<li>Costuras reforzadas (super resistente)<\/li>\n<li>Forro interior 100% algod\u00f3n (tacto mas suave)<\/li>\n<li>Producto vegano 100%<\/li>\n<li>Pesa 150 gr. aprox. el par (c\u00f3modo y liviano)<\/li>\n<li>Ajuste anat\u00f3mico a tus pies<\/li>\n<li>Lavar a mano con jab\u00f3n neutro (recomendaci\u00f3n)<\/li>\n<\/ul>\n","protected":false},"featured_media":1387,"comment_status":"open","ping_status":"closed","template":"","meta":{"_joinchat":{"telephone":"+34663750946"}},"product_brand":[],"product_cat":[381,393,394],"product_tag":[351,364,357,363,352,365,360,361,358,359,362,356,366,353,354,355],"class_list":{"0":"post-1367","1":"product","2":"type-product","3":"status-publish","4":"has-post-thumbnail","6":"product_cat-clasica","7":"product_cat-hombre","8":"product_cat-mujer","9":"product_tag-alpargata","10":"product_tag-alpargata-comoda","11":"product_tag-alpargata-diseno","12":"product_tag-alpargata-vegana","13":"product_tag-calzado","14":"product_tag-calzado-comodo","15":"product_tag-calzado-joven","16":"product_tag-calzado-ligero","17":"product_tag-calzado-liviano","18":"product_tag-calzado-moderno","19":"product_tag-calzado-vegano","20":"product_tag-calzado-verano","21":"product_tag-espadrille","22":"product_tag-hombre","23":"product_tag-mujer","24":"product_tag-unisex","25":"pa_talla-337","26":"pa_talla-338","27":"pa_talla-339","28":"pa_talla-340","29":"pa_talla-341","30":"pa_talla-342","31":"pa_talla-343","32":"pa_talla-344","33":"pa_talla-345","34":"pa_talla-346","35":"pa_talla-347","36":"pa_talla-348","38":"first","39":"instock","40":"sale","41":"taxable","42":"shipping-taxable","43":"purchasable","44":"product-type-variable"},"jetpack_sharing_enabled":true,"_links":{"self":[{"href":"https:\/\/nipa-store.com\/es\/wp-json\/wp\/v2\/product\/1367","targetHints":{"allow":["GET"]}}],"collection":[{"href":"https:\/\/nipa-store.com\/es\/wp-json\/wp\/v2\/product"}],"about":[{"href":"https:\/\/nipa-store.com\/es\/wp-json\/wp\/v2\/types\/product"}],"replies":[{"embeddable":true,"href":"https:\/\/nipa-store.com\/es\/wp-json\/wp\/v2\/comments?post=1367"}],"wp:featuredmedia":[{"embeddable":true,"href":"https:\/\/nipa-store.com\/es\/wp-json\/wp\/v2\/media\/1387"}],"wp:attachment":[{"href":"https:\/\/nipa-store.com\/es\/wp-json\/wp\/v2\/media?parent=1367"}],"wp:term":[{"taxonomy":"product_brand","embeddable":true,"href":"https:\/\/nipa-store.com\/es\/wp-json\/wp\/v2\/product_brand?post=1367"},{"taxonomy":"product_cat","embeddable":true,"href":"https:\/\/nipa-store.com\/es\/wp-json\/wp\/v2\/product_cat?post=1367"},{"taxonomy":"product_tag","embeddable":true,"href":"https:\/\/nipa-store.com\/es\/wp-json\/wp\/v2\/product_tag?post=1367"}],"curies":[{"name":"wp","href":"https:\/\/api.w.org\/{rel}","templated":true}]}}