{"id":1447,"date":"2021-05-16T15:30:49","date_gmt":"2021-05-16T15:30:49","guid":{"rendered":"https:\/\/nipa-store.com\/es\/?post_type=product&#038;p=1447"},"modified":"2026-03-26T13:14:14","modified_gmt":"2026-03-26T13:14:14","slug":"derqui","status":"publish","type":"product","link":"https:\/\/nipa-store.com\/es\/producto\/alpargatas\/clasica\/derqui\/","title":{"rendered":"Derqui"},"content":{"rendered":"<p>\u00a1Prep\u00e1rate porque est\u00e1s a punto de conocer todos los beneficios de las <strong>alpargatas Derqui<\/strong>. Enam\u00f3rate de su <strong>estilo cl\u00e1sico<\/strong> y <strong>vers\u00e1til<\/strong>! Este <strong>zapato de esparto<\/strong> <strong>tipo cerrado<\/strong> son perfectas para <strong>hombres<\/strong> y <strong>mujeres<\/strong>, y se adaptan tanto al <strong>verano<\/strong> como a las temporadas de<strong> entre tiempo<\/strong>. Sigue leyendo para descubrir las incre\u00edbles caracter\u00edsticas de este calzado de esparto que te har\u00e1 lucir a la moda en cualquier ocasi\u00f3n.<\/p>\n<p>El <strong>tejido<\/strong> presenta una <strong>combinaci\u00f3n de red azul con fondo crudo<\/strong>, dise\u00f1ado especialmente para ofrecerte un <strong>look fresco<\/strong> y <strong>estilizado<\/strong>. Adem\u00e1s de su atractivo dise\u00f1o, estas alpargatas est\u00e1n fabricadas con <strong>materiales de alta calidad<\/strong> para brindarte <strong>comodidad<\/strong> y <strong>durabilidad<\/strong>.<\/p>\n<p>Una caracter\u00edstica destacada es su <strong>plantilla de piqu\u00e9<\/strong>. \u00bfQu\u00e9 es el pique? Es un <strong>tejido de algod\u00f3n<\/strong> con una <strong>textura acolchada<\/strong> que proporciona una <strong>sensaci\u00f3n<\/strong> de <strong>suavidad<\/strong> y <strong>comodidad<\/strong> a cada paso que des.<\/p>\n<p>Incluimos tambi\u00e9n un <strong>ajuste anat\u00f3mico<\/strong> a tus pies, para que queden bien sujetas y no produzcan esas odiosas y molestas rozaduras.<\/p>\n<p>La <strong>suela de goma eva bicolor<\/strong> es otra caracter\u00edstica clave de estas alpargatas. La goma eva es un <strong>material ligero y flexible<\/strong> que proporciona una gran <strong>amortiguaci\u00f3n<\/strong> y <strong>tracci\u00f3n<\/strong>. Su dise\u00f1o <strong>bicolor<\/strong> agrega un toque de estilo y originalidad a tus pasos, convirtiendo a las <strong>Derqui<\/strong> en el complemento perfecto para cualquier atuendo.<\/p>\n<p>Las <strong>costuras reforzadas<\/strong> son un detalle importante en estas esparte\u00f1as. Estas costuras, con su <strong>resistencia adicional<\/strong>, aseguran que tus alpargatas soporten el uso diario y se mantengan en excelente estado durante mucho tiempo. No importa cu\u00e1nto camines, est\u00e1n preparadas para acompa\u00f1arte en cada aventura, como t\u00fa.<\/p>\n<p>El <strong>forro interior de algod\u00f3n al 100%<\/strong> no solo garantiza una sensaci\u00f3n <strong>suave<\/strong> al tacto, sino que tambi\u00e9n permite que tus pies <strong>respiren<\/strong> y se mantengan <strong>frescos<\/strong> en los d\u00edas calurosos. Este <strong>forro<\/strong> es <strong>transpirable<\/strong> y evita la acumulaci\u00f3n de humedad, brind\u00e1ndote una experiencia de uso confortable y libre de irritaciones.<\/p>\n<p>En l\u00ednea con nuestra filosof\u00eda de <strong>respeto por los animales<\/strong> y el <strong>medio ambiente<\/strong>, las alpargatas <strong>Derqui<\/strong> es un <strong>calzado 100% vegano<\/strong>. Esto significa que no se utilizan materiales de origen animal en su fabricaci\u00f3n, lo que las convierte en una opci\u00f3n \u00e9tica y sostenible para los amantes de los animales y del planeta.<\/p>\n<p>Adem\u00e1s de todas estas caracter\u00edsticas, son sorprendentemente <strong>livianas<\/strong>, con un <strong>peso<\/strong> aproximado de <strong>150 gramos<\/strong> por par. Esto las convierte en un <strong>calzado<\/strong> c\u00f3modo y <strong>ligero<\/strong>, ideal para llevar durante largos paseos, viajes o simplemente para disfrutar de tus actividades diarias sin sentir cansancio en los pies.<\/p>\n<p>Para mantenerlas en perfecto estado, te recomendamos <strong>lavarlas a mano con jab\u00f3n neutro<\/strong>. Este m\u00e9todo de limpieza suave y delicado ayudar\u00e1 a preservar la <strong>calidad<\/strong> de los materiales y prolongar la vida \u00fatil de tus alpargatas.<\/p>\n<p>\u00a1No pierdas la oportunidad de lucir elegante y a la moda con las <strong>alpargatas Derqui<\/strong>! Aprovecha su dise\u00f1o cl\u00e1sico, caracter\u00edsticas premium y compromiso con la moda sostenible y adquiere las tuyas hoy mismo. \u00a1Tu estilo y tus pies te lo agradecer\u00e1n!<\/p>\n","protected":false},"excerpt":{"rendered":"<p><strong>Modelo Derqui<\/strong><\/p>\n<p><strong>L\u00ednea Cl\u00e1sicas<\/strong><\/p>\n<ul>\n<li>Tejido red azul con fondo crudo (dise\u00f1ado para vos!)<\/li>\n<li>Plantilla de piqu\u00e9<\/li>\n<li>Suela de goma eva bicolor<\/li>\n<li>Costuras reforzadas (super resistente)<\/li>\n<li>Forro interior 100% algod\u00f3n (tacto mas suave)<\/li>\n<li>Producto vegano 100%<\/li>\n<li>Pesa 150 gr. aprox. el par (c\u00f3modo y liviano)<\/li>\n<li>Ajuste anat\u00f3mico a tus pies<\/li>\n<li>Lavar a mano con jab\u00f3n neutro (recomendaci\u00f3n)<\/li>\n<\/ul>\n","protected":false},"featured_media":1239,"comment_status":"open","ping_status":"closed","template":"","meta":{"_joinchat":{"telephone":"+34663750946"}},"product_brand":[],"product_cat":[381,393,394],"product_tag":[351,364,357,363,352,365,360,361,358,359,362,356,366,353,354,355],"class_list":{"0":"post-1447","1":"product","2":"type-product","3":"status-publish","4":"has-post-thumbnail","6":"product_cat-clasica","7":"product_cat-hombre","8":"product_cat-mujer","9":"product_tag-alpargata","10":"product_tag-alpargata-comoda","11":"product_tag-alpargata-diseno","12":"product_tag-alpargata-vegana","13":"product_tag-calzado","14":"product_tag-calzado-comodo","15":"product_tag-calzado-joven","16":"product_tag-calzado-ligero","17":"product_tag-calzado-liviano","18":"product_tag-calzado-moderno","19":"product_tag-calzado-vegano","20":"product_tag-calzado-verano","21":"product_tag-espadrille","22":"product_tag-hombre","23":"product_tag-mujer","24":"product_tag-unisex","25":"pa_talla-337","26":"pa_talla-338","27":"pa_talla-339","28":"pa_talla-340","29":"pa_talla-341","30":"pa_talla-342","31":"pa_talla-343","32":"pa_talla-344","33":"pa_talla-345","34":"pa_talla-346","35":"pa_talla-347","36":"pa_talla-348","38":"first","39":"outofstock","40":"taxable","41":"shipping-taxable","42":"purchasable","43":"product-type-variable"},"jetpack_sharing_enabled":true,"_links":{"self":[{"href":"https:\/\/nipa-store.com\/es\/wp-json\/wp\/v2\/product\/1447","targetHints":{"allow":["GET"]}}],"collection":[{"href":"https:\/\/nipa-store.com\/es\/wp-json\/wp\/v2\/product"}],"about":[{"href":"https:\/\/nipa-store.com\/es\/wp-json\/wp\/v2\/types\/product"}],"replies":[{"embeddable":true,"href":"https:\/\/nipa-store.com\/es\/wp-json\/wp\/v2\/comments?post=1447"}],"wp:featuredmedia":[{"embeddable":true,"href":"https:\/\/nipa-store.com\/es\/wp-json\/wp\/v2\/media\/1239"}],"wp:attachment":[{"href":"https:\/\/nipa-store.com\/es\/wp-json\/wp\/v2\/media?parent=1447"}],"wp:term":[{"taxonomy":"product_brand","embeddable":true,"href":"https:\/\/nipa-store.com\/es\/wp-json\/wp\/v2\/product_brand?post=1447"},{"taxonomy":"product_cat","embeddable":true,"href":"https:\/\/nipa-store.com\/es\/wp-json\/wp\/v2\/product_cat?post=1447"},{"taxonomy":"product_tag","embeddable":true,"href":"https:\/\/nipa-store.com\/es\/wp-json\/wp\/v2\/product_tag?post=1447"}],"curies":[{"name":"wp","href":"https:\/\/api.w.org\/{rel}","templated":true}]}}