{"id":1490,"date":"2021-05-16T17:28:42","date_gmt":"2021-05-16T17:28:42","guid":{"rendered":"https:\/\/nipa-store.com\/es\/?post_type=product&#038;p=1490"},"modified":"2026-03-26T13:14:00","modified_gmt":"2026-03-26T13:14:00","slug":"combifierro","status":"publish","type":"product","link":"https:\/\/nipa-store.com\/es\/producto\/alpargatas\/clasica\/combifierro\/","title":{"rendered":"Combi Fierro"},"content":{"rendered":"<p>Estas <strong>alpargatas Combi Fiero de tipo cerrado<\/strong> y<strong> l\u00edneas cl\u00e1sicas<\/strong> es el\u00a0\u00a0<span style=\"font-size: 14.4px\">calzado perfecto para aquellos que buscan <strong>comodidad<\/strong>, <strong>estilo<\/strong> y <strong>conciencia ecol\u00f3gica<\/strong>.<\/span><span style=\"font-size: 14.4px\"> \u00a1Sum\u00e9rgete en la elegancia cl\u00e1sica con un toque contempor\u00e1neo! Conoce todos los beneficios que aportan a tus pies.\u00a0<\/span><\/p>\n<p>Hemos dise\u00f1ado el <strong>tejido de algod\u00f3n<\/strong> combinando una <strong>puntera negra lisa<\/strong> y el <strong>lateral\u00a0<\/strong> con <strong>rayas<\/strong> en <strong>tonos negro y blanco<\/strong>. Este dise\u00f1o sofisticado ha sido cuidadosamente pensado para brindarte un look moderno y perfecto para cualquier ocasi\u00f3n.<\/p>\n<p>El <strong>forro interior 100% algod\u00f3n<\/strong> garantiza <strong>transpirabilidad<\/strong> y <strong>confort<\/strong>, manteniendo tus pies frescos durante los d\u00edas m\u00e1s c\u00e1lidos.<\/p>\n<p>La <strong>plantilla de piqu\u00e9<\/strong>\u00a0a\u00f1ade un extra de <strong>suavidad<\/strong> y <strong>comodidad<\/strong> cuando caminas. Adem\u00e1s, la <strong>suela de goma eva bicolor<\/strong> proporciona un <strong>agarre<\/strong> seguro y una excelente <strong>amortiguaci\u00f3n<\/strong>.<\/p>\n<p>Su <strong>ajuste anat\u00f3mico<\/strong> se adapta perfectamente a la forma de tus pies, ofreciendo una experiencia de uso personalizada y agradable.<\/p>\n<p>Las <strong>costuras reforzadas<\/strong> aseguran la <strong>durabilidad<\/strong> y <strong>resistencia<\/strong> de las alpargatas, para que puedas disfrutarlas durante mucho tiempo.<\/p>\n<p>Y lo mejor de todo: son un <strong>producto vegano<\/strong>, <strong>no se utiliza ning\u00fan material de origen animal<\/strong>, lo que las convierte en una elecci\u00f3n \u00e9tica y sostenible.<\/p>\n<p>Con un peso de <strong>150 gramo<\/strong>s por par, estas esparte\u00f1as son incre\u00edblemente <strong>ligeras<\/strong>, y aporta naturalidad en cada paso.<\/p>\n<p>Para mantener tus alpargatas en perfecto estado, te recomendamos <strong>lavarlas a mano con jab\u00f3n neutro<\/strong>. De esta manera, conservar\u00e1n su apariencia y calidad por m\u00e1s tiempo, para que puedas disfrutar de ellas en todas tus aventuras.<\/p>\n<p>Este calzado de esparto tambi\u00e9n es <strong>unisex<\/strong>, dise\u00f1adas para que tanto <strong>hombres<\/strong> como <strong>mujeres<\/strong> puedan disfrutar de su estilo. Adem\u00e1s, son ideales para lucir en verano y en temperaturas m\u00e1s frescas, convirti\u00e9ndose en un <strong>calzado vers\u00e1til<\/strong> y <strong>funcional<\/strong> para cualquier \u00e9poca del a\u00f1o.<\/p>\n<p>Ahora que conoces todas las caracter\u00edsticas excepcionales de las alpargatas Combi Fiero, \u00bfpor qu\u00e9 esperar m\u00e1s? Atr\u00e9vete a dar un paso adelante con estilo y elige unas alpargatas que reflejen tu personalidad y preocupaci\u00f3n por el medio ambiente. \u00a1Compra tus Combi Fiero ahora y disfruta de la comodidad y elegancia que te mereces!<\/p>\n","protected":false},"excerpt":{"rendered":"<p><strong>Modelo Combi Fierro (Combineta de Fierro)<\/strong><\/p>\n<p><strong>L\u00ednea Cl\u00e1sicas<\/strong><\/p>\n<ul>\n<li>Tejido algod\u00f3n puntera negra lisa con rayas tejidas laterales en tonos Negro\/Blanco (dise\u00f1ado para vos!)<\/li>\n<li>Plantilla de piqu\u00e9<\/li>\n<li>Suela de goma eva bicolor<\/li>\n<li>Costuras reforzadas (super resistente)<\/li>\n<li>Forro interior 100% algod\u00f3n (tacto mas suave)<\/li>\n<li>Producto vegano 100%<\/li>\n<li>Pesa 150 gr. aprox. el par (c\u00f3modo y liviano)<\/li>\n<li>Ajuste anat\u00f3mico a tus pies<\/li>\n<li>Lavar a mano con jab\u00f3n neutro (recomendaci\u00f3n)<\/li>\n<\/ul>\n","protected":false},"featured_media":1268,"comment_status":"open","ping_status":"closed","template":"","meta":{"_joinchat":{"telephone":"+34663750946"}},"product_brand":[],"product_cat":[381,393,394],"product_tag":[351,364,357,363,352,365,360,361,358,359,362,356,366,353,354,355],"class_list":{"0":"post-1490","1":"product","2":"type-product","3":"status-publish","4":"has-post-thumbnail","6":"product_cat-clasica","7":"product_cat-hombre","8":"product_cat-mujer","9":"product_tag-alpargata","10":"product_tag-alpargata-comoda","11":"product_tag-alpargata-diseno","12":"product_tag-alpargata-vegana","13":"product_tag-calzado","14":"product_tag-calzado-comodo","15":"product_tag-calzado-joven","16":"product_tag-calzado-ligero","17":"product_tag-calzado-liviano","18":"product_tag-calzado-moderno","19":"product_tag-calzado-vegano","20":"product_tag-calzado-verano","21":"product_tag-espadrille","22":"product_tag-hombre","23":"product_tag-mujer","24":"product_tag-unisex","25":"pa_talla-337","26":"pa_talla-338","27":"pa_talla-339","28":"pa_talla-340","29":"pa_talla-341","30":"pa_talla-342","31":"pa_talla-343","32":"pa_talla-344","33":"pa_talla-345","34":"pa_talla-346","35":"pa_talla-347","36":"pa_talla-348","38":"first","39":"outofstock","40":"taxable","41":"shipping-taxable","42":"purchasable","43":"product-type-variable"},"jetpack_sharing_enabled":true,"_links":{"self":[{"href":"https:\/\/nipa-store.com\/es\/wp-json\/wp\/v2\/product\/1490","targetHints":{"allow":["GET"]}}],"collection":[{"href":"https:\/\/nipa-store.com\/es\/wp-json\/wp\/v2\/product"}],"about":[{"href":"https:\/\/nipa-store.com\/es\/wp-json\/wp\/v2\/types\/product"}],"replies":[{"embeddable":true,"href":"https:\/\/nipa-store.com\/es\/wp-json\/wp\/v2\/comments?post=1490"}],"wp:featuredmedia":[{"embeddable":true,"href":"https:\/\/nipa-store.com\/es\/wp-json\/wp\/v2\/media\/1268"}],"wp:attachment":[{"href":"https:\/\/nipa-store.com\/es\/wp-json\/wp\/v2\/media?parent=1490"}],"wp:term":[{"taxonomy":"product_brand","embeddable":true,"href":"https:\/\/nipa-store.com\/es\/wp-json\/wp\/v2\/product_brand?post=1490"},{"taxonomy":"product_cat","embeddable":true,"href":"https:\/\/nipa-store.com\/es\/wp-json\/wp\/v2\/product_cat?post=1490"},{"taxonomy":"product_tag","embeddable":true,"href":"https:\/\/nipa-store.com\/es\/wp-json\/wp\/v2\/product_tag?post=1490"}],"curies":[{"name":"wp","href":"https:\/\/api.w.org\/{rel}","templated":true}]}}