{"id":1504,"date":"2021-05-16T17:36:12","date_gmt":"2021-05-16T17:36:12","guid":{"rendered":"https:\/\/nipa-store.com\/es\/?post_type=product&#038;p=1504"},"modified":"2026-03-26T13:13:49","modified_gmt":"2026-03-26T13:13:49","slug":"combivaticana","status":"publish","type":"product","link":"https:\/\/nipa-store.com\/es\/producto\/alpargatas\/clasica\/combivaticana\/","title":{"rendered":"Combi Vaticana"},"content":{"rendered":"<p>\u00a1Descubre las <strong>alpargatas Combi Vaticana<\/strong> y disfruta del encanto <strong>cl\u00e1sico<\/strong> con un<strong> toque de estilo contempor\u00e1neo<\/strong>! Estas alpargatas <strong>tipo cerrado<\/strong> son el complemento perfecto para tu zapatero este verano.<\/p>\n<p>Fabricadas con <strong>tejido de algod\u00f3n panam\u00e1 amarillo\/crudo<\/strong> con laterales de <strong>rayado tejido en tonos amarillo y blanco<\/strong> ha sido cuidadosamente dise\u00f1ado para realzar tu estilo personal. Cada detalle de este tejido ha sido seleccionado con esmero para ofrecerte una <strong>apariencia<\/strong> <strong>sofisticada<\/strong> y <strong>distintiva<\/strong>.<\/p>\n<p>La plantilla es de <strong>piqu\u00e9<\/strong>\u00a0que aporta <strong>comodidad<\/strong> duradera, <strong>soporte<\/strong> suave y acolchada tus pasos. Tu confort es una prioridad para Nipa.<\/p>\n<p>Con la <strong>suela de goma eva bicolor <\/strong>a\u00f1adimos un\u00a0<strong>aspecto moderno<\/strong> al dise\u00f1o y mejor <strong>agarre<\/strong> y <strong>tracci\u00f3n<\/strong> en diferentes superficies. Ya sea que pasees por la ciudad o disfrutes de un d\u00eda en la playa, te olvidar\u00e1s de los resbalones.<\/p>\n<p>Las <strong>costuras reforzadas<\/strong> sirven para aportar <strong>resistencia<\/strong> y <strong>durabilidad <\/strong>a este <strong>calzado de esparto<\/strong>. Especialmente dise\u00f1adas para resistir que te las pongas todos los d\u00edas y te duren muchos a\u00f1os.<\/p>\n<p><strong>Mayor comodidad<\/strong> conseguimos con el<strong> forro interior 100% algod\u00f3n<\/strong>. Muy suave para tus pies y evitar rozaduras inc\u00f3modas e innecesarias por el sudor. Adem\u00e1s es muy transpirable, as\u00ed que tus pies estar\u00e1n perfectos todo el d\u00eda por mucho que andes con ellas.<\/p>\n<p>Y no s\u00f3lo eso. En Nipa sabemos que casa pie es diferente, as\u00ed que la incorporaci\u00f3n de un <strong>ajuste anat\u00f3mico<\/strong> garantiza que estas alpargatas se adapten a la forma de tus pies, brind\u00e1ndote un ajuste c\u00f3modo y personalizado. Se ajustan perfectamente a tus necesidades.<\/p>\n<p>Son <strong>100% veganas<\/strong>,no contienen ning\u00fan material de origen animal para fabricarlas, as\u00ed que si te preocupa el bienestar animal y el impacto medioambiental, estas alpargatas son la mejor elecci\u00f3n. \u00a1Lucir estilo y elegancia sin comprometer tus valores, es posible!<\/p>\n<p>Otro aspecto importante es su <strong>peso<\/strong>. \u00a1<strong>150 gramos<\/strong> por par!, s\u00faper ligeras y livianas para llevarlas puestas o cuando vayas de viaje.<\/p>\n<p>Podr\u00e1s mantener tus alpargatas en buenas condiciones si las <strong>lavas a mano con jab\u00f3n neutro.<\/strong> As\u00ed prolongar\u00e1s su vida \u00fatil y mantendr\u00e1s su apariencia impecable.<\/p>\n<p>Su <strong>versatilidad<\/strong> las convierte en la opci\u00f3n ideal para el verano y las temperaturas menos c\u00e1lidas. Adem\u00e1s son <strong>unisex<\/strong> y puedes combinarlas con tus conjuntos casuales, playeros o m\u00e1s elegantes, a\u00f1adiendo un toque de sofisticaci\u00f3n a tu estilo personal.<\/p>\n<p>No pierdas la oportunidad de adquirir estas incre\u00edbles esparte\u00f1as y experimenta la perfecta combinaci\u00f3n de estilo, comodidad y sostenibilidad. Haz tu pedido ahora mismo. \u00a1No te arrepentir\u00e1s de lucir estas aut\u00e9nticas alpargatas en tus pies!<\/p>\n","protected":false},"excerpt":{"rendered":"<p><strong>Modelo Combi Vaticana<\/strong><\/p>\n<p><strong>L\u00ednea Cl\u00e1sicas<\/strong><\/p>\n<ul>\n<li>Tejido algod\u00f3n panam\u00e1 amarillo\/crudo con laterales de rayado tejido en tonos amarillo y blanco (dise\u00f1ado para vos!)<\/li>\n<li>Plantilla de piqu\u00e9<\/li>\n<li>Suela de goma eva bicolor<\/li>\n<li>Costuras reforzadas (super resistente)<\/li>\n<li>Forro interior 100% algod\u00f3n (tacto mas suave)<\/li>\n<li>Producto vegano 100%<\/li>\n<li>Pesa 150 gr. aprox. el par (c\u00f3modo y liviano)<\/li>\n<li>Ajuste anat\u00f3mico a tus pies<\/li>\n<li>Lavar a mano con jab\u00f3n neutro (recomendaci\u00f3n)<\/li>\n<\/ul>\n","protected":false},"featured_media":1274,"comment_status":"open","ping_status":"closed","template":"","meta":{"_joinchat":{"telephone":"+34663750946"}},"product_brand":[],"product_cat":[381,393,394],"product_tag":[351,364,357,363,352,365,360,361,358,359,362,356,366,353,354,355],"class_list":{"0":"post-1504","1":"product","2":"type-product","3":"status-publish","4":"has-post-thumbnail","6":"product_cat-clasica","7":"product_cat-hombre","8":"product_cat-mujer","9":"product_tag-alpargata","10":"product_tag-alpargata-comoda","11":"product_tag-alpargata-diseno","12":"product_tag-alpargata-vegana","13":"product_tag-calzado","14":"product_tag-calzado-comodo","15":"product_tag-calzado-joven","16":"product_tag-calzado-ligero","17":"product_tag-calzado-liviano","18":"product_tag-calzado-moderno","19":"product_tag-calzado-vegano","20":"product_tag-calzado-verano","21":"product_tag-espadrille","22":"product_tag-hombre","23":"product_tag-mujer","24":"product_tag-unisex","25":"pa_talla-337","26":"pa_talla-338","27":"pa_talla-339","28":"pa_talla-340","29":"pa_talla-341","30":"pa_talla-342","31":"pa_talla-343","32":"pa_talla-344","33":"pa_talla-345","34":"pa_talla-346","35":"pa_talla-347","36":"pa_talla-348","38":"first","39":"outofstock","40":"taxable","41":"shipping-taxable","42":"purchasable","43":"product-type-variable"},"jetpack_sharing_enabled":true,"_links":{"self":[{"href":"https:\/\/nipa-store.com\/es\/wp-json\/wp\/v2\/product\/1504","targetHints":{"allow":["GET"]}}],"collection":[{"href":"https:\/\/nipa-store.com\/es\/wp-json\/wp\/v2\/product"}],"about":[{"href":"https:\/\/nipa-store.com\/es\/wp-json\/wp\/v2\/types\/product"}],"replies":[{"embeddable":true,"href":"https:\/\/nipa-store.com\/es\/wp-json\/wp\/v2\/comments?post=1504"}],"wp:featuredmedia":[{"embeddable":true,"href":"https:\/\/nipa-store.com\/es\/wp-json\/wp\/v2\/media\/1274"}],"wp:attachment":[{"href":"https:\/\/nipa-store.com\/es\/wp-json\/wp\/v2\/media?parent=1504"}],"wp:term":[{"taxonomy":"product_brand","embeddable":true,"href":"https:\/\/nipa-store.com\/es\/wp-json\/wp\/v2\/product_brand?post=1504"},{"taxonomy":"product_cat","embeddable":true,"href":"https:\/\/nipa-store.com\/es\/wp-json\/wp\/v2\/product_cat?post=1504"},{"taxonomy":"product_tag","embeddable":true,"href":"https:\/\/nipa-store.com\/es\/wp-json\/wp\/v2\/product_tag?post=1504"}],"curies":[{"name":"wp","href":"https:\/\/api.w.org\/{rel}","templated":true}]}}