{"id":1518,"date":"2021-05-16T17:41:33","date_gmt":"2021-05-16T17:41:33","guid":{"rendered":"https:\/\/nipa-store.com\/es\/?post_type=product&#038;p=1518"},"modified":"2026-03-26T13:13:28","modified_gmt":"2026-03-26T13:13:28","slug":"combi-laboulaye","status":"publish","type":"product","link":"https:\/\/nipa-store.com\/es\/producto\/alpargatas\/clasica\/combi-laboulaye\/","title":{"rendered":"Combi Laboulaye"},"content":{"rendered":"<p><strong>Laboulaye<\/strong> es el nombre de estas <strong>alpargatas<\/strong> de <strong>l\u00edneas cl\u00e1sicas<\/strong>, de tipo <strong>cerrado<\/strong> y un <strong>color verde aguamarina<\/strong> impresionante \u00a1Se van a fijar en tus pies! Y no s\u00f3lo eso, tienen cualidades en su fabricaci\u00f3n que te van a sorprender. Contin\u00faa leyendo y veras.<\/p>\n<p>El <strong>tejido<\/strong> es de <strong>algod\u00f3n panam\u00e1,<\/strong> verde completo en la puntera y rayas laterales tejidas en <strong>tonos verde<\/strong> y <strong>blanco<\/strong>. Cada detalle de este tejido ha sido cuidadosamente seleccionado para brindarte un aspecto <strong>sofisticado<\/strong> y <strong>distintivo<\/strong>. Las rayas laterales a\u00f1aden un toque de <strong>frescura<\/strong> y <strong>originalidad<\/strong> a tus conjuntos.<\/p>\n<p>Llevan una <strong>plantilla de piqu\u00e9<\/strong>\u00a0dise\u00f1ada para ofrecerte una sensaci\u00f3n de <strong>comodidad<\/strong> durante todo el d\u00eda. \u00a1Son tan c\u00f3modas que no te las querr\u00e1s quitar!<\/p>\n<p>A\u00f1adimos una <strong>suela de goma eva bicolor,<\/strong> que no solo aporta un <strong>aspecto moderno<\/strong> al dise\u00f1o, sino que tambi\u00e9n te ofrece un mejor <strong>agarre<\/strong> y <strong>tracci\u00f3n<\/strong> en cualquier superficie. Ya sea que pasees por la ciudad o te relajes en la playa, podr\u00e1s caminar con estas alpargatas perfectamente.<\/p>\n<p>\u00a1Y todav\u00eda hay m\u00e1s! Porque incluimos un <strong>forro interior 100% algod\u00f3n<\/strong> para darle m\u00e1s <strong>suavidad<\/strong> a tus pies.<\/p>\n<p>Para la <strong>durabilidad<\/strong> y <strong>resistencia<\/strong> tienen unas <strong>costuras reforzadas<\/strong>, dise\u00f1adas para resistir muchos d\u00edas y proporcionarte un calzado de larga duraci\u00f3n.<\/p>\n<p>Sabemos que cada persona tiene un pie distinto, as\u00ed que el <strong>ajuste anat\u00f3mico<\/strong> garantiza que estas alpargatas se adapten a la forma de tus pies. Caminar\u00e1s con confianza y estilo, sabiendo que tus alpargatas se ajustan perfectamente a tus necesidades.<\/p>\n<p>Por otro lado, es un<strong> calzado vegano 100%<\/strong>, no contienen <strong>ning\u00fan material de origen animal<\/strong>. Si te preocupa el bienestar animal y el impacto medioambiental, no te lo pienses, vas a lucir <strong>estilo<\/strong> y <strong>elegancia<\/strong> sin comprometer tus valores.<\/p>\n<p>Con un <strong>peso<\/strong> aproximado de <strong>150 gramos<\/strong> por par, conseguimos la sensaci\u00f3n de <strong>ligereza<\/strong> para tus pies, sin sacrificar la comodidad. \u00a1Mu\u00e9vete como quieras con tus esparte\u00f1as!<\/p>\n<p>Te recomendamos <strong>lavarlas a mano con jab\u00f3n neutro<\/strong>. De esta manera, conservar\u00e1n su <strong>color<\/strong> y <strong>calidad<\/strong> por m\u00e1s tiempo. Evita colgarlas y s\u00e9calas a la sombra en posici\u00f3n plana para mantener su forma original.<\/p>\n<p>Y&#8230; \u00a1son <strong>unisex<\/strong>! V\u00e1lidas para hombres y mujeres. Adem\u00e1s, son adecuadas para su uso en verano y en temperaturas menos c\u00e1lidas, lo que las convierte en un calzado <strong>vers\u00e1til<\/strong> para diversas ocasiones.<\/p>\n<p>\u00a1Haz tu pedido ahora y disfruta de la experiencia de llevar unas aut\u00e9nticas alpargatas de <strong>Nipa<\/strong>!<\/p>\n","protected":false},"excerpt":{"rendered":"<p><strong>Modelo Combi Laboulaye<\/strong><\/p>\n<p><strong>L\u00ednea Cl\u00e1sicas<\/strong><\/p>\n<ul>\n<li>Tejido algod\u00f3n panam\u00e1 verde con rayas laterales tejidas en tonos verde y blanco (dise\u00f1ado para vos!)<\/li>\n<li>Plantilla de piqu\u00e9<\/li>\n<li>Suela de goma eva bicolor<\/li>\n<li>Costuras reforzadas (super resistente)<\/li>\n<li>Forro interior 100% algod\u00f3n (tacto mas suave)<\/li>\n<li>Producto vegano 100%<\/li>\n<li>Pesa 150 gr. aprox. el par (c\u00f3modo y liviano)<\/li>\n<li>Ajuste anat\u00f3mico a tus pies<\/li>\n<li>Lavar a mano con jab\u00f3n neutro (recomendaci\u00f3n)<\/li>\n<\/ul>\n","protected":false},"featured_media":1298,"comment_status":"open","ping_status":"closed","template":"","meta":{"_joinchat":{"telephone":"+34663750946"}},"product_brand":[],"product_cat":[381,393,394],"product_tag":[351,364,357,363,352,365,360,361,358,359,362,356,366,353,354,355],"class_list":{"0":"post-1518","1":"product","2":"type-product","3":"status-publish","4":"has-post-thumbnail","6":"product_cat-clasica","7":"product_cat-hombre","8":"product_cat-mujer","9":"product_tag-alpargata","10":"product_tag-alpargata-comoda","11":"product_tag-alpargata-diseno","12":"product_tag-alpargata-vegana","13":"product_tag-calzado","14":"product_tag-calzado-comodo","15":"product_tag-calzado-joven","16":"product_tag-calzado-ligero","17":"product_tag-calzado-liviano","18":"product_tag-calzado-moderno","19":"product_tag-calzado-vegano","20":"product_tag-calzado-verano","21":"product_tag-espadrille","22":"product_tag-hombre","23":"product_tag-mujer","24":"product_tag-unisex","25":"pa_talla-337","26":"pa_talla-338","27":"pa_talla-339","28":"pa_talla-340","29":"pa_talla-341","30":"pa_talla-342","31":"pa_talla-343","32":"pa_talla-344","33":"pa_talla-345","34":"pa_talla-346","35":"pa_talla-347","36":"pa_talla-348","38":"first","39":"outofstock","40":"taxable","41":"shipping-taxable","42":"purchasable","43":"product-type-variable"},"jetpack_sharing_enabled":true,"_links":{"self":[{"href":"https:\/\/nipa-store.com\/es\/wp-json\/wp\/v2\/product\/1518","targetHints":{"allow":["GET"]}}],"collection":[{"href":"https:\/\/nipa-store.com\/es\/wp-json\/wp\/v2\/product"}],"about":[{"href":"https:\/\/nipa-store.com\/es\/wp-json\/wp\/v2\/types\/product"}],"replies":[{"embeddable":true,"href":"https:\/\/nipa-store.com\/es\/wp-json\/wp\/v2\/comments?post=1518"}],"wp:featuredmedia":[{"embeddable":true,"href":"https:\/\/nipa-store.com\/es\/wp-json\/wp\/v2\/media\/1298"}],"wp:attachment":[{"href":"https:\/\/nipa-store.com\/es\/wp-json\/wp\/v2\/media?parent=1518"}],"wp:term":[{"taxonomy":"product_brand","embeddable":true,"href":"https:\/\/nipa-store.com\/es\/wp-json\/wp\/v2\/product_brand?post=1518"},{"taxonomy":"product_cat","embeddable":true,"href":"https:\/\/nipa-store.com\/es\/wp-json\/wp\/v2\/product_cat?post=1518"},{"taxonomy":"product_tag","embeddable":true,"href":"https:\/\/nipa-store.com\/es\/wp-json\/wp\/v2\/product_tag?post=1518"}],"curies":[{"name":"wp","href":"https:\/\/api.w.org\/{rel}","templated":true}]}}