{"id":1533,"date":"2022-05-20T17:47:43","date_gmt":"2022-05-20T17:47:43","guid":{"rendered":"https:\/\/nipa-store.com\/es\/?post_type=product&#038;p=1533"},"modified":"2026-03-10T16:26:42","modified_gmt":"2026-03-10T16:26:42","slug":"panzul","status":"publish","type":"product","link":"https:\/\/nipa-store.com\/es\/producto\/alpargatas\/clasica\/panzul\/","title":{"rendered":"Panzul"},"content":{"rendered":"<p>El nombre de estas <strong>alpargatas<\/strong> es el resultado de la combinaci\u00f3n del<strong> tejido de algod\u00f3n Panam\u00e1<\/strong> con el encanto del<strong> color azul.<\/strong><\/p>\n<p>El<strong> tejido de algod\u00f3n Panam\u00e1<\/strong> utilizado en este <strong>zapato ultra liviano o alpargata<\/strong>\u00a0es una aut\u00e9ntica obra de arte. Este tejido se compone de un <strong>punto azul o celeste<\/strong> y <strong>crudo<\/strong>, creando un patr\u00f3n llamativo y elegante. Cada hilo ha sido tejido con precisi\u00f3n y dedicaci\u00f3n, con el prop\u00f3sito de brindarte un <strong>estilo \u00fanico y distinguido<\/strong>.<\/p>\n<p>Las <strong>NIPA Cl\u00e1sica<\/strong> son <strong>alpargatas veganas ultralivianas<\/strong> dise\u00f1adas para acompa\u00f1arte todos los d\u00edas, ya sea en la ciudad, de viaje o en momentos de relax. Cada par pesa menos de 150 g gracias a su base de EVA exclusiva NIPA: liviana, c\u00f3moda y resistente.<\/p>\n<p>Fabricadas a mano en Argentina con <strong>materiales 100 % veganos<\/strong>, estas alpargatas combinan tradici\u00f3n artesanal con innovaci\u00f3n liviana, para que sientas libertad en cada paso. Sus telas tejidas, transpirables y de dise\u00f1o exclusivo, les aportan personalidad sin sacrificar frescura ni durabilidad.<\/p>\n<p>Disponibles en <strong>talles del 18 al 48<\/strong>, son ideales para adultos, adolescentes y ni\u00f1os. Una misma silueta, muchas formas de usarla: con jeans, vestidos, bermudas o incluso sin nada m\u00e1s que ganas de andar.<\/p>\n<p><strong>Minimalistas, c\u00f3modas, sostenibles y con mucho dise\u00f1o.<\/strong> Las NIPA Cl\u00e1sica son una opci\u00f3n de <strong>calzado ecol\u00f3gico<\/strong> que no pasa de moda y se adapta a tu ritmo.<\/p>\n<hr \/>\n<h2>Especificaciones y Detalles T\u00e9cnicos<\/h2>\n<table>\n<thead>\n<tr>\n<th>Caracter\u00edstica<\/th>\n<th>Detalle<\/th>\n<\/tr>\n<\/thead>\n<tbody>\n<tr>\n<td>Peso del par<\/td>\n<td>Aproximadamente 150 g<\/td>\n<\/tr>\n<tr>\n<td>Material base<\/td>\n<td>EVA + caucho formulado por NIPA<\/td>\n<\/tr>\n<tr>\n<td>Material superior<\/td>\n<td>Tela tejida exclusiva<\/td>\n<\/tr>\n<tr>\n<td>Producci\u00f3n<\/td>\n<td>Artesanal en Argentina<\/td>\n<\/tr>\n<tr>\n<td>Rango de talles<\/td>\n<td>18 al 48 (unisex)<\/td>\n<\/tr>\n<tr>\n<td>Estilo<\/td>\n<td>Cl\u00e1sico, minimalista, casual<\/td>\n<\/tr>\n<tr>\n<td>Producto vegano<\/td>\n<td>S\u00ed, 100% libre de materiales animales<\/td>\n<\/tr>\n<tr>\n<td>Ideal para<\/td>\n<td>Uso urbano, campo, playa, viajes, oficina, tiempo libre.<\/td>\n<\/tr>\n<\/tbody>\n<\/table>\n<hr \/>\n<h2>Preguntas Frecuentes (FAQ)<\/h2>\n<p><strong>\u00bfLas alpargatas NIPA Cl\u00e1sica son veganas?<\/strong><\/p>\n<p>S\u00ed. Todos los materiales utilizados est\u00e1n libres de origen animal. Son un calzado vegano y producido con respeto al medio ambiente.<\/p>\n<p><strong>\u00bfC\u00f3mo elijo mi talle ideal en NIPA Cl\u00e1sica?<\/strong><\/p>\n<p>Recomendamos elegir tu talle habitual. Si ten\u00e9is dudas, pod\u00e9is consultar nuestra gu\u00eda de talles para mayor precisi\u00f3n. Deben ser exacta al pie, si quedan un pel\u00edn ajustadas, se adaptan con el primer d\u00eda de uso.<\/p>\n<p><strong>\u00bfSe pueden lavar las alpargatas NIPA Cl\u00e1sica?<\/strong><\/p>\n<p>S\u00ed, claro. Te recomendamos lavarlas a mano, con agua fr\u00eda y jab\u00f3n neutro. D\u00e9jalas secar a la sombra, en forma plana, para que conserven su forma y duren m\u00e1s.<\/p>\n<p>\u00bfPrefer\u00eds la lavadora? Pod\u00e9is usarla, pero en el ciclo m\u00e1s corto, siempre con agua fr\u00eda y sin centrifugado. Cuanto m\u00e1s suave el trato, m\u00e1s te lo van a agradecer tus NIPA.<\/p>\n<p><strong>\u00bfQu\u00e9 diferencia a las alpargatas NIPA Cl\u00e1sica de otras marcas, especialmente las que se comercializan en UE y USA?<\/strong><\/p>\n<p>A diferencia de otras marcas inspiradas en el estilo argentino, <strong>NIPA es una alpargata de dise\u00f1o argentino, hecha realmente en Argentina<\/strong>. Cada par es elaborado artesanalmente, con materiales 100 % veganos y tejidos exclusivos que le dan identidad propia.<\/p>\n<p>Adem\u00e1s, su <strong>suela de EVA con caucho de formulaci\u00f3n propia<\/strong> \u2014desarrollada por NIPA\u2014 ofrece una combinaci\u00f3n \u00fanica de <strong>ultraliviandad, confort y durabilidad<\/strong> que no vas a encontrar en modelos producidos en masa.<\/p>\n<p><strong>En resumen:<\/strong><\/p>\n<p>NIPA mantiene el alma original de la alpargata argentina, pero la lleva al siguiente nivel con innovaci\u00f3n, compromiso y mucho dise\u00f1o.<\/p>\n<hr \/>\n<h2>Gu\u00eda de Uso: C\u00f3mo disfrutar tus NIPA Cl\u00e1sica<\/h2>\n<ol>\n<li>Eleg\u00ed el dise\u00f1o y color que va con tu estilo.<\/li>\n<li>Ped\u00ed tu talle habitual. Si est\u00e1s entre dos, opta por el menor.<\/li>\n<li>\u00dasalas sin medias para una experiencia m\u00e1s natural.<\/li>\n<li>Ll\u00e9valas en tu d\u00eda a d\u00eda, viajes o escapadas de fin de semana.<\/li>\n<li>L\u00e1valas con cuidado para que duren muchos a\u00f1os.<\/li>\n<\/ol>\n<hr \/>\n<p><strong>Conclusi\u00f3n:<\/strong> Las <strong>NIPA Cl\u00e1sica<\/strong> no son solo unas alpargatas. Son una declaraci\u00f3n de estilo responsable, minimalista y con ra\u00edces bien argentinas. Un cl\u00e1sico reinventado, pensado para quienes quieren caminar liviano, con estilo y conciencia.<!-- notionvc: 147ae626-f197-46bf-833c-7ba845470a5b --><\/p>\n","protected":false},"excerpt":{"rendered":"<p><strong>Modelo Panzul<\/strong><\/p>\n<p>Las <strong>NIPA Cl\u00e1sica<\/strong> son alpargatas veganas ultralivianas hechas artesanalmente en Argentina. Con solo 150 g por par, combinan dise\u00f1o atemporal, materiales de alta calidad y m\u00e1xima comodidad para acompa\u00f1arte en todas tus aventuras con estilo y dise\u00f1o.<\/p>\n<h3><strong>Caracter\u00edsticas principales<\/strong><\/h3>\n<ul>\n<li>\u2728 <strong>Ultralivianas:<\/strong> solo 150 g por par (ning\u00fan modelo NIPA supera los 350 g).<\/li>\n<li>\ud83c\udf31 <strong>Materiales 100 % veganos:<\/strong> sin crueldad, sin adhesivos de origen animal.<\/li>\n<li>\ud83d\udee0\ufe0f <strong>Producci\u00f3n artesanal argentina:<\/strong> m\u00e1s de 10 a\u00f1os de experiencia en cada par.<\/li>\n<li>\ud83c\udf00 <strong>Base exclusiva de EVA + caucho:<\/strong> liviana, flexible y duradera.<\/li>\n<li>\ud83e\uddf5 <strong>Tejidos exclusivos:<\/strong> resistentes, transpirables y con dise\u00f1o propio.<\/li>\n<li>\ud83d\udc63 <strong>Talles del 18 al 48:<\/strong> para toda la familia, de los m\u00e1s chicos a los m\u00e1s grandes.<\/li>\n<li>\ud83e\udded <strong>Dise\u00f1o cl\u00e1sico + toque contempor\u00e1neo:<\/strong> versatilidad que nunca falla.<\/li>\n<\/ul>\n<p><!-- notionvc: 72444175-6e85-415e-9833-03b72f4b3ed5 --><\/p>\n","protected":false},"featured_media":1303,"comment_status":"open","ping_status":"closed","template":"","meta":{"_joinchat":{"telephone":"+34663750946"}},"product_brand":[],"product_cat":[381,393,394],"product_tag":[351,364,357,363,352,365,360,361,358,359,362,356,366,353,354,368,355],"class_list":{"0":"post-1533","1":"product","2":"type-product","3":"status-publish","4":"has-post-thumbnail","6":"product_cat-clasica","7":"product_cat-hombre","8":"product_cat-mujer","9":"product_tag-alpargata","10":"product_tag-alpargata-comoda","11":"product_tag-alpargata-diseno","12":"product_tag-alpargata-vegana","13":"product_tag-calzado","14":"product_tag-calzado-comodo","15":"product_tag-calzado-joven","16":"product_tag-calzado-ligero","17":"product_tag-calzado-liviano","18":"product_tag-calzado-moderno","19":"product_tag-calzado-vegano","20":"product_tag-calzado-verano","21":"product_tag-espadrille","22":"product_tag-hombre","23":"product_tag-mujer","24":"product_tag-top-ten-ventas","25":"product_tag-unisex","26":"pa_talla-337","27":"pa_talla-338","28":"pa_talla-339","29":"pa_talla-340","30":"pa_talla-341","31":"pa_talla-342","32":"pa_talla-343","33":"pa_talla-344","34":"pa_talla-345","35":"pa_talla-346","36":"pa_talla-347","37":"pa_talla-348","39":"first","40":"instock","41":"taxable","42":"shipping-taxable","43":"purchasable","44":"product-type-variable"},"jetpack_sharing_enabled":true,"_links":{"self":[{"href":"https:\/\/nipa-store.com\/es\/wp-json\/wp\/v2\/product\/1533","targetHints":{"allow":["GET"]}}],"collection":[{"href":"https:\/\/nipa-store.com\/es\/wp-json\/wp\/v2\/product"}],"about":[{"href":"https:\/\/nipa-store.com\/es\/wp-json\/wp\/v2\/types\/product"}],"replies":[{"embeddable":true,"href":"https:\/\/nipa-store.com\/es\/wp-json\/wp\/v2\/comments?post=1533"}],"wp:featuredmedia":[{"embeddable":true,"href":"https:\/\/nipa-store.com\/es\/wp-json\/wp\/v2\/media\/1303"}],"wp:attachment":[{"href":"https:\/\/nipa-store.com\/es\/wp-json\/wp\/v2\/media?parent=1533"}],"wp:term":[{"taxonomy":"product_brand","embeddable":true,"href":"https:\/\/nipa-store.com\/es\/wp-json\/wp\/v2\/product_brand?post=1533"},{"taxonomy":"product_cat","embeddable":true,"href":"https:\/\/nipa-store.com\/es\/wp-json\/wp\/v2\/product_cat?post=1533"},{"taxonomy":"product_tag","embeddable":true,"href":"https:\/\/nipa-store.com\/es\/wp-json\/wp\/v2\/product_tag?post=1533"}],"curies":[{"name":"wp","href":"https:\/\/api.w.org\/{rel}","templated":true}]}}