{"id":1564,"date":"2022-05-17T17:10:20","date_gmt":"2022-05-17T17:10:20","guid":{"rendered":"https:\/\/nipa-store.com\/es\/?post_type=product&#038;p=1564"},"modified":"2026-03-10T15:45:22","modified_gmt":"2026-03-10T15:45:22","slug":"vaticana","status":"publish","type":"product","link":"https:\/\/nipa-store.com\/es\/producto\/alpargatas\/clasica\/vaticana\/","title":{"rendered":"Vaticana"},"content":{"rendered":"<p>Estas <strong>alpargatas cl\u00e1sicas<\/strong> Bora han conquistado el mercado y se han convertido en el <strong>favorito<\/strong> de nuestros clientes gracias a su dise\u00f1o <strong>excepcional<\/strong>, <strong>comodidad<\/strong> insuperable y <strong>calidad<\/strong> impecable.<\/p>\n<p>Las <strong>alpargatas<\/strong> <strong>Vaticana<\/strong> de <strong>Nipa<\/strong>\u00a0est\u00e1n confeccionadas con un te<strong>jido de algod\u00f3n<\/strong> que presenta rayas en tonos <strong>amarillo<\/strong> y b<strong>lanco-crudo<\/strong>. El equilibrio perfecto entre <strong>moda<\/strong> y <strong>funcionalidad<\/strong>.<\/p>\n<p>Tienen <strong>plantilla de piqu\u00e9<\/strong>\u00a0que proporciona una <strong>comodidad<\/strong> extra. Dise\u00f1ada con atenci\u00f3n al detalle, se adapta <strong>anat\u00f3micamente<\/strong> a la forma natural de tus pies, brindando un <strong>ajuste<\/strong> perfecto y un <strong>soporte<\/strong> \u00f3ptimo.<\/p>\n<p>La<strong> suela de goma eva bicolor<\/strong> proporciona un <strong>agarre<\/strong> superior en diferentes superficies, esta suela ofrece una <strong>amortiguaci\u00f3n<\/strong> <strong>suave<\/strong> reduciendo la <strong>fatiga<\/strong> del pie. Ya sea en un d\u00eda caluroso de verano o en temperaturas m\u00e1s frescas, estas alpargatas te mantendr\u00e1n c\u00f3modo en todo momento.<\/p>\n<p>Como en todas nuestros productos, utilizamos <strong>costuras reforzadas<\/strong> que garantizan mayor\u00a0 <strong>resistencia<\/strong> y <strong>durabilidad<\/strong>.<\/p>\n<p><strong>Forro 100% algod\u00f3n<\/strong> aportando un tacto <strong>suave<\/strong> y agradable.<\/p>\n<p>Adem\u00e1s de su <strong>estilo<\/strong> y <strong>calidad<\/strong>, son un <strong>producto vegano 100%<\/strong>. Est\u00e1n fabricadas sin utilizar ning\u00fan material de origen animal, lo que las convierte en una elecci\u00f3n <strong>\u00e9tica<\/strong> y <strong>sostenible<\/strong> para aquellos que se preocupan por el<strong> medio ambiente<\/strong> y los <strong>derechos de los animales<\/strong>.<\/p>\n<p>Pesan unos <strong>150 gramos<\/strong> lo que te aporta ligereza en cada paso, sin comprometer la durabilidad y el soporte que necesitas en tu d\u00eda a d\u00eda.<\/p>\n<p>Ll\u00e9valas en verano, oto\u00f1o y primavera sin ning\u00fan inconveniente. Son <strong>unisex<\/strong>, dise\u00f1adas para hombres y mujeres por igual, lo que te permite expresar tu <strong>estilo sin restricciones.<\/strong> Ya sea que est\u00e9s dando un paseo por la playa o disfrutando de una tarde en la ciudad.<\/p>\n<p>Recuerda que para mantenerlas en perfectas condiciones, te recomendamos la<strong>varlas a mano con jab\u00f3n neutro<\/strong>. Garantiza que se mantengan <strong>limpias<\/strong> y <strong>frescas<\/strong>, listas para acompa\u00f1arte en todas tus aventuras.<\/p>\n<p>Son el complemento perfecto para cualquier conjunto, desde atuendos casuales hasta looks m\u00e1s elegantes. No dejes pasar la oportunidad de adquirir estas alpargatas y darle un toque de estilo \u00fanico a tus pasos. \u00a1P\u00eddela ya y d\u00e9janos tu opini\u00f3n en <a title=\"Canal Nipe Instragram\" href=\"https:\/\/www.instagram.com\/nipe_shoes\/?hl=es\" target=\"_blank\" rel=\"nofollow noopener\">Instragram<\/a> o <a title=\"P\u00e1gina Nipe\" href=\"https:\/\/www.facebook.com\/nipeshoes\" rel=\"nofollow noopener\" target=\"_blank\">Facebook<\/a>!<\/p>\n","protected":false},"excerpt":{"rendered":"<p><strong>Modelo Vaticana<\/strong><\/p>\n<p><strong>L\u00ednea Cl\u00e1sicas<\/strong><\/p>\n<ul>\n<li>Tejido algod\u00f3n rayado en tonos amarillo y blanco-crudo (dise\u00f1ado para vos!)<\/li>\n<li>Plantilla de piqu\u00e9<\/li>\n<li>Suela de goma eva bicolor<\/li>\n<li>Costuras reforzadas (super resistente)<\/li>\n<li>Forro interior 100% algod\u00f3n (tacto mas suave)<\/li>\n<li>Producto vegano 100%<\/li>\n<li>Pesa 150 gr. aprox. el par (c\u00f3modo y liviano)<\/li>\n<li>Ajuste anat\u00f3mico a tus pies<\/li>\n<li>Lavar a mano con jab\u00f3n neutro (recomendaci\u00f3n)<\/li>\n<\/ul>\n","protected":false},"featured_media":1578,"comment_status":"open","ping_status":"closed","template":"","meta":{"_joinchat":{"telephone":"+34663750946"}},"product_brand":[],"product_cat":[381,393,394],"product_tag":[351,364,357,363,352,365,360,361,358,359,362,356,366,353,354,355],"class_list":{"0":"post-1564","1":"product","2":"type-product","3":"status-publish","4":"has-post-thumbnail","6":"product_cat-clasica","7":"product_cat-hombre","8":"product_cat-mujer","9":"product_tag-alpargata","10":"product_tag-alpargata-comoda","11":"product_tag-alpargata-diseno","12":"product_tag-alpargata-vegana","13":"product_tag-calzado","14":"product_tag-calzado-comodo","15":"product_tag-calzado-joven","16":"product_tag-calzado-ligero","17":"product_tag-calzado-liviano","18":"product_tag-calzado-moderno","19":"product_tag-calzado-vegano","20":"product_tag-calzado-verano","21":"product_tag-espadrille","22":"product_tag-hombre","23":"product_tag-mujer","24":"product_tag-unisex","25":"product_shipping_class-alpargatas-nipa","26":"pa_talla-337","27":"pa_talla-338","28":"pa_talla-339","29":"pa_talla-340","30":"pa_talla-341","31":"pa_talla-342","32":"pa_talla-343","33":"pa_talla-344","34":"pa_talla-345","35":"pa_talla-346","36":"pa_talla-347","37":"pa_talla-348","39":"first","40":"instock","41":"taxable","42":"shipping-taxable","43":"purchasable","44":"product-type-variable"},"jetpack_sharing_enabled":true,"_links":{"self":[{"href":"https:\/\/nipa-store.com\/es\/wp-json\/wp\/v2\/product\/1564","targetHints":{"allow":["GET"]}}],"collection":[{"href":"https:\/\/nipa-store.com\/es\/wp-json\/wp\/v2\/product"}],"about":[{"href":"https:\/\/nipa-store.com\/es\/wp-json\/wp\/v2\/types\/product"}],"replies":[{"embeddable":true,"href":"https:\/\/nipa-store.com\/es\/wp-json\/wp\/v2\/comments?post=1564"}],"wp:featuredmedia":[{"embeddable":true,"href":"https:\/\/nipa-store.com\/es\/wp-json\/wp\/v2\/media\/1578"}],"wp:attachment":[{"href":"https:\/\/nipa-store.com\/es\/wp-json\/wp\/v2\/media?parent=1564"}],"wp:term":[{"taxonomy":"product_brand","embeddable":true,"href":"https:\/\/nipa-store.com\/es\/wp-json\/wp\/v2\/product_brand?post=1564"},{"taxonomy":"product_cat","embeddable":true,"href":"https:\/\/nipa-store.com\/es\/wp-json\/wp\/v2\/product_cat?post=1564"},{"taxonomy":"product_tag","embeddable":true,"href":"https:\/\/nipa-store.com\/es\/wp-json\/wp\/v2\/product_tag?post=1564"}],"curies":[{"name":"wp","href":"https:\/\/api.w.org\/{rel}","templated":true}]}}