{"id":1582,"date":"2022-05-17T17:16:51","date_gmt":"2022-05-17T17:16:51","guid":{"rendered":"https:\/\/nipa-store.com\/es\/?post_type=product&#038;p=1582"},"modified":"2025-07-21T10:49:02","modified_gmt":"2025-07-21T10:49:02","slug":"vaticana-bis-textura","status":"publish","type":"product","link":"https:\/\/nipa-store.com\/es\/producto\/alpargatas\/clasica\/vaticana-bis-textura\/","title":{"rendered":"Vaticana Bis (textura)"},"content":{"rendered":"<p><strong>Alpargatas<\/strong> de color <strong>amarillo<\/strong>, <strong>blanco<\/strong> y <strong>morado<\/strong>. \u00a1Combinaci\u00f3n s\u00faper original para ti! Han ganado popularidad y se han convertido en un verdadero icono de estilo, ofreciendo <strong>comodidad<\/strong> y <strong>calidad<\/strong> excepcionales.<\/p>\n<p><strong>Nipa<\/strong>\u00a0las ha confeccionado con un <strong>tejido de algod\u00f3n<\/strong> en una combinaci\u00f3n de<strong> colores vibrantes<\/strong> que incluye <strong>amarillo<\/strong>, <strong>blanco<\/strong> y <strong>morado<\/strong>. Este dise\u00f1o \u00fanico y llamativo ha sido cuidadosamente creado para resaltar tu <strong>estilo personal<\/strong> y aportar un toque de <strong>elegancia<\/strong> a tus conjuntos. El equilibrio perfecto entre <strong>moda<\/strong> y <strong>funcionalidad<\/strong>.<\/p>\n<p>Como todas las <strong>plantillas de piqu\u00e9<\/strong>\u00a0que utilizamos, proporciona una <strong>comodidad<\/strong> excepcional. Dise\u00f1ada con atenci\u00f3n al detalle, se <strong>adapta anat\u00f3micamente<\/strong> a la forma natural de tus pies, gracias a la cinta de bies que llevan.<\/p>\n<p>Ofrecen\u00a0 una excelente <strong>tracci\u00f3n<\/strong>\u00a0 y <strong>amortiguaci\u00f3n<\/strong> suave en diferentes superficies gracias a su<strong> suela de goma eva bicolor<\/strong>, que reduce la fatiga del pie. V\u00e1lida para d\u00edas calurosos o en temperaturas m\u00e1s frescas.<\/p>\n<p>Las <strong>costuras reforzadas<\/strong> garantizan una <strong>resistencia<\/strong> y <strong>durabilidad<\/strong> a largo plazo. Estas <strong>esparte\u00f1as<\/strong> han sido dise\u00f1adas para resistir el uso diario y mantener su calidad a lo largo del tiempo. El <strong>forro de algod\u00f3n 100%<\/strong> brinda un <strong>tacto suave<\/strong> y <strong>agradable.<\/strong><\/p>\n<p>\u00a1Y es un<strong> producto vegano 100%<\/strong>! Est\u00e1n fabricadas sin utilizar ning\u00fan material de origen animal e reducci\u00f3n del empleo de agua en su producci\u00f3n, por lo que si las llevas, te convertir\u00e1n en una persona altamente sensible con el cambio clim\u00e1tico y la econom\u00eda sostenible. Lo que te convierte en una persona \u00e9tica, sostenible y responsable con el medio ambiente y los <strong>derechos de los animales.<\/strong><\/p>\n<p>Su <strong>peso<\/strong> aproximado de <strong>150 gramos<\/strong> te brindan una sensaci\u00f3n de <strong>ligereza<\/strong> en cada paso, sin sacrificar la <strong>durabilidad<\/strong> y el soporte que necesitas en tu d\u00eda a d\u00eda.<\/p>\n<p>Alpargatas <strong>vers\u00e1tiles<\/strong> y adecuadas tanto para los d\u00edas calurosos de verano como para temperaturas m\u00e1s frescas. Son unisex, dise\u00f1adas para <strong>hombres<\/strong> y <strong>mujeres<\/strong> por igual, lo que te permite expresar tu <strong>estilo sin restricciones.<\/strong><\/p>\n<p>Para mantenerlas en perfectas condiciones, recuerda <strong>lavarlas a mano con jab\u00f3n neutro<\/strong>. Este cuidado especial garantizar\u00e1 que se mantengan limpias y frescas, listas para acompa\u00f1arte en todas tus aventuras.<\/p>\n<p>No dejes pasar la oportunidad de adquirir estas alpargatas y darle un toque de estilo \u00fanico a tus pasos. \u00a1Comenta tu experiencia en nuestras redes sociales! Estamos deseosos de conocer lo bien que te han ido.<\/p>\n","protected":false},"excerpt":{"rendered":"<p><strong>Modelo Vaticana BIS (Textura)<\/strong><\/p>\n<p><strong>L\u00ednea Cl\u00e1sicas<\/strong><\/p>\n<ul>\n<li>Tejido algod\u00f3n rayado en tonos 3 tonos: amarillo, blanco y morado (dise\u00f1ado para vos!)<\/li>\n<li>Plantilla de piq\u00e9<\/li>\n<li>Suela de goma eva bicolor<\/li>\n<li>Costuras reforzadas (super resistente)<\/li>\n<li>Forro interior 100% algod\u00f3n (tacto mas suave)<\/li>\n<li>Producto vegano 100%<\/li>\n<li>Pesa 150 gr. aprox. el par (c\u00f3modo y liviano)<\/li>\n<li>Ajuste anat\u00f3mico a tus pies<\/li>\n<li>Lavar a mano con jab\u00f3n neutro (recomendaci\u00f3n)<\/li>\n<\/ul>\n","protected":false},"featured_media":1597,"comment_status":"open","ping_status":"closed","template":"","meta":{"_joinchat":{"telephone":"+34663750946"}},"product_brand":[],"product_cat":[381,393,394],"product_tag":[351,364,357,363,352,365,360,361,358,359,362,356,366,353,354,355],"class_list":{"0":"post-1582","1":"product","2":"type-product","3":"status-publish","4":"has-post-thumbnail","6":"product_cat-clasica","7":"product_cat-hombre","8":"product_cat-mujer","9":"product_tag-alpargata","10":"product_tag-alpargata-comoda","11":"product_tag-alpargata-diseno","12":"product_tag-alpargata-vegana","13":"product_tag-calzado","14":"product_tag-calzado-comodo","15":"product_tag-calzado-joven","16":"product_tag-calzado-ligero","17":"product_tag-calzado-liviano","18":"product_tag-calzado-moderno","19":"product_tag-calzado-vegano","20":"product_tag-calzado-verano","21":"product_tag-espadrille","22":"product_tag-hombre","23":"product_tag-mujer","24":"product_tag-unisex","25":"product_shipping_class-alpargatas-nipa","26":"pa_talla-337","27":"pa_talla-338","28":"pa_talla-339","29":"pa_talla-340","30":"pa_talla-341","31":"pa_talla-342","32":"pa_talla-343","33":"pa_talla-344","34":"pa_talla-345","35":"pa_talla-346","36":"pa_talla-347","37":"pa_talla-348","39":"first","40":"outofstock","41":"taxable","42":"shipping-taxable","43":"purchasable","44":"product-type-variable"},"jetpack_sharing_enabled":true,"_links":{"self":[{"href":"https:\/\/nipa-store.com\/es\/wp-json\/wp\/v2\/product\/1582","targetHints":{"allow":["GET"]}}],"collection":[{"href":"https:\/\/nipa-store.com\/es\/wp-json\/wp\/v2\/product"}],"about":[{"href":"https:\/\/nipa-store.com\/es\/wp-json\/wp\/v2\/types\/product"}],"replies":[{"embeddable":true,"href":"https:\/\/nipa-store.com\/es\/wp-json\/wp\/v2\/comments?post=1582"}],"wp:featuredmedia":[{"embeddable":true,"href":"https:\/\/nipa-store.com\/es\/wp-json\/wp\/v2\/media\/1597"}],"wp:attachment":[{"href":"https:\/\/nipa-store.com\/es\/wp-json\/wp\/v2\/media?parent=1582"}],"wp:term":[{"taxonomy":"product_brand","embeddable":true,"href":"https:\/\/nipa-store.com\/es\/wp-json\/wp\/v2\/product_brand?post=1582"},{"taxonomy":"product_cat","embeddable":true,"href":"https:\/\/nipa-store.com\/es\/wp-json\/wp\/v2\/product_cat?post=1582"},{"taxonomy":"product_tag","embeddable":true,"href":"https:\/\/nipa-store.com\/es\/wp-json\/wp\/v2\/product_tag?post=1582"}],"curies":[{"name":"wp","href":"https:\/\/api.w.org\/{rel}","templated":true}]}}