{"id":1600,"date":"2021-05-18T12:06:48","date_gmt":"2021-05-18T12:06:48","guid":{"rendered":"https:\/\/nipa-store.com\/es\/?post_type=product&#038;p=1600"},"modified":"2026-03-26T13:13:18","modified_gmt":"2026-03-26T13:13:18","slug":"chuna-bis","status":"publish","type":"product","link":"https:\/\/nipa-store.com\/es\/producto\/alpargatas\/clasica\/chuna-bis\/","title":{"rendered":"Chuna Bis (textura)"},"content":{"rendered":"<p>\u00a1Has llegado a las<strong> alpargatas Chuna Bis<\/strong>! Un<strong> dise\u00f1o cl\u00e1sico<\/strong> de <strong>tipo cerrado<\/strong> s\u00faper <strong>llamativo<\/strong> para tus mejores looks. Sigue leyendo y descubre todas sus cualidades.<\/p>\n<p>Con<strong> tejido de algod\u00f3n rayado<\/strong> con<strong> l\u00edneas<\/strong> en tonos <strong>rojo, blanco y amarillo<\/strong> acaparar\u00e1n todas las miradas. L\u00edneas en <strong>colores vibrantes<\/strong> a\u00f1aden un toque de <strong>alegr\u00eda<\/strong> y <strong>personalidad<\/strong> a tus conjuntos.<\/p>\n<p>Tus pies se sentir\u00e1n muy <strong>c\u00f3modos<\/strong> con a <strong>plantilla de piqu\u00e9.<\/strong> \u00bfUn paseo por la playa? \u00bfUna cena informal? \u00a1P\u00f3ntelas!<\/p>\n<p>La<strong> suela de goma eva bicolor<\/strong> no solo aporta un aspecto <strong>moderno<\/strong> al dise\u00f1o, sino que ter permite caminar por cualquier superficie gracias a que se agarran y traccionan mejor. Ciudad, campo, playa&#8230; no importa,\u00a0 podr\u00e1s caminar con confianza y seguridad con estas alpargatas.<\/p>\n<p>Las <strong>costuras reforzadas<\/strong> son sin\u00f3nimo de <strong>resistencia<\/strong> y <strong>durabilidad<\/strong>. Resisten el uso diario y lo convierten en un calzado de larga duraci\u00f3n. Ten por seguro que te van a dar un apoyo duradero.<\/p>\n<p>Incluimos un <strong>forro interior 100%<\/strong> para aumentar la <strong>suavidad<\/strong> y sensaci\u00f3n <strong>agradable<\/strong> para tus pies.<\/p>\n<p>Y para que se ajusten a la forma de tus pies, hemos a\u00f1adido un<strong> ajuste anat\u00f3mico<\/strong>, proporcionando un ajuste c\u00f3modo y personalizado.<\/p>\n<p>Ya sea en mochila, maleta o puestas, \u00a1ll\u00e9vatelas porque s\u00f3lo <strong>pesan 150 gramos<\/strong> por par! Estas alpargatas son incre\u00edblemente c\u00f3modas y livianas. Olv\u00eddate de los zapatos pesados y disfruta de la libertad que te brindan las alpargatas Chuna Bis.<\/p>\n<p>Si tanto si est\u00e1s concienciado con los animales y el medio ambiente, como si no, es un <strong>calzado<\/strong> <strong>100% vegano<\/strong>, lo que significa que <strong>no contienen ning\u00fan material de origen animal<\/strong>. Lucir\u00e1s estilo y elegancia sin comprometer tus valores.<\/p>\n<p>Estas alpargatas duran m\u00e1s tiempo si las <strong>lavas a mano con jab\u00f3n neutro<\/strong>. De esta manera, <strong>conservar\u00e1n su color<\/strong> y <strong>calidad<\/strong> como desde el primer d\u00eda. Sigue estas sencillas instrucciones de cuidado y tus alpargatas estar\u00e1n listas para acompa\u00f1arte en tus aventuras veraniegas.<\/p>\n<p>\u00bfA qu\u00e9 esperas para adquirir un par? No esperes m\u00e1s y pide las tuyas ahora para completar tu look de verano. \u00a1No te arrepentir\u00e1s!<\/p>\n","protected":false},"excerpt":{"rendered":"<p><strong>Modelo Chuna Bis (Textura)<\/strong><\/p>\n<p><strong>L\u00ednea Cl\u00e1sicas<\/strong><\/p>\n<ul>\n<li>Tejido algod\u00f3n rayado con l\u00edneas en tonos rojo, blanco y amarillo (dise\u00f1ado para vos!)<\/li>\n<li>Plantilla de piqu\u00e9<\/li>\n<li>Suela de goma eva bicolor<\/li>\n<li>Costuras reforzadas (super resistente)<\/li>\n<li>Forro interior 100% algod\u00f3n (tacto mas suave)<\/li>\n<li>Producto vegano 100%<\/li>\n<li>Pesa 150 gr. aprox. el par (c\u00f3modo y liviano)<\/li>\n<li>Ajuste anat\u00f3mico a tus pies<\/li>\n<li>Lavar a mano con jab\u00f3n neutro (recomendaci\u00f3n)<\/li>\n<\/ul>\n","protected":false},"featured_media":1614,"comment_status":"open","ping_status":"closed","template":"","meta":{"_joinchat":{"telephone":"+34663750946"}},"product_brand":[],"product_cat":[381,393,394],"product_tag":[351,364,357,363,352,365,360,361,358,359,362,356,366,353,354,355],"class_list":{"0":"post-1600","1":"product","2":"type-product","3":"status-publish","4":"has-post-thumbnail","6":"product_cat-clasica","7":"product_cat-hombre","8":"product_cat-mujer","9":"product_tag-alpargata","10":"product_tag-alpargata-comoda","11":"product_tag-alpargata-diseno","12":"product_tag-alpargata-vegana","13":"product_tag-calzado","14":"product_tag-calzado-comodo","15":"product_tag-calzado-joven","16":"product_tag-calzado-ligero","17":"product_tag-calzado-liviano","18":"product_tag-calzado-moderno","19":"product_tag-calzado-vegano","20":"product_tag-calzado-verano","21":"product_tag-espadrille","22":"product_tag-hombre","23":"product_tag-mujer","24":"product_tag-unisex","25":"pa_talla-337","26":"pa_talla-338","27":"pa_talla-339","28":"pa_talla-340","29":"pa_talla-341","30":"pa_talla-342","31":"pa_talla-343","32":"pa_talla-344","33":"pa_talla-345","34":"pa_talla-346","35":"pa_talla-347","36":"pa_talla-348","38":"first","39":"outofstock","40":"taxable","41":"shipping-taxable","42":"purchasable","43":"product-type-variable"},"jetpack_sharing_enabled":true,"_links":{"self":[{"href":"https:\/\/nipa-store.com\/es\/wp-json\/wp\/v2\/product\/1600","targetHints":{"allow":["GET"]}}],"collection":[{"href":"https:\/\/nipa-store.com\/es\/wp-json\/wp\/v2\/product"}],"about":[{"href":"https:\/\/nipa-store.com\/es\/wp-json\/wp\/v2\/types\/product"}],"replies":[{"embeddable":true,"href":"https:\/\/nipa-store.com\/es\/wp-json\/wp\/v2\/comments?post=1600"}],"wp:featuredmedia":[{"embeddable":true,"href":"https:\/\/nipa-store.com\/es\/wp-json\/wp\/v2\/media\/1614"}],"wp:attachment":[{"href":"https:\/\/nipa-store.com\/es\/wp-json\/wp\/v2\/media?parent=1600"}],"wp:term":[{"taxonomy":"product_brand","embeddable":true,"href":"https:\/\/nipa-store.com\/es\/wp-json\/wp\/v2\/product_brand?post=1600"},{"taxonomy":"product_cat","embeddable":true,"href":"https:\/\/nipa-store.com\/es\/wp-json\/wp\/v2\/product_cat?post=1600"},{"taxonomy":"product_tag","embeddable":true,"href":"https:\/\/nipa-store.com\/es\/wp-json\/wp\/v2\/product_tag?post=1600"}],"curies":[{"name":"wp","href":"https:\/\/api.w.org\/{rel}","templated":true}]}}