{"id":1618,"date":"2021-05-18T13:58:52","date_gmt":"2021-05-18T13:58:52","guid":{"rendered":"https:\/\/nipa-store.com\/es\/?post_type=product&#038;p=1618"},"modified":"2026-03-26T13:13:07","modified_gmt":"2026-03-26T13:13:07","slug":"cora","status":"publish","type":"product","link":"https:\/\/nipa-store.com\/es\/producto\/alpargatas\/clasica\/cora\/","title":{"rendered":"Cora"},"content":{"rendered":"<p>Te presentamos las <strong>alpargatas Cora,<\/strong> una combinaci\u00f3n de colores en sus rayas estupendo para la temporada.\u00a0 \u00bfBuscas el calzado perfecto para combinar con muchas prendas de tu armario? Esta opci\u00f3n es imprescindible en tu guardarropa.<\/p>\n<p>Las l\u00edneas\u00a0<span style=\"font-size: 14.4px\">en tonos vibrantes <strong>rojo<\/strong>, <strong>rosa<\/strong>, <strong>blanco<\/strong> y <strong>acqua<\/strong> del<\/span><span style=\"font-size: 14.4px\">\u00a0tejido de algod\u00f3n ofrece un <strong>estilo<\/strong> <strong>cl\u00e1sico<\/strong> y <strong>sofisticado<\/strong>\u00a0y a\u00f1aden un toque de alegr\u00eda y personalidad a tus conjuntos.<\/span><\/p>\n<p>La <strong>plantilla de piqu\u00e9<\/strong>\u00a0es otro elemento destacado de este zapato de esparto. Es un soporte <strong>suave<\/strong> y <strong>acolchado<\/strong> para tus pies. Podr\u00e1s caminar largas distancias sin sentir cansancio o dolores en tus pies, gracias a esta <strong>plantilla de calidad<\/strong>.<\/p>\n<p>Para que puedas pisar en cualquier superficie con <strong>buena tracci\u00f3n y agarre<\/strong>, tiene <strong>suela de goma eva bicolor. <\/strong>\u00a0Adem\u00e1s de a\u00f1adir un toque <strong>moderno<\/strong> al dise\u00f1o, te sentir\u00e1s seguro\/a sin importar el terreno que enfrentes.<\/p>\n<p>Con las <strong>costuras reforzadas<\/strong> ganas <strong>resistencia<\/strong> y <strong>durabilidad<\/strong>. Estas costuras est\u00e1n dise\u00f1adas para resistir el uso diario y proporcionarte un calzado que te acompa\u00f1e en todas tus aventuras. Podr\u00e1s confiar en la calidad de estas alpargatas, sabiendo que te brindar\u00e1n un apoyo duradero.<\/p>\n<p>Al ser de <strong>tipo cerrado<\/strong>, se ha incluido un <strong>forro interior 100% algod\u00f3n<\/strong> suave y agradable para tus pies. Nuestro compromiso con la calidad se refleja en cada detalle, y el forro de algod\u00f3n es una muestra de ello.<\/p>\n<p>Estas alpargatas son <strong>100% veganas<\/strong>, lo que significa que <strong>no contienen ning\u00fan material de origen animal<\/strong>. Si te preocupa el bienestar animal y el impacto medioambiental, con estas alpargatas podr\u00e1s lucir estilo y elegancia sin comprometer tus valores.<\/p>\n<p>Aproximadamente pesan <strong>150 gramos<\/strong> por par, lo que las hace <strong>ligeras<\/strong> para tus pies y para tu maleta si te vas de viaje. Olv\u00eddate de los zapatos pesados y disfruta de la libertad que te brindan las alpargatas \u00abCora\u00bb.<\/p>\n<p>El <strong>ajuste anat\u00f3mico<\/strong> garantiza que estas alpargatas se adapten a la forma de tus pies. Caminar\u00e1s con confianza y estilo, sabiendo que tus alpargatas se ajustan perfectamente a tus necesidades.<\/p>\n<p>Para mantener tus alpargatas Cora en siempre como nuevas, recomendamos <strong>lavarlas a mano con jab\u00f3n neutro<\/strong>. As\u00ed, conservar\u00e1n su <strong>color<\/strong> y <strong>calidad<\/strong> durante mucho tiempo. Siguiendo estas sencillas instrucciones de cuidado, tus alpargatas se mantendr\u00e1n como nuevas temporada tras temporada.<\/p>\n<p>Es un <strong>calzado de esparto<\/strong> para <strong>hombre<\/strong> y <strong>mujer, <\/strong>si, son unisex, todo el mundo puede disfrutar de su estilo atemporal. Comb\u00ednalas con tus prendas favoritas y completa tus looks con un toque de elegancia casual.<\/p>\n<p>No esperes m\u00e1s y hazte con tu par de las <strong>alpargatas Cora<\/strong>. \u00a1Adquiere estas alpargatas cl\u00e1sicas y elegantes para completar tu estilo de verano!<\/p>\n","protected":false},"excerpt":{"rendered":"<p><strong>Modelo Cora<\/strong><\/p>\n<p><strong>L\u00ednea Cl\u00e1sicas<\/strong><\/p>\n<ul>\n<li>Tejido algod\u00f3n rayado con l\u00edneas en tonos rojo, rosa, blanco y acqua (dise\u00f1ado para vos!)<\/li>\n<li>Plantilla de piqu\u00e9<\/li>\n<li>Suela de goma eva bicolor<\/li>\n<li>Costuras reforzadas (super resistente)<\/li>\n<li>Forro interior 100% algod\u00f3n (tacto mas suave)<\/li>\n<li>Producto vegano 100%<\/li>\n<li>Pesa 150 gr. aprox. el par (c\u00f3modo y liviano)<\/li>\n<li>Ajuste anat\u00f3mico a tus pies<\/li>\n<li>Lavar a mano con jab\u00f3n neutro (recomendaci\u00f3n)<\/li>\n<\/ul>\n","protected":false},"featured_media":1635,"comment_status":"open","ping_status":"closed","template":"","meta":{"_joinchat":{"telephone":"+34663750946"}},"product_brand":[],"product_cat":[381,393,394],"product_tag":[351,364,357,363,352,365,360,361,358,359,362,356,366,353,354,355],"class_list":{"0":"post-1618","1":"product","2":"type-product","3":"status-publish","4":"has-post-thumbnail","6":"product_cat-clasica","7":"product_cat-hombre","8":"product_cat-mujer","9":"product_tag-alpargata","10":"product_tag-alpargata-comoda","11":"product_tag-alpargata-diseno","12":"product_tag-alpargata-vegana","13":"product_tag-calzado","14":"product_tag-calzado-comodo","15":"product_tag-calzado-joven","16":"product_tag-calzado-ligero","17":"product_tag-calzado-liviano","18":"product_tag-calzado-moderno","19":"product_tag-calzado-vegano","20":"product_tag-calzado-verano","21":"product_tag-espadrille","22":"product_tag-hombre","23":"product_tag-mujer","24":"product_tag-unisex","25":"pa_talla-337","26":"pa_talla-338","27":"pa_talla-339","28":"pa_talla-340","29":"pa_talla-341","30":"pa_talla-342","31":"pa_talla-343","32":"pa_talla-344","33":"pa_talla-345","34":"pa_talla-346","35":"pa_talla-347","36":"pa_talla-348","38":"first","39":"outofstock","40":"taxable","41":"shipping-taxable","42":"purchasable","43":"product-type-variable"},"jetpack_sharing_enabled":true,"_links":{"self":[{"href":"https:\/\/nipa-store.com\/es\/wp-json\/wp\/v2\/product\/1618","targetHints":{"allow":["GET"]}}],"collection":[{"href":"https:\/\/nipa-store.com\/es\/wp-json\/wp\/v2\/product"}],"about":[{"href":"https:\/\/nipa-store.com\/es\/wp-json\/wp\/v2\/types\/product"}],"replies":[{"embeddable":true,"href":"https:\/\/nipa-store.com\/es\/wp-json\/wp\/v2\/comments?post=1618"}],"wp:featuredmedia":[{"embeddable":true,"href":"https:\/\/nipa-store.com\/es\/wp-json\/wp\/v2\/media\/1635"}],"wp:attachment":[{"href":"https:\/\/nipa-store.com\/es\/wp-json\/wp\/v2\/media?parent=1618"}],"wp:term":[{"taxonomy":"product_brand","embeddable":true,"href":"https:\/\/nipa-store.com\/es\/wp-json\/wp\/v2\/product_brand?post=1618"},{"taxonomy":"product_cat","embeddable":true,"href":"https:\/\/nipa-store.com\/es\/wp-json\/wp\/v2\/product_cat?post=1618"},{"taxonomy":"product_tag","embeddable":true,"href":"https:\/\/nipa-store.com\/es\/wp-json\/wp\/v2\/product_tag?post=1618"}],"curies":[{"name":"wp","href":"https:\/\/api.w.org\/{rel}","templated":true}]}}