{"id":1674,"date":"2021-05-18T14:55:04","date_gmt":"2021-05-18T14:55:04","guid":{"rendered":"https:\/\/nipa-store.com\/es\/?post_type=product&#038;p=1674"},"modified":"2026-03-26T13:12:42","modified_gmt":"2026-03-26T13:12:42","slug":"suculenta","status":"publish","type":"product","link":"https:\/\/nipa-store.com\/es\/producto\/alpargatas\/clasica\/suculenta\/","title":{"rendered":"Suculenta"},"content":{"rendered":"<p><strong>Suculenta<\/strong> es esta <strong>alpargata<\/strong> como su propio nombre indica. Un <strong>calzado de esparto<\/strong> de<strong> l\u00edneas cl\u00e1sicas<\/strong>, para recuperar lo <strong>tradicional<\/strong> y <strong>aut\u00e9ntico<\/strong>. Si est\u00e1s buscando unas alpargatas <strong>vers\u00e1tiles<\/strong>, <strong>c\u00f3modas<\/strong> y con un toque de <strong>dise\u00f1o \u00fanico<\/strong>, las alpargatas Suculenta son las tuyas.<\/p>\n<p><strong>Confeccionadas con tejido plano de spun<\/strong> con <b>de serigraf\u00eda <\/b>en <strong>blanco<\/strong> y <strong>adornos florales<\/strong> en varios <strong>tonos<\/strong> y <strong>colores<\/strong>, con predominio del <strong>azul<\/strong>, estas alpargatas te permitir\u00e1n lucir a la moda y destacar en cualquier ocasi\u00f3n.<\/p>\n<p>Tienen una<strong> plantilla de piqu\u00e9 <\/strong>para proporcionar <strong>comodidad<\/strong> y ofreci\u00e9ndote un<strong> soporte suave<\/strong> y <strong>acolchado.<\/strong><\/p>\n<p>Adem\u00e1s, las <strong>costuras reforzadas\u00a0<\/strong>sirven para unir el tejido y la suela evitando desperfectos.<\/p>\n<p>garantiza un ajuste seguro y firme para que te las puedas llevar donde quieras sin sufrir rozaduras o incomodidades.<\/p>\n<p>La <strong>suela<\/strong> es de<strong> caucho y PVC antideslizante<\/strong> y son muy flexibles, \u00a1mu\u00e9vete donde quieras con confianza en cualquier superficie!<\/p>\n<p><strong>Calidad<\/strong> y <strong>resistencia<\/strong> se reflejan en su <strong>cosido con hilo de alta densidad<\/strong>. Este proceso de fabricaci\u00f3n asegura una <strong>durabilidad <\/strong>y disfrutar de tus mejores momentos sin preocuparte por su desgaste.<\/p>\n<p>Se adaptar\u00e1n perfectamente a tus pies gracias a su <strong>ajuste anat\u00f3mico<\/strong> y horma amplia. Lucir\u00e1s a la moda y te sentir\u00e1s tan c\u00f3modo\/a que no te las querr\u00e1s sacar.<\/p>\n<p>Adem\u00e1s de su <strong>estilo<\/strong> y calidad,<strong> las alpargatas Suculenta<\/strong> son un <strong>producto vegano<\/strong>. No se utiliza ning\u00fan material de origen animal. La mejor opci\u00f3n \u00e9tica y respetuosa con los animales.<\/p>\n<p>Siguiendo estas sencillas instrucciones de cuidado, podr\u00e1s disfrutar de su estilo y funcionalidad durante mucho tiempo: <strong>lavarlas a mano con jab\u00f3n neutro<\/strong> y secarlas a la sombra en forma plana. F\u00e1cil \u00bfverdad?<\/p>\n<p>Y&#8230;son <strong>unisex<\/strong>, \u00a1<strong>hombres<\/strong> y <strong>mujeres<\/strong> disfrutad de su estilo original y comodidad! Son una opci\u00f3n <strong>vers\u00e1til<\/strong> y atractiva para complementar tu estilo personal, tanto en verano como en temperaturas menos c\u00e1lidas.<\/p>\n<p>No esperes m\u00e1s, \u00a1hazte con unas <strong>alpargatas Suculenta<\/strong> y disfruta de su estilo y confort en cualquier ocasi\u00f3n!<\/p>\n","protected":false},"excerpt":{"rendered":"<p><strong>Modelo Suculenta<\/strong><\/p>\n<p><strong>L\u00ednea Cl\u00e1sicas<\/strong><\/p>\n<ul>\n<li>Tejido plano de spun con serigraf\u00eda (dise\u00f1ado para vos!)<\/li>\n<li>Plantilla de piqu\u00e9<\/li>\n<li>Suela de goma eva bicolor<\/li>\n<li>Costuras reforzadas (super resistente)<\/li>\n<li>Forro interior 100% algod\u00f3n (tacto mas suave)<\/li>\n<li>Producto vegano 100%<\/li>\n<li>Pesa 150 gr. aprox. el par (c\u00f3modo y liviano)<\/li>\n<li>Ajuste anat\u00f3mico a tus pies<\/li>\n<li>Lavar a mano con jab\u00f3n neutro (recomendaci\u00f3n)<\/li>\n<\/ul>\n","protected":false},"featured_media":1729,"comment_status":"open","ping_status":"closed","template":"","meta":{"_joinchat":[]},"product_brand":[],"product_cat":[381,394],"product_tag":[351,364,357,363,352,365,360,361,358,359,362,356,366,353,354,355],"class_list":{"0":"post-1674","1":"product","2":"type-product","3":"status-publish","4":"has-post-thumbnail","6":"product_cat-clasica","7":"product_cat-mujer","8":"product_tag-alpargata","9":"product_tag-alpargata-comoda","10":"product_tag-alpargata-diseno","11":"product_tag-alpargata-vegana","12":"product_tag-calzado","13":"product_tag-calzado-comodo","14":"product_tag-calzado-joven","15":"product_tag-calzado-ligero","16":"product_tag-calzado-liviano","17":"product_tag-calzado-moderno","18":"product_tag-calzado-vegano","19":"product_tag-calzado-verano","20":"product_tag-espadrille","21":"product_tag-hombre","22":"product_tag-mujer","23":"product_tag-unisex","24":"pa_talla-337","25":"pa_talla-338","26":"pa_talla-339","27":"pa_talla-340","28":"pa_talla-341","29":"pa_talla-342","30":"pa_talla-343","31":"pa_talla-344","32":"pa_talla-345","33":"pa_talla-346","34":"pa_talla-347","35":"pa_talla-348","37":"first","38":"outofstock","39":"taxable","40":"shipping-taxable","41":"purchasable","42":"product-type-variable"},"jetpack_sharing_enabled":true,"_links":{"self":[{"href":"https:\/\/nipa-store.com\/es\/wp-json\/wp\/v2\/product\/1674","targetHints":{"allow":["GET"]}}],"collection":[{"href":"https:\/\/nipa-store.com\/es\/wp-json\/wp\/v2\/product"}],"about":[{"href":"https:\/\/nipa-store.com\/es\/wp-json\/wp\/v2\/types\/product"}],"replies":[{"embeddable":true,"href":"https:\/\/nipa-store.com\/es\/wp-json\/wp\/v2\/comments?post=1674"}],"wp:featuredmedia":[{"embeddable":true,"href":"https:\/\/nipa-store.com\/es\/wp-json\/wp\/v2\/media\/1729"}],"wp:attachment":[{"href":"https:\/\/nipa-store.com\/es\/wp-json\/wp\/v2\/media?parent=1674"}],"wp:term":[{"taxonomy":"product_brand","embeddable":true,"href":"https:\/\/nipa-store.com\/es\/wp-json\/wp\/v2\/product_brand?post=1674"},{"taxonomy":"product_cat","embeddable":true,"href":"https:\/\/nipa-store.com\/es\/wp-json\/wp\/v2\/product_cat?post=1674"},{"taxonomy":"product_tag","embeddable":true,"href":"https:\/\/nipa-store.com\/es\/wp-json\/wp\/v2\/product_tag?post=1674"}],"curies":[{"name":"wp","href":"https:\/\/api.w.org\/{rel}","templated":true}]}}