{"id":1692,"date":"2021-05-18T15:00:46","date_gmt":"2021-05-18T15:00:46","guid":{"rendered":"https:\/\/nipa-store.com\/es\/?post_type=product&#038;p=1692"},"modified":"2023-06-23T16:28:59","modified_gmt":"2023-06-23T16:28:59","slug":"ushuaia","status":"publish","type":"product","link":"https:\/\/nipa-store.com\/es\/producto\/alpargatas\/clasica\/ushuaia\/","title":{"rendered":"Ushuaia"},"content":{"rendered":"<p>Bienvenido\/a al maravilloso mundo de las <strong>alpargatas<\/strong> <strong>Ushuaia<\/strong>. Estas <strong>elegantes<\/strong> y <strong>vers\u00e1tiles<\/strong> alpargatas <strong>tipo cerrado<\/strong> son el complemento perfecto para tus outfits de verano y temperaturas m\u00e1s frescas. Aqu\u00ed tienes todas sus caracter\u00edsticas y&#8230; \u00a1te van a encantar!<\/p>\n<p>Creadas con <strong>tejido plano de spun<\/strong> con<strong> serigraf\u00eda<\/strong> es el sello distintivo de estas alpargatas. Un dise\u00f1o con pececitos s\u00faper original.\u00a0 Adem\u00e1s, este tejido plano ofrece una <strong>durabilidad<\/strong> , para que puedas lucir tus alpargatas all\u00e1 donde vayas.<\/p>\n<p>Para hacer la pisada m\u00e1s c\u00f3moda, hemos incluido una <strong>plantilla de piqu\u00e9.<\/strong>\u00a0Su <strong>suavidad<\/strong> y <strong>acolchado<\/strong> te permitir\u00e1n caminar con total confort, sin importar la distancia que recorras.<\/p>\n<p>Para sumar comodidad, a\u00f1adimos un f<strong>orro interior 100% algod\u00f3n, <\/strong>muy <strong>suave<\/strong> y <strong>agradable<\/strong> para tus pies. Disfrutar\u00e1s de una sensaci\u00f3n de comodidad y frescura en cada paso. Adem\u00e1s, el uso de algod\u00f3n como forro interior demuestra nuestro compromiso con la calidad y el confort en cada detalle.<\/p>\n<p>\u00a1Y no s\u00f3lo eso! El <strong>ajuste anat\u00f3mico<\/strong> har\u00e1 que tus pies se adapten a la perfecci\u00f3n. Camina con confianza y estilo, sin sacrificar la comodidad en ning\u00fan momento.<\/p>\n<p>Y su s<strong>uela de goma eva bicolor<\/strong> es tanto <strong>elegante<\/strong> como <strong>funcional<\/strong>. No solo agrega un <strong>toque moderno<\/strong> al dise\u00f1o de las esparte\u00f1as, sino que tambi\u00e9n te proporciona un agarre y tracci\u00f3n superior en cualquier superficie.<\/p>\n<p>Las <strong>costuras reforzadas<\/strong> son sin\u00f3nimo de <strong>durabilidad<\/strong> y <strong>resistencia<\/strong>. Estas costuras est\u00e1n dise\u00f1adas para resistir el uso diario y ofrecerte un calzado que te acompa\u00f1e en todas tus aventuras.<\/p>\n<p>Como un <strong>calzado 100% vegano<\/strong>, est\u00e1n <strong>libres<\/strong> de cualquier <strong>material de origen animal<\/strong>. Si te preocupa el bienestar animal y el impacto medioambiental, estas alpargatas son opci\u00f3n n\u00famero 1 para ti. Puedes lucirlas con orgullo, sabiendo que est\u00e1s apoyando una moda \u00e9tica y sostenible.<\/p>\n<p>Con unos <strong>150 gramos<\/strong> por par de peso, estas alpargatas son muy <strong>livianas<\/strong>. Sentir\u00e1s que caminas sobre las nubes mientras disfrutas de la libertad y la comodidad que brindan. Olv\u00eddate de los zapatos pesados y apr\u00f3piate de la ligereza de las alpargatas Ushuaia.<\/p>\n<p>\u00bfC\u00f3mo <strong>lavarlas<\/strong>? \u00a1Simple! <strong>A mano con jab\u00f3n neutro.<\/strong> De esta manera, conservar\u00e1n su color y calidad mucho tiempo. <strong>S\u00e9calas a la sombra<\/strong> en posici\u00f3n plana, evitando colgarlas, para evitar deformaciones.<\/p>\n<p>Las <strong>alpargatas<\/strong> Ushuaia son <strong>unisex<\/strong>. No importa tu g\u00e9nero, estas alpargatas se adaptar\u00e1n a tu estilo personal y te permitir\u00e1n expresarte con libertad.<\/p>\n<p>No pierdas m\u00e1s tiempo y descubre la comodidad y el estilo que te ofrece esta zapatilla de esparto \u00a1Compra ahora mismo tu par en nuestra tienda online y prep\u00e1rate para disfrutar del verano con estilo!<\/p>\n","protected":false},"excerpt":{"rendered":"<p><strong>Modelo Ushuaia<\/strong><\/p>\n<p><strong>L\u00ednea Cl\u00e1sicas<\/strong><\/p>\n<ul>\n<li>Tejido plano de spun con serigraf\u00eda (dise\u00f1ado para vos!)<\/li>\n<li>Plantilla de piqu\u00e9<\/li>\n<li>Suela de goma eva bicolor<\/li>\n<li>Costuras reforzadas (super resistente)<\/li>\n<li>Forro interior100% algod\u00f3n (tacto mas suave)<\/li>\n<li>Producto vegano 100%<\/li>\n<li>Pesa 150 gr. aprox. el par (c\u00f3modo y liviano)<\/li>\n<li>Ajuste anat\u00f3mico a tus pies<\/li>\n<li>Lavar a mano con jab\u00f3n neutro (recomendaci\u00f3n)<\/li>\n<\/ul>\n","protected":false},"featured_media":1706,"comment_status":"open","ping_status":"closed","template":"","meta":{"_joinchat":[]},"product_brand":[],"product_cat":[381,393,394],"product_tag":[351,364,357,363,352,365,360,361,358,359,362,356,366,353,354,355],"class_list":{"0":"post-1692","1":"product","2":"type-product","3":"status-publish","4":"has-post-thumbnail","6":"product_cat-clasica","7":"product_cat-hombre","8":"product_cat-mujer","9":"product_tag-alpargata","10":"product_tag-alpargata-comoda","11":"product_tag-alpargata-diseno","12":"product_tag-alpargata-vegana","13":"product_tag-calzado","14":"product_tag-calzado-comodo","15":"product_tag-calzado-joven","16":"product_tag-calzado-ligero","17":"product_tag-calzado-liviano","18":"product_tag-calzado-moderno","19":"product_tag-calzado-vegano","20":"product_tag-calzado-verano","21":"product_tag-espadrille","22":"product_tag-hombre","23":"product_tag-mujer","24":"product_tag-unisex","25":"pa_talla-337","26":"pa_talla-338","27":"pa_talla-339","28":"pa_talla-340","29":"pa_talla-341","30":"pa_talla-342","31":"pa_talla-343","32":"pa_talla-344","33":"pa_talla-345","34":"pa_talla-346","35":"pa_talla-347","36":"pa_talla-348","38":"first","39":"outofstock","40":"taxable","41":"shipping-taxable","42":"product-type-variable"},"jetpack_sharing_enabled":true,"_links":{"self":[{"href":"https:\/\/nipa-store.com\/es\/wp-json\/wp\/v2\/product\/1692","targetHints":{"allow":["GET"]}}],"collection":[{"href":"https:\/\/nipa-store.com\/es\/wp-json\/wp\/v2\/product"}],"about":[{"href":"https:\/\/nipa-store.com\/es\/wp-json\/wp\/v2\/types\/product"}],"replies":[{"embeddable":true,"href":"https:\/\/nipa-store.com\/es\/wp-json\/wp\/v2\/comments?post=1692"}],"wp:featuredmedia":[{"embeddable":true,"href":"https:\/\/nipa-store.com\/es\/wp-json\/wp\/v2\/media\/1706"}],"wp:attachment":[{"href":"https:\/\/nipa-store.com\/es\/wp-json\/wp\/v2\/media?parent=1692"}],"wp:term":[{"taxonomy":"product_brand","embeddable":true,"href":"https:\/\/nipa-store.com\/es\/wp-json\/wp\/v2\/product_brand?post=1692"},{"taxonomy":"product_cat","embeddable":true,"href":"https:\/\/nipa-store.com\/es\/wp-json\/wp\/v2\/product_cat?post=1692"},{"taxonomy":"product_tag","embeddable":true,"href":"https:\/\/nipa-store.com\/es\/wp-json\/wp\/v2\/product_tag?post=1692"}],"curies":[{"name":"wp","href":"https:\/\/api.w.org\/{rel}","templated":true}]}}