{"id":1807,"date":"2021-05-20T17:09:07","date_gmt":"2021-05-20T17:09:07","guid":{"rendered":"https:\/\/nipa-store.com\/es\/?post_type=product&#038;p=1807"},"modified":"2026-03-26T13:12:16","modified_gmt":"2026-03-26T13:12:16","slug":"azul-basica","status":"publish","type":"product","link":"https:\/\/nipa-store.com\/es\/producto\/alpargatas\/basica\/azul-basica\/","title":{"rendered":"AZUL B\u00e1sica"},"content":{"rendered":"<p>\u00a1Te van a encantar estas <strong>alpargatas tipo cerrado Azul<\/strong>! Estas alpargatas son el calzado de esparto esencial que no puede faltar en tu armario, ofreci\u00e9ndote versatilidad y calidad incomparables. Sigue leyendo y ver\u00e1s todas sus caracter\u00edsticas y beneficos.<\/p>\n<p>El <strong>tejido de punto plano de loneta aprestada<\/strong> en <strong>algod\u00f3n<\/strong> de <strong>color azul intenso<\/strong> atrae todas las miradas. Este <strong>material<\/strong> es <strong>resistente<\/strong> y garantiza la <strong>durabilidad<\/strong> y la resistencia al desgaste, permiti\u00e9ndote disfrutar de tus alpargatas, esperamos, por muchos a\u00f1os. La loneta aprestada proporciona una apariencia impecable y un acabado elegante que complementar\u00e1 tu estilo personal.<\/p>\n<p>La <strong>plantilla de piqu\u00e9 acolchonada<\/strong> es otro punto a destacar. Una plantilla que brinda una <strong>comodidad<\/strong> que ni te imaginas hasta que te las pones. Amorigua la pisada, permiti\u00e9ndote caminar largas distancias sin cansancio ni molestias.<\/p>\n<p>Para <strong>favorecer la circulaci\u00f3n del aire<\/strong> en el interior del calzado hemos incorporado unos <strong>ojales met\u00e1licos<\/strong> en los laterales internos. Tus pies se mantendr\u00e1n <strong>frescos<\/strong> y <strong>ventilados<\/strong>, especialmente en los d\u00edas m\u00e1s c\u00e1lidos. Olv\u00eddate de la sensaci\u00f3n de pies sofocados y disfruta de una sensaci\u00f3n refrescante durante todo el d\u00eda.<\/p>\n<p>Con su<strong> forro interior 100% algod\u00f3n<\/strong> gris tus pies se sentir\u00e1n cuidados y aumentamos la <strong>transpirabilidad<\/strong>, \u00a1olv\u00eddate de pies sudorosos e irritaciones!<\/p>\n<p>La<strong> suela de goma eva bicolor<\/strong> crea un contraste con el tejido espectacular. Adem\u00e1s, esta suela ofrece mejor tracci\u00f3n y resistencia al desgaste, permiti\u00e9ndote caminar en diferentes tipos de superficies.<\/p>\n<p>Las<strong> costuras reforzadas<\/strong> son un detalle clave que garantiza la <strong>resistencia<\/strong> y <strong>durabilidad<\/strong> de estas esparte\u00f1as. Puedes confiar en que te acompa\u00f1ar\u00e1n en tus actividades diarias sin desgarrarse ni deshacerse. Estas alpargatas est\u00e1n dise\u00f1adas para resistir el uso constante y mantener su calidad en cualquier situaci\u00f3n.<\/p>\n<p>No importa la forma de tus pies, llevan un <strong>ajuste anat\u00f3mico<\/strong> con un <strong>calce ligeramente ancho o amplio<\/strong> para adaptarse a los tuyos. Tus pies se sentir\u00e1n mimados y c\u00f3modos durante todo el d\u00eda.<\/p>\n<p>Para su fabricaci\u00f3n <strong>no utilizamos ning\u00fan material de origen animal,<\/strong> por lo que las hace un<strong> zapato vegano 100%.<\/strong>\u00a0Si valoras la sostenibilidad y la \u00e9tica en tus elecciones de calzado, estas alpargatas son la opci\u00f3n ideal para ti.<\/p>\n<p><strong>Pesan<\/strong> muy poco, unos <strong>155 gramos<\/strong> por par, por lo que son ligeras y c\u00f3modas de llevar. No sentir\u00e1s ninguna carga adicional en tus pies, \u00a1libera tus pies!<\/p>\n<p>Como queremos que las lleves puestas mucho tiempo, te recomendamos <strong>lavarlas a mano con jab\u00f3n neutro<\/strong> y secarlas a la sombra en posici\u00f3n plana. Siguiendo estas instrucciones, podr\u00e1s preservar el color, la forma y la durabilidad de tus alpargatas durante mucho tiempo.<\/p>\n<p>\u00a1Y validas para todos\/as porque son <strong>unisex<\/strong>! Hombres y mujeres pueden lucirlas con estilo. Son adecuadas para el verano y tambi\u00e9n para temperaturas menos c\u00e1lidas, brind\u00e1ndote versatilidad y confort en cualquier \u00e9poca del a\u00f1o \u00a1S\u00faper vers\u00e1tiles!<\/p>\n<p>No esperes m\u00e1s y a\u00f1ade un toque de estilo y comodidad a tus pies con las <strong>alpargatas Azul<\/strong>. Ser\u00e1n tus compa\u00f1eras perfectas en todas tus aventuras. \u00a1Adquiere un par hoy mismo y experimenta la combinaci\u00f3n perfecta de moda y funcionalidad en tus pies!<\/p>\n","protected":false},"excerpt":{"rendered":"<p><strong>Modelo AZUL<\/strong><\/p>\n<p><strong>L\u00ednea B\u00e1sica<\/strong><\/p>\n<ul>\n<li>Tejido punto plano de loneta aprestada algod\u00f3n (super resistente!)<\/li>\n<li>Plantilla de piqu\u00e9 acolchonada ( super c\u00f3modas)<\/li>\n<li>Con ojal met\u00e1lico en laterales internos, para\u00a0 mayor circulaci\u00f3n de aire.<\/li>\n<li>Suela de goma eva bicolor<\/li>\n<li>Costuras reforzadas!<\/li>\n<li>Forro 100% algod\u00f3n gris (tacto suave)<\/li>\n<li>Producto vegano 100%<\/li>\n<li>Pesa 155 gr. aprox. el par<\/li>\n<li>Ajuste anat\u00f3mico a tus pies (calce ligeramente ancho \u00f3 amplio)<\/li>\n<li>Lavar a mano con jab\u00f3n neutro (recomendaci\u00f3n) y secar en la sombra en plano, no colgadas!.<\/li>\n<\/ul>\n","protected":false},"featured_media":1821,"comment_status":"open","ping_status":"closed","template":"","meta":{"_joinchat":{"telephone":"+34663750946"}},"product_brand":[],"product_cat":[382,393,394],"product_tag":[351,364,357,363,352,365,360,361,358,359,362,356,366,353,354,355],"class_list":{"0":"post-1807","1":"product","2":"type-product","3":"status-publish","4":"has-post-thumbnail","6":"product_cat-basica","7":"product_cat-hombre","8":"product_cat-mujer","9":"product_tag-alpargata","10":"product_tag-alpargata-comoda","11":"product_tag-alpargata-diseno","12":"product_tag-alpargata-vegana","13":"product_tag-calzado","14":"product_tag-calzado-comodo","15":"product_tag-calzado-joven","16":"product_tag-calzado-ligero","17":"product_tag-calzado-liviano","18":"product_tag-calzado-moderno","19":"product_tag-calzado-vegano","20":"product_tag-calzado-verano","21":"product_tag-espadrille","22":"product_tag-hombre","23":"product_tag-mujer","24":"product_tag-unisex","25":"pa_talla-337","26":"pa_talla-338","27":"pa_talla-339","28":"pa_talla-340","29":"pa_talla-341","30":"pa_talla-342","31":"pa_talla-343","32":"pa_talla-344","33":"pa_talla-345","34":"pa_talla-346","35":"pa_talla-347","36":"pa_talla-348","38":"first","39":"outofstock","40":"taxable","41":"shipping-taxable","42":"purchasable","43":"product-type-variable"},"jetpack_sharing_enabled":true,"_links":{"self":[{"href":"https:\/\/nipa-store.com\/es\/wp-json\/wp\/v2\/product\/1807","targetHints":{"allow":["GET"]}}],"collection":[{"href":"https:\/\/nipa-store.com\/es\/wp-json\/wp\/v2\/product"}],"about":[{"href":"https:\/\/nipa-store.com\/es\/wp-json\/wp\/v2\/types\/product"}],"replies":[{"embeddable":true,"href":"https:\/\/nipa-store.com\/es\/wp-json\/wp\/v2\/comments?post=1807"}],"wp:featuredmedia":[{"embeddable":true,"href":"https:\/\/nipa-store.com\/es\/wp-json\/wp\/v2\/media\/1821"}],"wp:attachment":[{"href":"https:\/\/nipa-store.com\/es\/wp-json\/wp\/v2\/media?parent=1807"}],"wp:term":[{"taxonomy":"product_brand","embeddable":true,"href":"https:\/\/nipa-store.com\/es\/wp-json\/wp\/v2\/product_brand?post=1807"},{"taxonomy":"product_cat","embeddable":true,"href":"https:\/\/nipa-store.com\/es\/wp-json\/wp\/v2\/product_cat?post=1807"},{"taxonomy":"product_tag","embeddable":true,"href":"https:\/\/nipa-store.com\/es\/wp-json\/wp\/v2\/product_tag?post=1807"}],"curies":[{"name":"wp","href":"https:\/\/api.w.org\/{rel}","templated":true}]}}