{"id":1825,"date":"2021-05-20T18:17:59","date_gmt":"2021-05-20T18:17:59","guid":{"rendered":"https:\/\/nipa-store.com\/es\/?post_type=product&#038;p=1825"},"modified":"2026-03-10T12:36:54","modified_gmt":"2026-03-10T12:36:54","slug":"bordo-basica","status":"publish","type":"product","link":"https:\/\/nipa-store.com\/es\/producto\/alpargatas\/basica\/bordo-basica\/","title":{"rendered":"BORDO B\u00e1sica"},"content":{"rendered":"<p>\u00bfEst\u00e1s buscando unas <strong>alpargatas<\/strong> <strong>c\u00f3modas<\/strong>, <strong>duraderas<\/strong> y con <strong>estilo<\/strong>? Las <strong>alpargatas<\/strong> <strong>Bordo<\/strong> son la elecci\u00f3n perfecta para ti.<\/p>\n<p>Estas<strong> alpargatas tipo cerrado<\/strong> de nuestra l\u00ednea b\u00e1sica combinan <strong>funcionalidad<\/strong> y <strong>dise\u00f1o<\/strong> para brindarte el m\u00e1ximo <strong>confort<\/strong> y un <strong>aspecto elegante<\/strong>.<\/p>\n<p>Compuestas por un <strong>tejido punto plano de loneta aprestada en algod\u00f3n de color burdeo<\/strong>s o<strong> rojo oscuro<\/strong> es uno de los aspectos destacados de estas alpargatas porque es un <strong>material<\/strong> es s\u00faper resistente. Adem\u00e1s, el color le da un toque de elegancia y sofisticaci\u00f3n a tus pies.<\/p>\n<p>La <strong>plantilla de piqu\u00e9<\/strong>\u00a0es otro detalle importante de estas esparte\u00f1as. Dise\u00f1ada pensando en tu <strong>comodidad<\/strong>, esta plantilla te brinda una sensaci\u00f3n de <strong>suavidad<\/strong> y <strong>confort<\/strong> a tus pies cuando caminas. Ya sea por la ciudad o relaj\u00e1ndote en la playa, tus pies estar\u00e1n siempre agradecidos.<\/p>\n<p>El <strong>ojal met\u00e1lico en los laterales internos<\/strong> es otro elemento que destaca en su dise\u00f1o. Este detalle no solo agrega un toque de <strong>estilo<\/strong>, sino que tambi\u00e9n permite una <strong>mayor circulaci\u00f3n de aire<\/strong> en el interior de las alpargatas, manteniendo tus<strong> pies frescos,<\/strong>\u00a0incluso en los d\u00edas m\u00e1s calurosos.<\/p>\n<p>La<strong> suela de goma eva bicolor<\/strong>\u00a0<span style=\"font-size: 14.4px;\">agrega un toque de estilo \u00fanico a este calzado<\/span><span style=\"font-size: 14.4px;\">. Esta suela <strong>proporciona<\/strong> una buena <strong>tracci\u00f3n<\/strong> y resistencia al desgaste. Adem\u00e1s, el contraste de colores en la suela .<\/span><\/p>\n<p>Llevan <strong>costuras reforzadas <\/strong>para que duren <span style=\"font-size: 14.4px;\">mucho tiempo, resistiendo el uso diario y manteniendo su forma y calidad original. G<\/span><span style=\"font-size: 14.4px;\">arantizan la <strong>durabilidad<\/strong> y <strong>resistencia<\/strong> extra.<\/span><\/p>\n<p>El <strong>ajuste anat\u00f3mico<\/strong> incorporado asegura un calce <strong>c\u00f3modo<\/strong> y adaptado a la forma de tus pies. Caminar\u00e1s con confianza y sin molestias, sintiendo que estas alpargatas fueron hechas especialmente para ti.<\/p>\n<p>Para que tus pies est\u00e9n m\u00e1s c\u00f3modos, hemos a\u00f1adido un<strong> forro interior 100%<\/strong> <strong>algod\u00f3n<\/strong> gris par darte un tacto <strong>suave<\/strong> y <strong>agradable<\/strong> en cada paso, permiti\u00e9ndote usar las alpargatas durante largos per\u00edodos sin ninguna molestia.<\/p>\n<p>Adem\u00e1s de su dise\u00f1o y calidad, este<strong> calzado de esparto 100% vegano<\/strong>. Est\u00e1n fabricadas sin utilizar ning\u00fan material de origen animal, lo que las convierte en una opci\u00f3n respetuosa con los animales y el medio ambiente.<\/p>\n<p>Sentir\u00e1s que no llevas nada en los pies porque tan s\u00f3lo <strong>pesan 155 gramos<\/strong> por par, lo que tambi\u00e9n las hace en una opci\u00f3n indispensable si vas de viaje por su escaso gramaje.<\/p>\n<p>Si quieres mantener tus alpargatas en perfectas condiciones, se recomienda<strong> lavarlas a mano con jab\u00f3n neutro<\/strong> y secarlas a la sombra en posici\u00f3n plana. De esta manera, podr\u00e1s conservar su color, forma y durabilidad durante mucho tiempo.<\/p>\n<p>Por \u00faltimo, es importante mencionar que son <strong>unisex<\/strong>, lo que significa que tanto <strong>hombres<\/strong> como <strong>mujeres<\/strong> pueden disfrutar ellas. Son el complemento ideal para tus looks de verano y tambi\u00e9n son aptas para usar en temperaturas menos c\u00e1lidas, ofreciendo versatilidad durante todo el a\u00f1o.<\/p>\n<p>No esperes m\u00e1s y a\u00f1ade un toque de elegancia y comodidad a tu calzado con las <strong>alpargatas Bordo.<\/strong> \u00a1Tus pies te lo agradecer\u00e1n!<\/p>\n","protected":false},"excerpt":{"rendered":"<p><strong>Modelo BORDO<\/strong><\/p>\n<p><strong>L\u00ednea B\u00e1sica<\/strong><\/p>\n<ul>\n<li>Tejido punto plano de loneta aprestada algod\u00f3n (super resistente!)<\/li>\n<li>Plantilla de piqu\u00e9 acolchonada ( super c\u00f3modas)<\/li>\n<li>Con ojal met\u00e1lico en laterales internos, para\u00a0 mayor circulaci\u00f3n de aire. (asi estan<\/li>\n<li>Suela de goma eva bicolor<\/li>\n<li>Costuras reforzadas!<\/li>\n<li>Forro interior 100% algod\u00f3n gris (tacto suave)<\/li>\n<li>Producto vegano 100%<\/li>\n<li>Pesa 155 gr. aprox. el par<\/li>\n<li>Ajuste anat\u00f3mico a tus pies (calce ligeramente ancho \u00f3 amplio)<\/li>\n<li>Lavar a mano con jab\u00f3n neutro (recomendaci\u00f3n) y secar en la sombra en plano, no colgadas!.<\/li>\n<\/ul>\n","protected":false},"featured_media":1840,"comment_status":"open","ping_status":"closed","template":"","meta":{"_joinchat":{"telephone":"+34663750946"}},"product_brand":[],"product_cat":[382,393,394],"product_tag":[351,364,357,363,352,365,360,361,358,359,362,356,366,353,354,355],"class_list":{"0":"post-1825","1":"product","2":"type-product","3":"status-publish","4":"has-post-thumbnail","6":"product_cat-basica","7":"product_cat-hombre","8":"product_cat-mujer","9":"product_tag-alpargata","10":"product_tag-alpargata-comoda","11":"product_tag-alpargata-diseno","12":"product_tag-alpargata-vegana","13":"product_tag-calzado","14":"product_tag-calzado-comodo","15":"product_tag-calzado-joven","16":"product_tag-calzado-ligero","17":"product_tag-calzado-liviano","18":"product_tag-calzado-moderno","19":"product_tag-calzado-vegano","20":"product_tag-calzado-verano","21":"product_tag-espadrille","22":"product_tag-hombre","23":"product_tag-mujer","24":"product_tag-unisex","25":"pa_talla-337","26":"pa_talla-338","27":"pa_talla-339","28":"pa_talla-340","29":"pa_talla-341","30":"pa_talla-342","31":"pa_talla-343","32":"pa_talla-344","33":"pa_talla-345","34":"pa_talla-346","35":"pa_talla-347","36":"pa_talla-348","38":"first","39":"instock","40":"taxable","41":"shipping-taxable","42":"purchasable","43":"product-type-variable"},"jetpack_sharing_enabled":true,"_links":{"self":[{"href":"https:\/\/nipa-store.com\/es\/wp-json\/wp\/v2\/product\/1825","targetHints":{"allow":["GET"]}}],"collection":[{"href":"https:\/\/nipa-store.com\/es\/wp-json\/wp\/v2\/product"}],"about":[{"href":"https:\/\/nipa-store.com\/es\/wp-json\/wp\/v2\/types\/product"}],"replies":[{"embeddable":true,"href":"https:\/\/nipa-store.com\/es\/wp-json\/wp\/v2\/comments?post=1825"}],"wp:featuredmedia":[{"embeddable":true,"href":"https:\/\/nipa-store.com\/es\/wp-json\/wp\/v2\/media\/1840"}],"wp:attachment":[{"href":"https:\/\/nipa-store.com\/es\/wp-json\/wp\/v2\/media?parent=1825"}],"wp:term":[{"taxonomy":"product_brand","embeddable":true,"href":"https:\/\/nipa-store.com\/es\/wp-json\/wp\/v2\/product_brand?post=1825"},{"taxonomy":"product_cat","embeddable":true,"href":"https:\/\/nipa-store.com\/es\/wp-json\/wp\/v2\/product_cat?post=1825"},{"taxonomy":"product_tag","embeddable":true,"href":"https:\/\/nipa-store.com\/es\/wp-json\/wp\/v2\/product_tag?post=1825"}],"curies":[{"name":"wp","href":"https:\/\/api.w.org\/{rel}","templated":true}]}}