{"id":2173,"date":"2021-05-23T17:54:49","date_gmt":"2021-05-23T17:54:49","guid":{"rendered":"https:\/\/nipa-store.com\/es\/?post_type=product&#038;p=2173"},"modified":"2026-03-10T16:35:42","modified_gmt":"2026-03-10T16:35:42","slug":"minina-trendy","status":"publish","type":"product","link":"https:\/\/nipa-store.com\/es\/producto\/alpargatas\/trendy\/minina-trendy\/","title":{"rendered":"Minina Trendy"},"content":{"rendered":"<p>\u00a1Descubre las <strong>alpargatas Minina<\/strong>\u00a0del modelo <strong>Trendy<\/strong>, el <strong>calzado perfecto<\/strong> para aquellos que buscan comodidad, estilo y un toque de diversi\u00f3n en cada paso! Estas alpargatas son un verdadero derroche de <strong>dise\u00f1o<\/strong> y <strong>confort<\/strong>, con caracter\u00edsticas que te enamorar\u00e1n.<\/p>\n<p>E<strong>l tejido reforzado de spun con sublimaci\u00f3n<\/strong> presenta un <strong>dise\u00f1o exclusivo<\/strong> y <strong>multicolor<\/strong> que seguramente captar\u00e1 la atenci\u00f3n de todos a tu alrededor,\u00a0 agregando un toque de <strong>alegr\u00eda<\/strong> y <strong>originalidad<\/strong> a tu <strong>estilo<\/strong>. \u00a1Prep\u00e1rate para destacar con un calzado que no pasa desapercibido!<\/p>\n<p>Una de las caracter\u00edsticas clave de estas <strong>zapatillas de esparto<\/strong> es su <strong>plantilla extra\u00edble<\/strong> de goma eva de 6 mm. Esta plantilla proporciona una <strong>comodidad<\/strong> excepcional y un acolchado suave que har\u00e1 que tus pies se sientan en las nubes. \u00a1Disfruta de la sensaci\u00f3n de caminar sobre una nube mientras luces a la moda!<\/p>\n<p>La<strong> talonera reforzada<\/strong> garantiza ausencia de rozaduras despu\u00e9s de largas horas con ellas puestas.<\/p>\n<p>El <strong>ajuste anat\u00f3mico<\/strong> y la <strong>horma amplia<\/strong> garantizan una <strong>comodidad extra<\/strong>. \u00a1Prep\u00e1rate para disfrutar de una experiencia de calzado excepcional!<\/p>\n<p>La <strong>suela de caucho y\u00a0 PVC antideslizante<\/strong> es altamente <strong>flexible<\/strong>, lo que te brinda una libertad de movimiento excepcional adem\u00e1s de un mejor agarre. Camina con confianza sabiendo que tus alpargatas te proporcionan un pisada s\u00f3lida y <strong>segura<\/strong> en cualquier superficie.<\/p>\n<p>La suela y la tela est\u00e1n cosidas con<strong> hilo de alta densidad,<\/strong> para ganar <strong>resistencia<\/strong> y durabil<strong>i<\/strong>dad. No importa cu\u00e1nto las uses, seguir\u00e1n luciendo como nuevas y te acompa\u00f1ar\u00e1n en todos tus mejores momentos.<\/p>\n<p>Adem\u00e1s de ser estilosas y c\u00f3modas son un <strong>calzado vegano<\/strong>, lo que significa que <strong>no se utilizan materiales de origen animal<\/strong> en su fabricaci\u00f3n. Puedes lucir un calzado <strong>\u00e9tico<\/strong> y de <strong>calidad<\/strong> sin comprometer tus principios.<\/p>\n<p>Si quieres que te duren mucho tiempo, te recomendamos<strong> lavarlas a mano con jab\u00f3n neutro<\/strong> y secarlas a la sombra en forma plana. Si las limpias as\u00ed, te durar\u00e1n mucho tiempo.<\/p>\n<p>Bonus track:\u00a0 \u00a1son <strong>unisex<\/strong>!, lo que significa que tanto <strong>hombres<\/strong> como <strong>mujeres<\/strong> pueden llevarlas con sus mejores looks. Son <strong>vers\u00e1tiles<\/strong>, ideales para el verano y tambi\u00e9n para temperaturas menos c\u00e1lidas, \u00a1as\u00ed que ll\u00e9valas siempre y luce la marca <strong>Nipe<\/strong>!<\/p>\n<p>Una <strong>esparte\u00f1a<\/strong> llena de <strong>estilo<\/strong> y <strong>personalidad<\/strong>. Con su <strong>dise\u00f1o exclusivo<\/strong>, detalles de <strong>alta calidad y ajuste anat\u00f3mico<\/strong>, estas alpargatas se convertir\u00e1n en tu compa\u00f1ero favorito para cada paso que des. \u00a1Atr\u00e9vete a destacar con las <strong>alpargatas Minina<\/strong> y lleva tu estilo al siguiente nivel!<\/p>\n<p>\u00a1No te quedes sin las tuyas!<\/p>\n","protected":false},"excerpt":{"rendered":"<p><strong>Modelo MININA TRENDY<\/strong><\/p>\n<p><strong>L\u00ednea Trendy<\/strong><\/p>\n<ul>\n<li>Tejido reforzado de spun con sublimaci\u00f3n (dise\u00f1ado exclusivo!)<\/li>\n<li>Plantilla extra\u00edble de goma eva 6 mm ( c\u00f3modas y confortables! )<\/li>\n<li>Talonera reforzada<\/li>\n<li>Suela de caucho + PVC antideslizante (Muy flexibles! )<\/li>\n<li>Cosidas con hilo alta densidad ( s\u00faper resistentes! )<\/li>\n<li>Menos de 300 gr. Par<\/li>\n<li>Producto vegano<\/li>\n<li>Detalles de dise\u00f1o<\/li>\n<li>Ajuste anat\u00f3mico a tus pies, horma amplia ( No te las vas a querer sacar!)<\/li>\n<li>Lavar a mano con jab\u00f3n neutro y secar a la sombra en forma plana (recomendaci\u00f3n)<\/li>\n<\/ul>\n<p>&nbsp;<\/p>\n","protected":false},"featured_media":2675,"comment_status":"open","ping_status":"closed","template":"","meta":{"_joinchat":{"telephone":"+34663750946"}},"product_brand":[],"product_cat":[383,394],"product_tag":[351,364,357,363,352,365,360,361,358,359,362,356,366,353,354,355],"class_list":{"0":"post-2173","1":"product","2":"type-product","3":"status-publish","4":"has-post-thumbnail","6":"product_cat-trendy","7":"product_cat-mujer","8":"product_tag-alpargata","9":"product_tag-alpargata-comoda","10":"product_tag-alpargata-diseno","11":"product_tag-alpargata-vegana","12":"product_tag-calzado","13":"product_tag-calzado-comodo","14":"product_tag-calzado-joven","15":"product_tag-calzado-ligero","16":"product_tag-calzado-liviano","17":"product_tag-calzado-moderno","18":"product_tag-calzado-vegano","19":"product_tag-calzado-verano","20":"product_tag-espadrille","21":"product_tag-hombre","22":"product_tag-mujer","23":"product_tag-unisex","24":"pa_talla-337","25":"pa_talla-338","26":"pa_talla-339","27":"pa_talla-340","28":"pa_talla-341","29":"pa_talla-342","30":"pa_talla-343","31":"pa_talla-344","32":"pa_talla-345","33":"pa_talla-346","34":"pa_talla-347","35":"pa_talla-348","37":"first","38":"instock","39":"taxable","40":"shipping-taxable","41":"purchasable","42":"product-type-variable"},"jetpack_sharing_enabled":true,"_links":{"self":[{"href":"https:\/\/nipa-store.com\/es\/wp-json\/wp\/v2\/product\/2173","targetHints":{"allow":["GET"]}}],"collection":[{"href":"https:\/\/nipa-store.com\/es\/wp-json\/wp\/v2\/product"}],"about":[{"href":"https:\/\/nipa-store.com\/es\/wp-json\/wp\/v2\/types\/product"}],"replies":[{"embeddable":true,"href":"https:\/\/nipa-store.com\/es\/wp-json\/wp\/v2\/comments?post=2173"}],"wp:featuredmedia":[{"embeddable":true,"href":"https:\/\/nipa-store.com\/es\/wp-json\/wp\/v2\/media\/2675"}],"wp:attachment":[{"href":"https:\/\/nipa-store.com\/es\/wp-json\/wp\/v2\/media?parent=2173"}],"wp:term":[{"taxonomy":"product_brand","embeddable":true,"href":"https:\/\/nipa-store.com\/es\/wp-json\/wp\/v2\/product_brand?post=2173"},{"taxonomy":"product_cat","embeddable":true,"href":"https:\/\/nipa-store.com\/es\/wp-json\/wp\/v2\/product_cat?post=2173"},{"taxonomy":"product_tag","embeddable":true,"href":"https:\/\/nipa-store.com\/es\/wp-json\/wp\/v2\/product_tag?post=2173"}],"curies":[{"name":"wp","href":"https:\/\/api.w.org\/{rel}","templated":true}]}}