{"id":2221,"date":"2021-05-24T11:41:12","date_gmt":"2021-05-24T11:41:12","guid":{"rendered":"https:\/\/nipa-store.com\/es\/?post_type=product&#038;p=2221"},"modified":"2026-03-10T16:55:56","modified_gmt":"2026-03-10T16:55:56","slug":"abanicos-trendy","status":"publish","type":"product","link":"https:\/\/nipa-store.com\/es\/producto\/alpargatas\/trendy\/abanicos-trendy\/","title":{"rendered":"Abanique Trendy"},"content":{"rendered":"<p>Te presentamos las <strong>alpargatas Abanique<\/strong>\u00a0del <strong>modelo Trendy<\/strong> y prep\u00e1rate para destacar con estilo en tus pr\u00f3ximas aventuras de verano! Estas alpargatas combinan comodidad, dise\u00f1o exclusivo y detalles llamativos que te conquistar\u00e1n desde el primer momento.<\/p>\n<p>El t<strong>ejido reforzado de spun<\/strong> con <strong>sublimaci\u00f3n<\/strong> en fondo <strong>blanco<\/strong> y <strong>adornos florales<\/strong> de hojas en color <strong>verde<\/strong> es simplemente espectacular. El dise\u00f1o exclusivo y ca\u00f1ero de estas alpargatas te permitir\u00e1 lucir un look fresco y moderno. Los dibujos de hojas de palma o palmera no solo a\u00f1aden un toque \u00fanico, sino que tambi\u00e9n te transportan a ambientes tropicales y vibrantes.<\/p>\n<p>Cuando se trata de <strong>comodidad<\/strong>, las estas esparte\u00f1as te sorprender\u00e1n. Su <strong>plantilla extra\u00edble de goma eva<\/strong> de 6 mm proporciona una sensaci\u00f3n de <strong>suavidad<\/strong> y <strong>confort <\/strong>para que tus pies se sientan acolchados y \u00a1nunca te duelan!. Adem\u00e1s, la <strong>talonera reforzada<\/strong> garantiza un <strong>ajuste<\/strong> seguro y protege tus pies de cualquier rozadura.<\/p>\n<p>La flexibilidad se consigue con <strong>suela de caucho<\/strong> y <strong>PVC<\/strong> <strong>antideslizante<\/strong>. Puedes caminar en cualquier tipo de superficie sin preocuparte de resbalarte. est\u00e9s donde est\u00e9: oficina, playa, campo, paseo&#8230;. estas calzado de esparto te brindar\u00e1n un <strong>agarre<\/strong> s\u00f3lido y seguro.<\/p>\n<p>Destaca el <strong>cosido con hilo de alta densidad <\/strong>para unir la suela y el tejido. Este proceso de fabricaci\u00f3n garantiza una <strong>resistencia<\/strong>, \u00a1por lo que te van a acompa\u00f1ar en muchas aventuras y experiencias en tu vida!<\/p>\n<p>No olvides que son un <strong>producto vegano<\/strong>. Si, es cualquier elemento textil que <strong>no se utiliza materiales de origen animal en su fabricaci\u00f3n. <\/strong>Tanto si eres un defensor ac\u00e9rrimo de los animales como si no, es una elecci\u00f3n \u00e9tica y respetuosa. Si buscas un calzado que combine <strong>moda<\/strong> y <strong>sostenibilidad<\/strong>, estas alpargatas son la elecci\u00f3n perfecta.<\/p>\n<p>Se <strong>adaptan anat\u00f3micamente<\/strong> a todos los pies gracias a su <strong>horma amplia<\/strong> que garantiza un <strong>ajuste<\/strong> perfecto. No solo te ver\u00e1s genial, sino que tambi\u00e9n te sentir\u00e1s c\u00f3modo\/a durante todo el d\u00eda.<\/p>\n<p>Recomendamos <strong>lavarlas a mano con jab\u00f3n neutro<\/strong> y secarlas a la sombra en forma plana. Siguiendo estos sencillos consejos de cuidado, podr\u00e1s disfrutar de ellas m\u00e1s tiempo.<\/p>\n<p>Las alpargatas Abanicos son unisex, lo que significa que tanto <strong>hombres<\/strong> como <strong>mujeres<\/strong> pueden disfrutar de su estilo y comodidad. Son un <strong>calzado vers\u00e1til<\/strong> y atractivo para el verano y tambi\u00e9n para temperaturas menos c\u00e1lidas.<\/p>\n<p>No esperes m\u00e1s, \u00a1hazte con unas <strong>alpargatas Abanique<\/strong>\u00a0y a\u00f1ade un toque ca\u00f1ero a tus outfits de verano!<\/p>\n","protected":false},"excerpt":{"rendered":"<p><strong>Modelo ABANIQUE TRENDY<\/strong><\/p>\n<p><strong>L\u00ednea Trendy<\/strong><\/p>\n<ul>\n<li>Tejido reforzado de spun con sublimaci\u00f3n (dise\u00f1ado exclusivo! Super ca\u00f1ero! )<\/li>\n<li>Plantilla extra\u00edble de goma eva 6 mm ( c\u00f3modas y confortables! )<\/li>\n<li>Talonera reforzada<\/li>\n<li>Suela de caucho + PVC antideslizante (Muy flexibles! )<\/li>\n<li>Cosidas con hilo alta densidad ( s\u00faper resistentes! )<\/li>\n<li>Producto vegano<\/li>\n<li>Detalles de dise\u00f1o<\/li>\n<li>Ajuste anat\u00f3mico a tus pies, horma amplia ( No te las vas a querer sacar!)<\/li>\n<li>Lavar a mano con jab\u00f3n neutro y secar a la sombra en forma plana (recomendaci\u00f3n)<\/li>\n<li>En el talle 40 al 44 cambian las suelas<\/li>\n<\/ul>\n<p>&nbsp;<\/p>\n","protected":false},"featured_media":2615,"comment_status":"open","ping_status":"closed","template":"","meta":{"_joinchat":{"telephone":"+34663750946"}},"product_brand":[],"product_cat":[383,393,394],"product_tag":[351,364,357,363,352,365,360,361,358,359,362,356,366,373,353,354,355],"class_list":{"0":"post-2221","1":"product","2":"type-product","3":"status-publish","4":"has-post-thumbnail","6":"product_cat-trendy","7":"product_cat-hombre","8":"product_cat-mujer","9":"product_tag-alpargata","10":"product_tag-alpargata-comoda","11":"product_tag-alpargata-diseno","12":"product_tag-alpargata-vegana","13":"product_tag-calzado","14":"product_tag-calzado-comodo","15":"product_tag-calzado-joven","16":"product_tag-calzado-ligero","17":"product_tag-calzado-liviano","18":"product_tag-calzado-moderno","19":"product_tag-calzado-vegano","20":"product_tag-calzado-verano","21":"product_tag-espadrille","22":"product_tag-hecho-a-mano","23":"product_tag-hombre","24":"product_tag-mujer","25":"product_tag-unisex","26":"pa_talla-337","27":"pa_talla-338","28":"pa_talla-339","29":"pa_talla-340","30":"pa_talla-341","31":"pa_talla-342","32":"pa_talla-343","33":"pa_talla-344","34":"pa_talla-345","35":"pa_talla-346","36":"pa_talla-347","37":"pa_talla-348","39":"first","40":"instock","41":"taxable","42":"shipping-taxable","43":"purchasable","44":"product-type-variable"},"jetpack_sharing_enabled":true,"_links":{"self":[{"href":"https:\/\/nipa-store.com\/es\/wp-json\/wp\/v2\/product\/2221","targetHints":{"allow":["GET"]}}],"collection":[{"href":"https:\/\/nipa-store.com\/es\/wp-json\/wp\/v2\/product"}],"about":[{"href":"https:\/\/nipa-store.com\/es\/wp-json\/wp\/v2\/types\/product"}],"replies":[{"embeddable":true,"href":"https:\/\/nipa-store.com\/es\/wp-json\/wp\/v2\/comments?post=2221"}],"wp:featuredmedia":[{"embeddable":true,"href":"https:\/\/nipa-store.com\/es\/wp-json\/wp\/v2\/media\/2615"}],"wp:attachment":[{"href":"https:\/\/nipa-store.com\/es\/wp-json\/wp\/v2\/media?parent=2221"}],"wp:term":[{"taxonomy":"product_brand","embeddable":true,"href":"https:\/\/nipa-store.com\/es\/wp-json\/wp\/v2\/product_brand?post=2221"},{"taxonomy":"product_cat","embeddable":true,"href":"https:\/\/nipa-store.com\/es\/wp-json\/wp\/v2\/product_cat?post=2221"},{"taxonomy":"product_tag","embeddable":true,"href":"https:\/\/nipa-store.com\/es\/wp-json\/wp\/v2\/product_tag?post=2221"}],"curies":[{"name":"wp","href":"https:\/\/api.w.org\/{rel}","templated":true}]}}