{"id":2276,"date":"2021-05-24T15:48:11","date_gmt":"2021-05-24T15:48:11","guid":{"rendered":"https:\/\/nipa-store.com\/es\/?post_type=product&#038;p=2276"},"modified":"2025-08-20T08:53:13","modified_gmt":"2025-08-20T08:53:13","slug":"sueco-trendy","status":"publish","type":"product","link":"https:\/\/nipa-store.com\/es\/producto\/alpargatas\/trendy\/sueco-trendy\/","title":{"rendered":"Sueco Trendy MULE WHITE"},"content":{"rendered":"<p><strong>Alpargatas Sueco<\/strong>\u00a0del modelo <strong>Trendy<\/strong> son el calzado perfecto para aquellos que buscan un <strong>estilo r\u00fastico<\/strong> y <strong>elegante<\/strong>.<\/p>\n<p>Estas alpargatas destacan por su t<strong>ejido de algod\u00f3n reforzado<\/strong>, adornado con un <strong>bordado <\/strong>exclusivo que le a\u00f1ade un toque de <strong>glamour<\/strong>.<\/p>\n<p>Este <strong>calzado super liviano <\/strong>tiene un <strong>calce anat\u00f3mico<\/strong> diferente, ya que no se agarra al tal\u00f3n y cuenta con una <strong>horma amplia.<\/strong> Esto proporciona un <strong>ajuste c\u00f3modo<\/strong> y libre, permitiendo que tus pies respiren y se sientan c\u00f3modos en cada paso.<\/p>\n<p>La <strong>capellada<\/strong> de estas alpargatas est\u00e1 <strong>cosida con hilo al tono<\/strong>, lo que le brinda un acabado <strong>elegante<\/strong> y <strong>duradero<\/strong>. Puedes confiar en que los Suecos resistir\u00e1n el uso diario sin comprometer su calidad ni estilo.<\/p>\n<p>La <strong>plantilla extra\u00edble de goma eva<\/strong> de 6 mm es la clave de su <strong>comodidad<\/strong>. Tus pies se sentir\u00e1n acolchados en cada paso que des. Adem\u00e1s, la <strong>suela de inyecci\u00f3n con caucho<\/strong> y <strong>PVC antideslizante<\/strong> proporciona flexibilidad y agarre en cualquier superficie.<\/p>\n<p>El <strong>tejido y suela<\/strong> de estas <strong>esparte\u00f1as<\/strong> estilosas est\u00e1n c<strong>osidas con hilo de alta densidad<\/strong>, olv\u00eddate de reparaciones o aberturas porque son s\u00faper <strong>resistente<\/strong>.<\/p>\n<p>\u00bfY sabes qu\u00e9? Son un <strong>producto vegano.<\/strong> No se utilizan materiales de origen animal en su fabricaci\u00f3n y adem\u00e1s, reducimos el consumo de agua.<\/p>\n<p>Si quieres que tus alpargatas Sueco te duren mucho tiempo, <strong>l\u00e1valas a mano con jab\u00f3n neutro<\/strong> y s\u00e9calas a la sombra en forma plana.<\/p>\n<p>Estas <strong>alpargatas<\/strong> suecos est\u00e1n dise\u00f1adas para la mujer que busca un calzado liviano con estilo y calidad. Son la elecci\u00f3n perfecta para lucir <strong>elegante<\/strong> y sentirte <strong>c\u00f3modo<\/strong>.<\/p>\n<p>A\u00f1ade un toque de glamour a tus pies con las <strong>alpargatas Sueco <\/strong>y un estilo distintivo. \u00a1Seguro que te gustan!<\/p>\n","protected":false},"excerpt":{"rendered":"<p><strong>Modelo SUECO TRENDY\u00a0<\/strong><\/p>\n<p><strong>L\u00ednea Trendy<\/strong><\/p>\n<ul>\n<li>Tejido de algod\u00f3n reforzado con BORDADO exclusivo (muy mono!)<\/li>\n<li>Posee un calce anat\u00f3mico diferente porque no agarra tal\u00f3n, horma amplia (Sueco de dise\u00f1o estilo rustico)<\/li>\n<li>Capellada con su entorno cosido con hilo al tono<\/li>\n<li>Plantilla extra\u00edble de goma eva 6 mm ( c\u00f3modas y confortables! )<\/li>\n<li>Suela de caucho y PVC antideslizante (Muy flexibles! )<\/li>\n<li>Cosidas con hilo alta densidad ( s\u00faper resistentes! )<\/li>\n<li>Producto vegano<\/li>\n<li>Detalles de dise\u00f1o<\/li>\n<li>Lavar a mano con jab\u00f3n neutro y secar a la sombra en forma plana (recomendaci\u00f3n)<\/li>\n<\/ul>\n<p>&nbsp;<\/p>\n","protected":false},"featured_media":3095,"comment_status":"open","ping_status":"closed","template":"","meta":{"_joinchat":{"telephone":"+34663750946"}},"product_brand":[],"product_cat":[383,394],"product_tag":[351,364,357,363,352,365,360,361,358,359,362,356,366,353,354,355],"class_list":{"0":"post-2276","1":"product","2":"type-product","3":"status-publish","4":"has-post-thumbnail","6":"product_cat-trendy","7":"product_cat-mujer","8":"product_tag-alpargata","9":"product_tag-alpargata-comoda","10":"product_tag-alpargata-diseno","11":"product_tag-alpargata-vegana","12":"product_tag-calzado","13":"product_tag-calzado-comodo","14":"product_tag-calzado-joven","15":"product_tag-calzado-ligero","16":"product_tag-calzado-liviano","17":"product_tag-calzado-moderno","18":"product_tag-calzado-vegano","19":"product_tag-calzado-verano","20":"product_tag-espadrille","21":"product_tag-hombre","22":"product_tag-mujer","23":"product_tag-unisex","24":"pa_talla-337","25":"pa_talla-338","26":"pa_talla-339","27":"pa_talla-340","28":"pa_talla-341","29":"pa_talla-342","30":"pa_talla-343","31":"pa_talla-344","32":"pa_talla-345","33":"pa_talla-346","34":"pa_talla-347","35":"pa_talla-348","37":"first","38":"instock","39":"taxable","40":"shipping-taxable","41":"purchasable","42":"product-type-variable"},"jetpack_sharing_enabled":true,"_links":{"self":[{"href":"https:\/\/nipa-store.com\/es\/wp-json\/wp\/v2\/product\/2276","targetHints":{"allow":["GET"]}}],"collection":[{"href":"https:\/\/nipa-store.com\/es\/wp-json\/wp\/v2\/product"}],"about":[{"href":"https:\/\/nipa-store.com\/es\/wp-json\/wp\/v2\/types\/product"}],"replies":[{"embeddable":true,"href":"https:\/\/nipa-store.com\/es\/wp-json\/wp\/v2\/comments?post=2276"}],"wp:featuredmedia":[{"embeddable":true,"href":"https:\/\/nipa-store.com\/es\/wp-json\/wp\/v2\/media\/3095"}],"wp:attachment":[{"href":"https:\/\/nipa-store.com\/es\/wp-json\/wp\/v2\/media?parent=2276"}],"wp:term":[{"taxonomy":"product_brand","embeddable":true,"href":"https:\/\/nipa-store.com\/es\/wp-json\/wp\/v2\/product_brand?post=2276"},{"taxonomy":"product_cat","embeddable":true,"href":"https:\/\/nipa-store.com\/es\/wp-json\/wp\/v2\/product_cat?post=2276"},{"taxonomy":"product_tag","embeddable":true,"href":"https:\/\/nipa-store.com\/es\/wp-json\/wp\/v2\/product_tag?post=2276"}],"curies":[{"name":"wp","href":"https:\/\/api.w.org\/{rel}","templated":true}]}}