{"id":903,"date":"2020-05-20T18:56:10","date_gmt":"2020-05-20T18:56:10","guid":{"rendered":"https:\/\/nipa-store.com\/es\/?post_type=product&#038;p=903"},"modified":"2026-03-10T14:45:41","modified_gmt":"2026-03-10T14:45:41","slug":"alpargata-duna","status":"publish","type":"product","link":"https:\/\/nipa-store.com\/es\/producto\/alpargatas\/clasica\/alpargata-duna\/","title":{"rendered":"Duna"},"content":{"rendered":"<p>\u00a1Descubre la <strong>elegancia<\/strong> y <strong>comodidad<\/strong> de las <strong>alpargatas Duna<\/strong>! De <strong>estilo cl\u00e1sico<\/strong> y <strong>cerrado<\/strong> son la elecci\u00f3n perfecta para <strong>hombres<\/strong> y <strong>mujeres<\/strong> que desean destacar con un calzado <strong>vers\u00e1til<\/strong> y de<strong> alta calidad<\/strong>.<\/p>\n<p>Son ideales para el <strong>verano<\/strong> y tambi\u00e9n para oto\u00f1o y primavera. \u00a1Sigue leyendo y ver\u00e1s todos sus beneficios!<\/p>\n<p>Una de las caracter\u00edsticas m\u00e1s destacadas de las <strong>alpargatas Duna<\/strong> es su <strong>tela spun<\/strong> <strong>sublimada<\/strong> con un <strong>dise\u00f1o exclusivo<\/strong> en tonos <strong>lila<\/strong>, <strong>morado<\/strong> y <strong>rosa<\/strong>. \u00a1El resultado es una combinaci\u00f3n super original que te har\u00e1 destacar donde quiera que vayas! Este dise\u00f1o \u00fanico agrega un toque de <strong>estilo<\/strong> y <strong>personalidad<\/strong> a tus pies, convirtiendo tus alpargatas en un verdadero objeto de deseo.<\/p>\n<p>La<strong> plantilla de piqu\u00e9<\/strong>\u00a0es un elemento clave. Pero&#8230;\u00bfQu\u00e9 es exactamente la <strong>plantilla de pique<\/strong> y qu\u00e9 <strong>beneficios<\/strong> ofrece? Es una <strong>plantilla acolchada<\/strong> que aporta una excelente <strong>amortiguaci\u00f3n<\/strong> y <strong>comodidad<\/strong> a tus pies. Est\u00e1 dise\u00f1ada para <strong>absorber el impacto al caminar<\/strong>, <strong>reduciendo<\/strong> as\u00ed la <strong>fatiga<\/strong> y proporcionando un <strong>soporte<\/strong> adicional. Adem\u00e1s, el pique <strong>permite una mejor circulaci\u00f3n del aire<\/strong>, manteniendo tus <strong>pies frescos<\/strong> y <strong>secos<\/strong> incluso en los d\u00edas de m\u00e1s calor.<\/p>\n<p>La<strong> suela de goma eva bicolor<\/strong>\u00a0<span style=\"font-size: 14.4px\">\u00a0<\/span><span style=\"font-size: 14.4px\">a\u00f1ade un toque de <strong>estilo<\/strong> a tus alpargatas, <strong>complementando el dise\u00f1o exclusivo de la tela spun sublimada<\/strong> y brindando un <strong>contraste visual atractivo<\/strong>. E<\/span><span style=\"font-size: 14.4px\">s un material <strong>ligero<\/strong> y <strong>flexible.<\/strong><\/span><\/p>\n<p>Para garantizar\u00a0<span style=\"font-size: 14.4px\">una mayor <strong>resistencia<\/strong> y <strong>durabilidad<\/strong> hemos colocado unas <\/span><span style=\"font-size: 14.4px\"><strong>costuras reforzadas<\/strong>. No importa si est\u00e1s paseando por la playa, explorando la ciudad o disfrutando de un picnic en el parque, las alpargatas Duna te brindar\u00e1n el <strong>soporte<\/strong> y la <strong>resistencia<\/strong> que necesitas.<\/span><\/p>\n<p>El <strong>ajuste anat\u00f3mico<\/strong> a tus pies es otro beneficio destacado de<strong> calzado de esparto<\/strong>. Este ajuste<strong> se adapta a la forma natural de tus pies,<\/strong> evitando rozaduras o molestias. \u00a1Si\u00e9ntete c\u00f3modo y libre!<\/p>\n<p>En el interior llevan un <strong>forro 100% algod\u00f3n<\/strong> para sumar m\u00e1s <strong>comodidad<\/strong> y evitar irritaciones o roces inc\u00f3modos. Adem\u00e1s, el algod\u00f3n permite una adecuada <strong>transpiraci\u00f3n<\/strong>, manteniendo tus pies frescos y libres de humedad.<\/p>\n<p>Si te preocupa el medio ambiente y deseas apoyar productos sostenibles, las <strong>alpargatas Duna<\/strong> son perfectas para ti. <strong>Son 100% veganas,<\/strong> lo que significa que no se utilizan materiales de origen animal en su fabricaci\u00f3n.<\/p>\n<p>Al elegir las alpargatas Duna, no solo estar\u00e1s luciendo un calzado de alta calidad, sino tambi\u00e9n contribuyendo a un estilo de vida m\u00e1s consciente y respetuoso con el medio ambiente.<\/p>\n<p>\u00a1Libertad y confort en cada paso con tan solo 150 gramos por par! Podr\u00e1s disfrutar de largos paseos o actividades al aire libre sin sentir la carga adicional en tus pies.<\/p>\n<p>En <strong>Nipa<\/strong> siempre recomendamos<span style=\"font-size: 14.4px\">\u00a0<\/span><span style=\"font-size: 14.4px\">l<strong>avarlas a mano con jab\u00f3n neutro<\/strong><\/span><span style=\"font-size: 14.4px\"> p<\/span><span style=\"font-size: 14.4px\">ara mantenerlas en \u00f3ptimas condiciones. Esto garantiza una<strong> limpieza suave<\/strong> y preserva la integridad de los materiales utilizados en la fabricaci\u00f3n de las alpargatas.<\/span><\/p>\n<p>Estas alpargatas se convierten en la opci\u00f3n ideal para destacar en cualquier ocasi\u00f3n. \u00a1Atr\u00e9vete a lucir tus <strong>alpargatas Duna<\/strong> y deja huella con cada paso que des!<\/p>\n","protected":false},"excerpt":{"rendered":"<p><strong>Modelo Duna<\/strong><\/p>\n<p><strong>L\u00ednea Cl\u00e1sicas<\/strong><\/p>\n<ul>\n<li>Tela spun sublimada con dise\u00f1o exclusivo (dise\u00f1ado para vos!)<\/li>\n<li>Plantilla de piqu\u00e9<\/li>\n<li>Suela de goma eva bicolor<\/li>\n<li>Costuras reforzadas (super resistente)<\/li>\n<li>Forro interior 100% algod\u00f3n (tacto mas suave)<\/li>\n<li>Producto vegano 100%<\/li>\n<li>Pesa 150 gr. aprox. el par (c\u00f3modo y liviano)<\/li>\n<li>Ajuste anat\u00f3mico a tus pies<\/li>\n<li>Lavar a mano con jab\u00f3n neutro (recomendaci\u00f3n)<\/li>\n<\/ul>\n<p>Alpargata\u00a0 de alta calidad, dise\u00f1ada y producida en Argentina, con mucho amor!<\/p>\n<p>Pesada para aquellos inconformistas que buscaban un estilo diferente, casual, simple y divertido a la hora de escoger outfit.<\/p>\n","protected":false},"featured_media":917,"comment_status":"open","ping_status":"closed","template":"","meta":{"_joinchat":[]},"product_brand":[],"product_cat":[381,394],"product_tag":[351,364,357,363,352,365,360,361,358,359,362,356,353,354,355],"class_list":{"0":"post-903","1":"product","2":"type-product","3":"status-publish","4":"has-post-thumbnail","6":"product_cat-clasica","7":"product_cat-mujer","8":"product_tag-alpargata","9":"product_tag-alpargata-comoda","10":"product_tag-alpargata-diseno","11":"product_tag-alpargata-vegana","12":"product_tag-calzado","13":"product_tag-calzado-comodo","14":"product_tag-calzado-joven","15":"product_tag-calzado-ligero","16":"product_tag-calzado-liviano","17":"product_tag-calzado-moderno","18":"product_tag-calzado-vegano","19":"product_tag-calzado-verano","20":"product_tag-hombre","21":"product_tag-mujer","22":"product_tag-unisex","23":"pa_talla-337","24":"pa_talla-338","25":"pa_talla-339","26":"pa_talla-340","27":"pa_talla-341","28":"pa_talla-342","29":"pa_talla-343","30":"pa_talla-344","31":"pa_talla-345","32":"pa_talla-346","33":"pa_talla-347","34":"pa_talla-348","36":"first","37":"outofstock","38":"taxable","39":"shipping-taxable","40":"purchasable","41":"product-type-variable"},"jetpack_sharing_enabled":true,"_links":{"self":[{"href":"https:\/\/nipa-store.com\/es\/wp-json\/wp\/v2\/product\/903","targetHints":{"allow":["GET"]}}],"collection":[{"href":"https:\/\/nipa-store.com\/es\/wp-json\/wp\/v2\/product"}],"about":[{"href":"https:\/\/nipa-store.com\/es\/wp-json\/wp\/v2\/types\/product"}],"replies":[{"embeddable":true,"href":"https:\/\/nipa-store.com\/es\/wp-json\/wp\/v2\/comments?post=903"}],"wp:featuredmedia":[{"embeddable":true,"href":"https:\/\/nipa-store.com\/es\/wp-json\/wp\/v2\/media\/917"}],"wp:attachment":[{"href":"https:\/\/nipa-store.com\/es\/wp-json\/wp\/v2\/media?parent=903"}],"wp:term":[{"taxonomy":"product_brand","embeddable":true,"href":"https:\/\/nipa-store.com\/es\/wp-json\/wp\/v2\/product_brand?post=903"},{"taxonomy":"product_cat","embeddable":true,"href":"https:\/\/nipa-store.com\/es\/wp-json\/wp\/v2\/product_cat?post=903"},{"taxonomy":"product_tag","embeddable":true,"href":"https:\/\/nipa-store.com\/es\/wp-json\/wp\/v2\/product_tag?post=903"}],"curies":[{"name":"wp","href":"https:\/\/api.w.org\/{rel}","templated":true}]}}