{"id":933,"date":"2020-05-20T19:05:56","date_gmt":"2020-05-20T19:05:56","guid":{"rendered":"https:\/\/nipa-store.com\/es\/?post_type=product&#038;p=933"},"modified":"2026-03-26T13:15:05","modified_gmt":"2026-03-26T13:15:05","slug":"alpargata-incaico","status":"publish","type":"product","link":"https:\/\/nipa-store.com\/es\/producto\/alpargatas\/clasica\/alpargata-incaico\/","title":{"rendered":"Incaico"},"content":{"rendered":"<p>\u00bfEst\u00e1s listo para caminar con <strong>estilo<\/strong> y <strong>comodidad<\/strong>?\u00a0<span style=\"font-size: 14.4px\">\u00a1Descubre las incre\u00edbles <strong>alpargatas Incaico<\/strong>, el <strong>calzado de esparto<\/strong> perfecto para el <strong>verano<\/strong> y el<strong> entre tiempo<\/strong>!<\/span><span style=\"font-size: 14.4px\">\u00a0<\/span><\/p>\n<p><span style=\"font-size: 14.4px\">Las <strong>esparte\u00f1as Incaico<\/strong> son la elecci\u00f3n ideal para <strong>hombres<\/strong> y <strong>mujeres<\/strong> que buscan un<strong> calzado vers\u00e1til<\/strong> y de<strong> l\u00ednea cl\u00e1sica<\/strong>. <\/span><\/p>\n<p><span style=\"font-size: 14.4px\">Aqu\u00ed tienes todas las caracter\u00edsticas que hacen de estas zapatillas de esparto un <em>must<\/em> en tu armario.\u00a0<\/span><\/p>\n<p>Dise\u00f1ado\u00a0<span style=\"font-size: 14.4px\">con estilo y originalidad <\/span><span style=\"font-size: 14.4px\">especialmente para t\u00ed, su <\/span><strong style=\"font-size: 14.4px\">tejido de algod\u00f3n serigrafiado<\/strong><span style=\"font-size: 14.4px\">\u00a0es un verdadero deleite visual. Con <\/span><strong style=\"font-size: 14.4px\">detalles<\/strong><span style=\"font-size: 14.4px\"> tipo <\/span><strong style=\"font-size: 14.4px\">p\u00edxel<\/strong><span style=\"font-size: 14.4px\"> en <\/span><strong style=\"font-size: 14.4px\">diferentes colores<\/strong><span style=\"font-size: 14.4px\"> sobre un fondo <\/span><strong style=\"font-size: 14.4px\">negro<\/strong><span style=\"font-size: 14.4px\">, estas alpargatas te har\u00e1n destacar a dondequiera que vayas. No solo es atractivo, sino que tambi\u00e9n proporciona <strong>transpirabilidad<\/strong> y <strong>frescura<\/strong> a tus pies, manteni\u00e9ndolos c\u00f3modos incluso en los d\u00edas m\u00e1s c\u00e1lidos.<\/span><\/p>\n<p>Con la <strong>plantilla de piqu\u00e9<\/strong>\u00a0caminar\u00e1s con mayor <strong>amortiguaci\u00f3n<\/strong> ya que es un <strong>tejido de algod\u00f3n<\/strong> con una <strong>textura acolchada<\/strong> y te proporciona, adem\u00e1s, una sensaci\u00f3n de <strong>suavidad<\/strong> y <strong>confort<\/strong> bajo tus pies.<\/p>\n<p>No tendr\u00e1s excusa de que no se adaptan a tus pies porque hemos a\u00f1adido un <strong>ajuste anat\u00f3mico<\/strong>, para que se adapten a cualquier tipo, forma o tama\u00f1o de pie.<\/p>\n<p>La<strong> suela de goma eva bicolor<\/strong> es otro aspecto sobresaliente de las alpargatas Incaico. Un material <strong>ligero<\/strong>, <strong>flexible<\/strong> y <strong>duradero<\/strong> que a\u00f1ade <strong>amortiguaci\u00f3n<\/strong> y <strong>tracci\u00f3n<\/strong> en diferentes superficies. Le aporta tambi\u00e9n un toque de <strong>estilo \u00fanico<\/strong>, <strong>estabilidad<\/strong> y <strong>resistencia<\/strong> al desgaste, permiti\u00e9ndote caminar, y caminar, y caminar&#8230;. por donde quiera que vayas.<\/p>\n<p>Para favorecer la <strong>ergonom\u00eda<\/strong> de tus pies y que se adapten perfectamente al tuyo, hemos a\u00f1adido un <strong>ajuste anat\u00f3mico<\/strong>. Esto significa que el calzado se adapta a los pies, brindando una <strong>sensaci\u00f3n personalizada<\/strong> y un <strong>ajuste perfecto<\/strong>. Ya sea que tengas pies estrechos o anchos.<\/p>\n<p>Las <strong>costuras reforzadas<\/strong> garantizan la <strong>durabilidad<\/strong> y <strong>resistencia<\/strong> del <strong>calzado de esparto<\/strong>, permiti\u00e9ndote disfrutar de tus alpargatas durante mucho tiempo. Ya sea que est\u00e9s caminando por la ciudad o explorando El Amazonas o en casa, est\u00e1n dise\u00f1adas para resistir cualquier desaf\u00edo<\/p>\n<p>El <strong>forro interior 100% algod\u00f3n<\/strong> m\u00e1s <strong>suavidad<\/strong> y <strong>comodidad<\/strong>. Una sensaci\u00f3n agradable al contacto con tu piel olvid\u00e1ndote de las t\u00edpicas rozaduras. Tambi\u00e9n ayuda a <strong>absorber la humedad<\/strong>, manteniendo tus <strong>pies frescos<\/strong> y <strong>secos<\/strong> durante todo el d\u00eda.<\/p>\n<p>\u00a1Y todav\u00eda hay m\u00e1s! Es un <strong>calzado de esparto vegano 100%<\/strong>, lo que significa que se fabrican sin utilizar ning\u00fan material de origen animal. Si eres defensor de los animales y el medio ambiente, estas alpargatas ir\u00e1n acorde a tu filosof\u00eda de vida.<\/p>\n<p>\u00a1<strong>150 g de peso<\/strong> es s\u00faper ligero! Te permitir\u00e1 moverte con facilidad y disfrutar de una sensaci\u00f3n de libertad en cada paso que des.<\/p>\n<p>Finalmente, para <strong>mantener<\/strong> tus alpargatas Incaico en las <strong>mejores condiciones<\/strong>, desde <strong>Nipa<\/strong> recomendamos <strong>lavarlas a mano con jab\u00f3n neutro<\/strong>. Siguiendo estas instrucciones simples, podr\u00e1s conservar la <strong>calidad<\/strong>, <strong>color<\/strong> y <strong>forma<\/strong> de tus alpargatas durante m\u00e1s tiempo.<\/p>\n<p>\u00a1No esperes m\u00e1s y consigue tus <strong>alpargatas Incaico<\/strong> hoy mismo para caminar con estilo y confort en cualquier ocasi\u00f3n!<\/p>\n","protected":false},"excerpt":{"rendered":"<p><strong>Modelo Incaico<\/strong><\/p>\n<p><strong>L\u00ednea Cl\u00e1sicas<\/strong><\/p>\n<ul>\n<li>Tejido plano algod\u00f3n serigrafiado<\/li>\n<li>Plantilla de piqu\u00e9<\/li>\n<li>Suela de goma eva bicolor<\/li>\n<li>Costuras reforzadas (super resistente)<\/li>\n<li>Forro interior 100% algod\u00f3n (tacto mas suave)<\/li>\n<li>Producto vegano 100%<\/li>\n<li>Pesa 150 gr. aprox. el par (c\u00f3modo y liviano)<\/li>\n<li>Ajuste anat\u00f3mico a tus pies<\/li>\n<li>Lavar a mano con jab\u00f3n neutro (recomendaci\u00f3n)<\/li>\n<\/ul>\n<p>Alpargata\u00a0 de alta calidad, dise\u00f1ada y producida en Argentina, con mucho amor!<\/p>\n<p>Pesada para aquellos inconformistas que buscaban un estilo diferente, casual, simple y divertido a la hora de escoger outfit.<\/p>\n","protected":false},"featured_media":947,"comment_status":"open","ping_status":"closed","template":"","meta":{"_joinchat":[]},"product_brand":[],"product_cat":[381,393,394],"product_tag":[351,364,357,363,352,365,360,361,358,359,362,356,366,353,354,355],"class_list":{"0":"post-933","1":"product","2":"type-product","3":"status-publish","4":"has-post-thumbnail","6":"product_cat-clasica","7":"product_cat-hombre","8":"product_cat-mujer","9":"product_tag-alpargata","10":"product_tag-alpargata-comoda","11":"product_tag-alpargata-diseno","12":"product_tag-alpargata-vegana","13":"product_tag-calzado","14":"product_tag-calzado-comodo","15":"product_tag-calzado-joven","16":"product_tag-calzado-ligero","17":"product_tag-calzado-liviano","18":"product_tag-calzado-moderno","19":"product_tag-calzado-vegano","20":"product_tag-calzado-verano","21":"product_tag-espadrille","22":"product_tag-hombre","23":"product_tag-mujer","24":"product_tag-unisex","25":"pa_talla-337","26":"pa_talla-338","27":"pa_talla-339","28":"pa_talla-340","29":"pa_talla-341","30":"pa_talla-342","31":"pa_talla-343","32":"pa_talla-344","33":"pa_talla-345","34":"pa_talla-346","35":"pa_talla-347","36":"pa_talla-348","38":"first","39":"outofstock","40":"taxable","41":"shipping-taxable","42":"purchasable","43":"product-type-variable"},"jetpack_sharing_enabled":true,"_links":{"self":[{"href":"https:\/\/nipa-store.com\/es\/wp-json\/wp\/v2\/product\/933","targetHints":{"allow":["GET"]}}],"collection":[{"href":"https:\/\/nipa-store.com\/es\/wp-json\/wp\/v2\/product"}],"about":[{"href":"https:\/\/nipa-store.com\/es\/wp-json\/wp\/v2\/types\/product"}],"replies":[{"embeddable":true,"href":"https:\/\/nipa-store.com\/es\/wp-json\/wp\/v2\/comments?post=933"}],"wp:featuredmedia":[{"embeddable":true,"href":"https:\/\/nipa-store.com\/es\/wp-json\/wp\/v2\/media\/947"}],"wp:attachment":[{"href":"https:\/\/nipa-store.com\/es\/wp-json\/wp\/v2\/media?parent=933"}],"wp:term":[{"taxonomy":"product_brand","embeddable":true,"href":"https:\/\/nipa-store.com\/es\/wp-json\/wp\/v2\/product_brand?post=933"},{"taxonomy":"product_cat","embeddable":true,"href":"https:\/\/nipa-store.com\/es\/wp-json\/wp\/v2\/product_cat?post=933"},{"taxonomy":"product_tag","embeddable":true,"href":"https:\/\/nipa-store.com\/es\/wp-json\/wp\/v2\/product_tag?post=933"}],"curies":[{"name":"wp","href":"https:\/\/api.w.org\/{rel}","templated":true}]}}