{"id":963,"date":"2021-05-20T19:14:04","date_gmt":"2021-05-20T19:14:04","guid":{"rendered":"https:\/\/nipa-store.com\/es\/?post_type=product&#038;p=963"},"modified":"2026-03-10T16:08:01","modified_gmt":"2026-03-10T16:08:01","slug":"alpargata-medano","status":"publish","type":"product","link":"https:\/\/nipa-store.com\/es\/producto\/alpargatas\/clasica\/alpargata-medano\/","title":{"rendered":"Medano"},"content":{"rendered":"<p>En esta ocasi\u00f3n te presentamos las <strong>alpargatas Medano<\/strong>, de <strong>tipo cerrado<\/strong> de <strong>l\u00ednea cl\u00e1sica.\u00a0<\/strong><\/p>\n<p>Llevan <strong>tejido plano de spun sublimado<\/strong> con tonalidades de <strong>color azul o celeste<\/strong>, uno de los puntos destacados de estas alpargatas. Este tejido ha sido especialmente dise\u00f1ado para ofrecerte un aspecto <strong>\u00fanico<\/strong> y <strong>moderno<\/strong>. Los dise\u00f1os sublimados a\u00f1aden un toque de originalidad a tus pies, permiti\u00e9ndote expresar tu estilo personal con cada paso que das.<\/p>\n<p>Con <strong>plantilla de piqu\u00e9, <\/strong>su construcci\u00f3n garantiza una sensaci\u00f3n de <strong>comodidad<\/strong> en cada pisada. Ya sea que est\u00e9s caminando por la playa, paseando por la ciudad o disfrutando de tus vacaciones, tus pies estar\u00e1n agradecidos por el <strong>acolchado suave<\/strong> y c\u00f3modo de estas esparte\u00f1as.<\/p>\n<p>La <strong>suela de goma eva bicolor<\/strong> te ofrece una buena <strong>tracci\u00f3n<\/strong> y<strong> resistencia al desgaste<\/strong>, para caminar sobre diferentes superficies. Adem\u00e1s, el contraste de colores en la suela a\u00f1ade un toque de estilo \u00fanico a este calzado.<\/p>\n<p>Las <strong>costuras reforzadas<\/strong> garantizan la <strong>durabilidad<\/strong> y <strong>resistencia<\/strong> de estas alpargatas. Puedes confiar en que te acompa\u00f1ar\u00e1n durante mucho tiempo, resistiendo el uso diario y manteniendo su forma y calidad original.<\/p>\n<p>El <strong>forro interior 100% algod\u00f3n<\/strong> ofrece un tacto <strong>suave<\/strong> y <strong>agradable<\/strong> en cada paso. Tus pies disfrutar\u00e1n de la comodidad y transpirabilidad que este forro proporciona.<\/p>\n<p>Adem\u00e1s de su dise\u00f1o y calidad, son un <strong>producto vegano 100%.<\/strong> No se utiliza <strong>ning\u00fan material de origen animal<\/strong> en su producci\u00f3n, lo que las convierte en una opci\u00f3n respetuosa con los animales y el medio ambiente.<\/p>\n<p>Con un peso de unos <strong>150 gramos por par<\/strong>, este calzado de esparto es s\u00faper ligero. No sentir\u00e1s que las llevas en tus pies.<\/p>\n<p>El <strong>ajuste anat\u00f3mico<\/strong> asegura que tus pies se <strong>adapten<\/strong> perfectamente a tus <strong>pies<\/strong>. Sentir\u00e1s que estas alpargatas fueron hechas especialmente para ti.<\/p>\n<p>Para mantener tus alpargatas para llevarlas mucho tiempo, te recomendamos <strong>lavarlas a mano con jab\u00f3n neutro, c<\/strong>onservando su aspecto y calidad original como el primer d\u00eda.<\/p>\n<p>Este <strong>calzado de esparto<\/strong> es <strong>unisex. <\/strong>No importa tu g\u00e9nero, <strong>hombre<\/strong> o <strong>mujer<\/strong>, estas alpargatas se adaptar\u00e1n perfectamente a tu estilo personal.<\/p>\n<p>Adem\u00e1s de ser ideales para el verano, estas alpargatas son adecuadas para temperaturas menos c\u00e1lidas. Puedes llevarlas durante todo el a\u00f1o, combin\u00e1ndolas con diferentes outfits para crear tu propio estilo \u00fanico en cualquier temporada.<\/p>\n<p>Una opci\u00f3n muy vers\u00e1til y atractiva. No esperes m\u00e1s y a\u00f1ade un toque de frescura y estilo a tu guardarropa con las alpargatas Medano. \u00a1Te encantar\u00e1n desde el primer paso!<\/p>\n","protected":false},"excerpt":{"rendered":"<p><strong>Modelo Medano<\/strong><\/p>\n<p><strong>L\u00ednea Cl\u00e1sicas<\/strong><\/p>\n<ul>\n<li>Tejido\u00a0 plano de spun sublimado (dise\u00f1ado para vos!)<\/li>\n<li>Plantilla de piqu\u00e9<\/li>\n<li>Suela de goma eva bicolor<\/li>\n<li>Costuras reforzadas (super resistente)<\/li>\n<li>Forro interior 100% algod\u00f3n (tacto mas suave)<\/li>\n<li>Producto vegano 100%<\/li>\n<li>Pesa 150 gr. aprox. el par (c\u00f3modo y liviano)<\/li>\n<li>Ajuste anat\u00f3mico a tus pies<\/li>\n<li>Lavar a mano con jab\u00f3n neutro (recomendaci\u00f3n)<\/li>\n<\/ul>\n<p>Alpargata\u00a0 de alta calidad, dise\u00f1ada y producida en Argentina, con mucho amor!<\/p>\n<p>Pesada para aquellos inconformistas que buscaban un estilo diferente, casual, simple y divertido a la hora de escoger outfit.<\/p>\n","protected":false},"featured_media":977,"comment_status":"open","ping_status":"closed","template":"","meta":{"_joinchat":[]},"product_brand":[],"product_cat":[381,393,394],"product_tag":[351,364,357,363,352,365,360,361,358,359,362,356,366,353,354,355],"class_list":{"0":"post-963","1":"product","2":"type-product","3":"status-publish","4":"has-post-thumbnail","6":"product_cat-clasica","7":"product_cat-hombre","8":"product_cat-mujer","9":"product_tag-alpargata","10":"product_tag-alpargata-comoda","11":"product_tag-alpargata-diseno","12":"product_tag-alpargata-vegana","13":"product_tag-calzado","14":"product_tag-calzado-comodo","15":"product_tag-calzado-joven","16":"product_tag-calzado-ligero","17":"product_tag-calzado-liviano","18":"product_tag-calzado-moderno","19":"product_tag-calzado-vegano","20":"product_tag-calzado-verano","21":"product_tag-espadrille","22":"product_tag-hombre","23":"product_tag-mujer","24":"product_tag-unisex","25":"pa_talla-337","26":"pa_talla-338","27":"pa_talla-339","28":"pa_talla-340","29":"pa_talla-341","30":"pa_talla-342","31":"pa_talla-343","32":"pa_talla-344","33":"pa_talla-345","34":"pa_talla-346","35":"pa_talla-347","36":"pa_talla-348","38":"first","39":"instock","40":"taxable","41":"shipping-taxable","42":"purchasable","43":"product-type-variable"},"jetpack_sharing_enabled":true,"_links":{"self":[{"href":"https:\/\/nipa-store.com\/es\/wp-json\/wp\/v2\/product\/963","targetHints":{"allow":["GET"]}}],"collection":[{"href":"https:\/\/nipa-store.com\/es\/wp-json\/wp\/v2\/product"}],"about":[{"href":"https:\/\/nipa-store.com\/es\/wp-json\/wp\/v2\/types\/product"}],"replies":[{"embeddable":true,"href":"https:\/\/nipa-store.com\/es\/wp-json\/wp\/v2\/comments?post=963"}],"wp:featuredmedia":[{"embeddable":true,"href":"https:\/\/nipa-store.com\/es\/wp-json\/wp\/v2\/media\/977"}],"wp:attachment":[{"href":"https:\/\/nipa-store.com\/es\/wp-json\/wp\/v2\/media?parent=963"}],"wp:term":[{"taxonomy":"product_brand","embeddable":true,"href":"https:\/\/nipa-store.com\/es\/wp-json\/wp\/v2\/product_brand?post=963"},{"taxonomy":"product_cat","embeddable":true,"href":"https:\/\/nipa-store.com\/es\/wp-json\/wp\/v2\/product_cat?post=963"},{"taxonomy":"product_tag","embeddable":true,"href":"https:\/\/nipa-store.com\/es\/wp-json\/wp\/v2\/product_tag?post=963"}],"curies":[{"name":"wp","href":"https:\/\/api.w.org\/{rel}","templated":true}]}}