{"id":84,"date":"2013-08-11T20:13:42","date_gmt":"2013-08-11T20:13:42","guid":{"rendered":"http:\/\/localhost:8888\/test\/?page_id=545"},"modified":"2021-06-15T14:14:25","modified_gmt":"2021-06-15T14:14:25","slug":"faq","status":"publish","type":"page","link":"https:\/\/nipa-store.com\/uy\/faq\/","title":{"rendered":"FAQ"},"content":{"rendered":"<div class=\"row\"  id=\"row-273908248\">\n\n\t<div id=\"col-1804867464\" class=\"col large-12\"  >\n\t\t\t\t<div class=\"col-inner\"  >\n\t\t\t\n\t\t\t\n\t<div id=\"gap-1763353798\" class=\"gap-element clearfix\" style=\"display:block; height:auto;\">\n\t\t\n<style>\n#gap-1763353798 {\n  padding-top: 60px;\n}\n<\/style>\n\t<\/div>\n\t\n<div class=\"container section-title-container\" ><h3 class=\"section-title section-title-normal\"><b><\/b><span class=\"section-title-main\" >Preguntas Frecuentes<\/span><b><\/b><\/h3><\/div>\n\t<div id=\"gap-1314912770\" class=\"gap-element clearfix\" style=\"display:block; height:auto;\">\n\t\t\n<style>\n#gap-1314912770 {\n  padding-top: 30px;\n}\n<\/style>\n\t<\/div>\n\t\n<p><strong>SOBRE EL PAGO Y EL ENV\u00cdO<\/strong><\/p>\n<div class=\"accordion\">\n<div id=\"accordion-720501450\" class=\"accordion-item\"><a id=\"accordion-720501450-label\" href=\"#\" class=\"accordion-title plain\" aria-expanded=\"false\" aria-controls=\"accordion-720501450-content\"><button class=\"toggle\" aria-label=\"Toggle\"><i class=\"icon-angle-down\"><\/i><\/button><span>\u00bfQu\u00e9 formas de pago puedo aprovechar para realizar mi compra?<\/span><\/a><div id=\"accordion-720501450-content\" class=\"accordion-inner\" aria-labelledby=\"accordion-720501450-label\">\n<p>Disponemos de los siguientes medios de pago:<\/p>\n\t<div class=\"img has-hover x md-x lg-x y md-y lg-y\" id=\"image_1592255908\">\n\t\t\t\t\t\t\t\t<div class=\"img-inner dark\" >\n\t\t\t<img decoding=\"async\" width=\"524\" height=\"213\" src=\"https:\/\/nipa-store.com\/uy\/wp-content\/uploads\/sites\/5\/2020\/05\/PayPal-Services.png\" class=\"attachment-large size-large\" alt=\"Alpargatas - -\" title=\"Alpargata -\">\t\t\t\t\t\t\n\t\t\t\t\t<\/div>\n\t\t\t\t\t\t\t\t\n<style>\n#image_1592255908 {\n  width: 27%;\n}\n<\/style>\n\t<\/div>\n\t\n<\/div><\/div>\n<div id=\"accordion-4252859674\" class=\"accordion-item\"><a id=\"accordion-4252859674-label\" href=\"#\" class=\"accordion-title plain\" aria-expanded=\"false\" aria-controls=\"accordion-4252859674-content\"><button class=\"toggle\" aria-label=\"Toggle\"><i class=\"icon-angle-down\"><\/i><\/button><span>\u00bfCu\u00e1l es el costo de env\u00edo?<\/span><\/a><div id=\"accordion-4252859674-content\" class=\"accordion-inner\" aria-labelledby=\"accordion-4252859674-label\">\n<p>El costo de env\u00edo ser\u00e1 mostrado en base al total de la compra y ubicaci\u00f3n, en el checkout, en el momento previo a la compra.<\/p>\n<\/div><\/div>\n<div id=\"accordion-3032853814\" class=\"accordion-item\"><a id=\"accordion-3032853814-label\" href=\"#\" class=\"accordion-title plain\" aria-expanded=\"false\" aria-controls=\"accordion-3032853814-content\"><button class=\"toggle\" aria-label=\"Toggle\"><i class=\"icon-angle-down\"><\/i><\/button><span>\u00bfD\u00f3nde puedo recibir mi pedido?<\/span><\/a><div id=\"accordion-3032853814-content\" class=\"accordion-inner\" aria-labelledby=\"accordion-3032853814-label\">\n<p>\u00a1Enviamos a todo Uruguay!<\/p>\n<\/div><\/div>\n<div id=\"accordion-3696631083\" class=\"accordion-item\"><a id=\"accordion-3696631083-label\" href=\"#\" class=\"accordion-title plain\" aria-expanded=\"false\" aria-controls=\"accordion-3696631083-content\"><button class=\"toggle\" aria-label=\"Toggle\"><i class=\"icon-angle-down\"><\/i><\/button><span>\u00bfCu\u00e1nto tarda en llegar el pedido?<\/span><\/a><div id=\"accordion-3696631083-content\" class=\"accordion-inner\" aria-labelledby=\"accordion-3696631083-label\">\n<p>El tiempo de entrega es de 24-48hs h\u00e1biles luego de acreditado el pago.<\/p>\n<\/div><\/div>\n<div id=\"accordion-75978329\" class=\"accordion-item\"><a id=\"accordion-75978329-label\" href=\"#\" class=\"accordion-title plain\" aria-expanded=\"false\" aria-controls=\"accordion-75978329-content\"><button class=\"toggle\" aria-label=\"Toggle\"><i class=\"icon-angle-down\"><\/i><\/button><span>\u00bfCu\u00e1l es el plazo para realizar un cambio?<\/span><\/a><div id=\"accordion-75978329-content\" class=\"accordion-inner\" aria-labelledby=\"accordion-75978329-label\">\n<p>Puedes solicitar un cambio hasta 15 d\u00edas luego de realizada la compra.<\/p>\n<\/div><\/div>\n<div id=\"accordion-467565701\" class=\"accordion-item\"><a id=\"accordion-467565701-label\" href=\"#\" class=\"accordion-title plain\" aria-expanded=\"false\" aria-controls=\"accordion-467565701-content\"><button class=\"toggle\" aria-label=\"Toggle\"><i class=\"icon-angle-down\"><\/i><\/button><span>\u00bfQu\u00e9 debo hacer si el producto no llega en buen estado?<\/span><\/a><div id=\"accordion-467565701-content\" class=\"accordion-inner\" aria-labelledby=\"accordion-467565701-label\">\n<p>Ponerse en contacto con nosotros por e-mail a nipauruguay@outlook.com explic\u00e1ndonos lo ocurrido,<\/p>\n<\/div><\/div>\n<div id=\"accordion-2892858175\" class=\"accordion-item\"><a id=\"accordion-2892858175-label\" href=\"#\" class=\"accordion-title plain\" aria-expanded=\"false\" aria-controls=\"accordion-2892858175-content\"><button class=\"toggle\" aria-label=\"Toggle\"><i class=\"icon-angle-down\"><\/i><\/button><span>\u00bfPuedo retirar en persona?<\/span><\/a><div id=\"accordion-2892858175-content\" class=\"accordion-inner\" aria-labelledby=\"accordion-2892858175-label\">\n<p>Las compras con retiro en persona se deben coordinar previamente.<\/p>\n<\/div><\/div>\n<div id=\"accordion-636752197\" class=\"accordion-item\"><a id=\"accordion-636752197-label\" href=\"#\" class=\"accordion-title plain\" aria-expanded=\"false\" aria-controls=\"accordion-636752197-content\"><button class=\"toggle\" aria-label=\"Toggle\"><i class=\"icon-angle-down\"><\/i><\/button><span>\u00bfPuede otra persona retirar en mi nombre?<\/span><\/a><div id=\"accordion-636752197-content\" class=\"accordion-inner\" aria-labelledby=\"accordion-636752197-label\">\n<p>Si. Deber\u00e1 llevar una autorizaci\u00f3n firmada por el comprador y su copia de CI.<\/p>\n<\/div><\/div>\n<\/div>\n\t\t<\/div>\n\t\t\t\t\t<\/div>\n\n\t\n\n\t<div id=\"col-777870303\" class=\"col large-12\"  >\n\t\t\t\t<div class=\"col-inner\"  >\n\t\t\t\n\t\t\t\n\t<div id=\"gap-1716193916\" class=\"gap-element clearfix\" style=\"display:block; height:auto;\">\n\t\t\n<style>\n#gap-1716193916 {\n  padding-top: 30px;\n}\n<\/style>\n\t<\/div>\n\t\n<p><strong>SOBRE EL PRODUCTO<\/strong><\/p>\n<div class=\"accordion\">\n<div id=\"accordion-379714327\" class=\"accordion-item\"><a id=\"accordion-379714327-label\" href=\"#\" class=\"accordion-title plain\" aria-expanded=\"false\" aria-controls=\"accordion-379714327-content\"><button class=\"toggle\" aria-label=\"Toggle\"><i class=\"icon-angle-down\"><\/i><\/button><span>\u00bfC\u00f3mo es el calce?<\/span><\/a><div id=\"accordion-379714327-content\" class=\"accordion-inner\" aria-labelledby=\"accordion-379714327-label\">\n<p>Nuestras telas permiten que las Nipa se amolden \/ adapten a diferentes tipos de pies en un lapso m\u00e1ximo de dos horas. Es un producto muy vers\u00e1til y anat\u00f3mico. Al momento de coloc\u00e1rtelo debes sentir el calce justo en puntera y en tal\u00f3n.<\/p>\n<p>Siempre escoger la misma talla que tu calzado habitual.<\/p>\n<\/div><\/div>\n<div id=\"accordion-459401070\" class=\"accordion-item\"><a id=\"accordion-459401070-label\" href=\"#\" class=\"accordion-title plain\" aria-expanded=\"false\" aria-controls=\"accordion-459401070-content\"><button class=\"toggle\" aria-label=\"Toggle\"><i class=\"icon-angle-down\"><\/i><\/button><span>\u00bfPuedo cambiar talla o modelo?<\/span><\/a><div id=\"accordion-459401070-content\" class=\"accordion-inner\" aria-labelledby=\"accordion-459401070-label\">\n<p>Para gestionar un cambio de cualquier tipo, env\u00edanos mensaje por e-mail a nipauruguay@outlook.com<\/p>\n<\/div><\/div>\n<div id=\"accordion-2730792270\" class=\"accordion-item\"><a id=\"accordion-2730792270-label\" href=\"#\" class=\"accordion-title plain\" aria-expanded=\"false\" aria-controls=\"accordion-2730792270-content\"><button class=\"toggle\" aria-label=\"Toggle\"><i class=\"icon-angle-down\"><\/i><\/button><span>\u00bfC\u00f3mo lavo mis Nipa?<\/span><\/a><div id=\"accordion-2730792270-content\" class=\"accordion-inner\" aria-labelledby=\"accordion-2730792270-label\">\n<p>Tus Nipa deben lavarse a mano, con jab\u00f3n neutro y agua fr\u00eda. Dejarlas secar a la sombra de manera horizontal con la suela mirando el piso. De esta manera se conservar\u00e1n\u00a0colores, texturas\u00a0y tramas. Recuerda que es un calzado\u00a0delicado =)<\/p>\n<\/div><\/div>\n<\/div>\n\t\t<\/div>\n\t\t\t\t\t<\/div>\n\n\t\n\n\t<div id=\"col-1059845612\" class=\"col large-12\"  >\n\t\t\t\t<div class=\"col-inner\"  >\n\t\t\t\n\t\t\t\n\t<div id=\"gap-1261704203\" class=\"gap-element clearfix\" style=\"display:block; height:auto;\">\n\t\t\n<style>\n#gap-1261704203 {\n  padding-top: 30px;\n}\n<\/style>\n\t<\/div>\n\t\n<p><strong>SOBRE VENTAS MAYORISTAS Y FRANQUICIAS<\/strong><\/p>\n<p>Para gestiones de este tipo env\u00edanos mensaje por\u00a0e-mail\u00a0a\u00a0<a href=\"mailto:patricio.varela@total-look.com.ar\"><strong>patricio.varela@total-look.com.ar<\/strong><\/a>.<\/p>\n\t<div id=\"gap-882014783\" class=\"gap-element clearfix\" style=\"display:block; height:auto;\">\n\t\t\n<style>\n#gap-882014783 {\n  padding-top: 30px;\n}\n<\/style>\n\t<\/div>\n\t\n\t\t<\/div>\n\t\t\t\t\t<\/div>\n\n\t\n\n<style>\n#row-273908248 > .col > .col-inner {\n  padding: 0px 0px 0px 0px;\n}\n<\/style>\n<\/div>\n","protected":false},"excerpt":{"rendered":"","protected":false},"author":1,"featured_media":0,"parent":0,"menu_order":0,"comment_status":"closed","ping_status":"closed","template":"","meta":{"_joinchat":[],"footnotes":""},"class_list":["post-84","page","type-page","status-publish","hentry"],"_links":{"self":[{"href":"https:\/\/nipa-store.com\/uy\/wp-json\/wp\/v2\/pages\/84","targetHints":{"allow":["GET"]}}],"collection":[{"href":"https:\/\/nipa-store.com\/uy\/wp-json\/wp\/v2\/pages"}],"about":[{"href":"https:\/\/nipa-store.com\/uy\/wp-json\/wp\/v2\/types\/page"}],"author":[{"embeddable":true,"href":"https:\/\/nipa-store.com\/uy\/wp-json\/wp\/v2\/users\/1"}],"replies":[{"embeddable":true,"href":"https:\/\/nipa-store.com\/uy\/wp-json\/wp\/v2\/comments?post=84"}],"version-history":[{"count":12,"href":"https:\/\/nipa-store.com\/uy\/wp-json\/wp\/v2\/pages\/84\/revisions"}],"predecessor-version":[{"id":2076,"href":"https:\/\/nipa-store.com\/uy\/wp-json\/wp\/v2\/pages\/84\/revisions\/2076"}],"wp:attachment":[{"href":"https:\/\/nipa-store.com\/uy\/wp-json\/wp\/v2\/media?parent=84"}],"curies":[{"name":"wp","href":"https:\/\/api.w.org\/{rel}","templated":true}]}}